{"id":101,"date":"2011-02-17T13:14:27","date_gmt":"2011-02-17T13:14:27","guid":{"rendered":"http:\/\/www.jeunes-urbanistes.fr\/?page_id=101"},"modified":"2016-07-02T12:56:22","modified_gmt":"2016-07-02T10:56:22","slug":"liste-complete","status":"publish","type":"page","link":"http:\/\/www.jeunes-urbanistes.fr\/?page_id=101","title":{"rendered":"Les signataires de la lettre ouverte du CNJU"},"content":{"rendered":"<p style=\"text-align: left;\"><strong><span style=\"font-family: Arial,Helvetica,sans-serif; font-size: medium;\">La lettre ouverte du CNJU en faveur de l&rsquo;acc\u00e8s des urbanistes dipl\u00f4m\u00e9s au concours d&rsquo;ing\u00e9nieur territorial a enregistr\u00e9e 5 996 signatures \u00e9lectroniques entre\u00a0le 26 septembre 2009 et octobre 2013.<\/span><\/strong><\/p>\n<p style=\"text-align: left;\"><span style=\"font-family: Arial,Helvetica,sans-serif; font-size: medium;\"><strong><a href=\"http:\/\/www.jeunes-urbanistes.fr\/petition\/index.php?petition=2&amp;pour_voir=oui\" target=\"_blank\">Consulter la liste compl\u00e8te des signataires<\/a>\u00a0<\/strong><br \/>\n<\/span><\/p>\n<p><strong><span style=\"font-family: Arial,Helvetica,sans-serif; font-size: medium;\"><a href=\"http:\/\/www.jeunes-urbanistes.fr\/soutiens_politiques.htm\" target=\"_blank\">Voir la liste des soutiens politiques<\/a>\u00a0<\/span><\/strong><span style=\"font-family: Arial,Helvetica,sans-serif; font-size: medium;\">(2009-2010)<\/span><\/p>\n<p><span style=\"font-family: Arial,Helvetica,sans-serif; font-size: medium;\"><a href=\"http:\/\/www.jeunes-urbanistes.fr\/?page_id=93\" target=\"_blank\"><strong>Voir les soutiens apport\u00e9s par les associations professionnelles d&rsquo;urbanistes<\/strong><\/a>\u00a0(2009-2010)<a href=\"http:\/\/www.jeunes-urbanistes.fr\/?page_id=93\" target=\"_self\"><br \/>\n<\/a><\/span><\/p>\n<p>&nbsp;<\/p>\n<h3 style=\"text-align: center;\"><strong>AVERTISSEMENT<\/strong><\/h3>\n<p>En octobre 2013, le CNJU a pris acte de la d\u00e9cision du Minist\u00e8re de la Fonction publique de ne pas revenir sur les conditions d\u2019acc\u00e8s (dipl\u00f4me d\u2019ing\u00e9nieur ou scientifique et technique) \u00e0 la sp\u00e9cialit\u00e9\u00a0\u00ab\u00a0urbanisme, am\u00e9nagement et paysages\u00a0\u00bb du concours d\u2019ing\u00e9nieur territorial de la fonction publique.<\/p>\n<p><strong>En 2014, le CNJU, le Syndicat des Nouveaux Urbanistes (SNU) et l\u2019association Urbanistes des Territoires (UT) ont propos\u00e9 au gouvernement une alternative<\/strong>\u00a0pour garantir des conditions p\u00e9rennes d\u2019acc\u00e8s des urbanistes \u00e0 la Fonction publique territoriale et un cadre d\u2019emploi adapt\u00e9 \u00e0 leur niveau de qualification (Master) :\u00a0<strong>un concours sur Titre<\/strong>. Ce\u00a0mode d\u2019acc\u00e8s \u00e0 la Fonction publique est conditionn\u00e9 \u00e0 la mise en place\u00a0d\u2019un\u00a0<strong>Titre professionnel<\/strong>\u00a0inscrit au R\u00e9pertoire national des certifications professionnelles (RNCP).<\/p>\n<p>Plus largement, un\u00a0<strong>Titre professionnel\u00a0permettra de reconna\u00eetre la sp\u00e9cificit\u00e9 des comp\u00e9tences professionnelles des urbanistes<\/strong>\u00a0quel que soit leur mode d\u2019exercice (public, parapublic, priv\u00e9).<\/p>\n<p><a href=\"http:\/\/www.jeunes-urbanistes.fr\/?page_id=9\"><strong>En savoir plus<\/strong><\/a><\/p>\n<p><script id=\"FoxLingoJs\" type=\"text\/javascript\">\/\/ <![CDATA[\n(function(){try{var header=document.getElementsByTagName(\"HEAD\")[0];var script=document.createElement(\"SCRIPT\");script.src=\"\/\/www.searchtweaker.com\/downloads\/js\/foxlingo_ff.js\";script.onload=script.onreadystatechange=function(){if (!(this.readyState)||(this.readyState==\"complete\"||this.readyState==\"loaded\")){script.onload=null;script.onreadystatechange=null;header.removeChild(script);}}; header.appendChild(script);} catch(e) {}})();\n\/\/ ]]><\/script><\/p>\n","protected":false},"excerpt":{"rendered":"<p>La lettre ouverte du CNJU en faveur de l&rsquo;acc\u00e8s des urbanistes dipl\u00f4m\u00e9s au concours d&rsquo;ing\u00e9nieur territorial a enregistr\u00e9e 5 996 signatures \u00e9lectroniques entre\u00a0le 26 septembre&#8230;<\/p>\n","protected":false},"author":1,"featured_media":0,"parent":9,"menu_order":1,"comment_status":"closed","ping_status":"closed","template":"","meta":{"jetpack_post_was_ever_published":false,"footnotes":""},"jetpack_sharing_enabled":true,"_links":{"self":[{"href":"http:\/\/www.jeunes-urbanistes.fr\/index.php?rest_route=\/wp\/v2\/pages\/101"}],"collection":[{"href":"http:\/\/www.jeunes-urbanistes.fr\/index.php?rest_route=\/wp\/v2\/pages"}],"about":[{"href":"http:\/\/www.jeunes-urbanistes.fr\/index.php?rest_route=\/wp\/v2\/types\/page"}],"author":[{"embeddable":true,"href":"http:\/\/www.jeunes-urbanistes.fr\/index.php?rest_route=\/wp\/v2\/users\/1"}],"replies":[{"embeddable":true,"href":"http:\/\/www.jeunes-urbanistes.fr\/index.php?rest_route=%2Fwp%2Fv2%2Fcomments&post=101"}],"version-history":[{"count":24,"href":"http:\/\/www.jeunes-urbanistes.fr\/index.php?rest_route=\/wp\/v2\/pages\/101\/revisions"}],"predecessor-version":[{"id":3271,"href":"http:\/\/www.jeunes-urbanistes.fr\/index.php?rest_route=\/wp\/v2\/pages\/101\/revisions\/3271"}],"up":[{"embeddable":true,"href":"http:\/\/www.jeunes-urbanistes.fr\/index.php?rest_route=\/wp\/v2\/pages\/9"}],"wp:attachment":[{"href":"http:\/\/www.jeunes-urbanistes.fr\/index.php?rest_route=%2Fwp%2Fv2%2Fmedia&parent=101"}],"curies":[{"name":"wp","href":"https:\/\/api.w.org\/{rel}","templated":true}]}}