{"id":27,"date":"2017-09-17T11:07:06","date_gmt":"2017-09-17T09:07:06","guid":{"rendered":"http:\/\/www.jeunes-urbanistes.fr\/?page_id=27"},"modified":"2019-08-17T00:55:16","modified_gmt":"2019-08-16T22:55:16","slug":"se-former","status":"publish","type":"page","link":"http:\/\/www.jeunes-urbanistes.fr\/?page_id=27","title":{"rendered":"se former"},"content":{"rendered":"<p><span style=\"font-family: Arial,Helvetica,sans-serif; font-size: medium;\">Sur le march\u00e9 du travail, la profession d&rsquo;urbaniste s&rsquo;organise en France avec le recrutement, chaque ann\u00e9e, de plusieurs centaines d&rsquo;urbanistes dipl\u00f4m\u00e9s d&rsquo;un Master en urbanisme et am\u00e9nagement. C&rsquo;est ce que d\u00e9montrent les enqu\u00eates conduites en lien avec les \u00e9tablissements d&rsquo;enseignement sup\u00e9rieur depuis plusieurs ann\u00e9es (voir notre rubrique sur les <a href=\"http:\/\/www.jeunes-urbanistes.fr\/?page_id=51\" target=\"_blank\"><strong>employeurs d&rsquo;urbanistes)<\/strong><\/a>.<br \/>\n<\/span><\/p>\n<p>&nbsp;<\/p>\n<p><strong><span style=\"font-family: Arial,Helvetica,sans-serif; font-size: medium;\">LE DIPL\u00d4ME NATIONAL DE MASTER URBANISME ET AM\u00c9NAGEMENT : CERTIFICATION PROFESSIONNELLE DE R\u00c9F\u00c9RENCE DES URBANISTES<br \/>\n<\/span><\/strong><\/p>\n<p><span style=\"font-family: Arial,Helvetica,sans-serif; font-size: medium;\"><strong>La formation la plus courante des urbanistes dipl\u00f4m\u00e9s est celle d&rsquo;un dipl\u00f4me national de Master mention Urbanisme et am\u00e9nagement.\u00a0<\/strong><br \/>\n<\/span><\/p>\n<p><span style=\"font-family: Arial,Helvetica,sans-serif; font-size: medium;\">Avant l&rsquo;entr\u00e9e en vigueur de la r\u00e9forme LMD, le dipl\u00f4me \u00e9quivalent \u00e9tait le Dipl\u00f4me d&rsquo;\u00e9tudes sup\u00e9rieures sp\u00e9cialis\u00e9es (DESS) en Urbanisme et am\u00e9nagement, qui vaut grade de Master (Bac+5).<br \/>\n<\/span><\/p>\n<p><span style=\"font-family: Arial,Helvetica,sans-serif; font-size: medium;\">Accr\u00e9dit\u00e9 par 23 \u00e9tablissements d&rsquo;enseignement sup\u00e9rieur, <strong>le dipl\u00f4me national de Master Urbanisme et am\u00e9nagement est enregistr\u00e9 au R\u00e9pertoire national des certifications professionnelle (RNCP)<\/strong> \/ <a href=\"http:\/\/www.jeunes-urbanistes.fr\/?p=3847\"><em><strong>En savoir plus ici<\/strong><\/em><\/a>. Ce dipl\u00f4me \u00e0 finalit\u00e9 professionnelle est accessible en formation initiale, continue et par la Validation des Acquis de l&rsquo;Exp\u00e9rience (VAE). Cadre de r\u00e9f\u00e9rence unique, le RNCP conf\u00e8re \u00e0 ces dipl\u00f4mes, la valeur de qualification professionnelle en France et Europe (Espace europ\u00e9en de l&rsquo;Enseignement sup\u00e9rieur &#8211; processus de Bologne). <\/span><\/p>\n<p><span style=\"font-family: Arial,Helvetica,sans-serif; font-size: medium;\"><strong>Pluridisciplinarit\u00e9 des recrutements<\/strong><br \/>\n<\/span><\/p>\n<p><span style=\"font-family: Arial,Helvetica,sans-serif; font-size: medium;\">L&rsquo;acc\u00e8s \u00e0 ces dipl\u00f4mes de Master en urbanisme et urbanisme est <strong>ouvert \u00e0 toutes les disciplines sans restriction.<\/strong> Les candidats aux dipl\u00f4mes sont le plus souvent issus de la g\u00e9ographie, des sciences politiques, de l&rsquo;architecture, de l&rsquo;histoire, de l&rsquo;\u00e9conomie, de la gestion, du droit, de la sociologie, des sciences de l&rsquo;ing\u00e9nieur (du g\u00e9nie civil \u00e0 l&rsquo;agronomie), du paysage, de la biologie, etc. Selon les enqu\u00eates du CNJU, <strong>pr\u00e8s de 50% des dipl\u00f4m\u00e9s d&rsquo;un Master en urbanisme sont issus d&rsquo;un cursus de g\u00e9ographie et ont \u00e9t\u00e9 form\u00e9s \u00e0 l\u2019am\u00e9nagement du territoire<\/strong> dans le cadre d&rsquo;une Licence.<br \/>\n<\/span><\/p>\n<p><span style=\"font-family: Arial,Helvetica,sans-serif; font-size: medium;\"><strong>L&rsquo;acc\u00e8s au Master d&rsquo;urbanisme est<\/strong> <strong>s\u00e9lectif<\/strong> d\u00e8s la premi\u00e8re ann\u00e9e de Master, voire d\u00e8s la troisi\u00e8me ann\u00e9e de Licence dans certains \u00e9tablissements (Magist\u00e8res, Licences). Les proc\u00e9dures d&rsquo;admission sont variables d&rsquo;une formation \u00e0 l&rsquo;autre.<br \/>\n<\/span><\/p>\n<p><span style=\"font-family: Arial,Helvetica,sans-serif; font-size: medium;\">La s\u00e9lection s&rsquo;op\u00e8re a minima sur <strong>dossier<\/strong> (dipl\u00f4mes, bulletins de notes, lettre de motivation, lettres de recommandation, etc.) voire d&rsquo;un <strong>examen \u00e9crit<\/strong> (commentaire de texte, \u00e9preuve de synth\u00e8se, contr\u00f4le de connaissances, etc.) et\/ou d&rsquo;un <strong>oral<\/strong> de motivation (individuel ou en groupe). Certains examens d&rsquo;admission demande une pr\u00e9paration par la lecture d&rsquo;ouvrages et articles dont la liste est communiqu\u00e9e par chaque formation.<br \/>\n<\/span><\/p>\n<p><span style=\"font-family: Arial,Helvetica,sans-serif; font-size: medium;\">Les admissions s&rsquo;organisent sur une ou deux session entre les mois de mai et septembre g\u00e9n\u00e9ralement. Chaque formation publie son propre calendrier d&rsquo;admission.<\/span><\/p>\n<p><span style=\"font-family: Arial,Helvetica,sans-serif; font-size: medium;\">Apr\u00e8s l&rsquo;obtention d&rsquo;un Master en urbanisme et am\u00e9nagement, le <strong>Doctorat en \u00ab\u00a0Am\u00e9nagement de l&rsquo;espace et urbanisme\u00a0\u00bb<\/strong> permet d&rsquo;exercer dans le domaine de l&rsquo;enseignement et de la recherche en tant qu&rsquo;urbaniste chercheur. Ce domaine \u00ab\u00a0Am\u00e9nagement de l&rsquo;espace et urbanisme\u00a0\u00bb correspond \u00e0 la 24e section du Conseil national des Universit\u00e9s.<\/span><\/p>\n<p><span style=\"font-family: Arial,Helvetica,sans-serif; font-size: medium;\">\u00a0<\/span><\/p>\n<p><strong><span style=\"font-family: Arial,Helvetica,sans-serif; font-size: medium;\">DANS QUELS \u00c9TABLISSEMENTS D&rsquo;ENSEIGNEMENT SUP\u00c9RIEUR LES URBANISTES QUALIFI\u00c9S SE SONT-ILS FORM\u00c9S OU SE FORMENT-ILS?<br \/>\n<\/span><\/strong><\/p>\n<p><span style=\"font-family: Arial,Helvetica,sans-serif; font-size: medium;\">L&rsquo;offre de formation aux m\u00e9tiers de l&rsquo;urbanisme et, plus largement, du d\u00e9veloppement territorial, est abondante en France. Les Instituts d&rsquo;urbanisme et am\u00e9nagement du territoire et les Unit\u00e9s de Formation et de Recherche (UFR) ou D\u00e9partements de g\u00e9ographie et d&rsquo;am\u00e9nagement sont les principaux \u00e9tablissements d\u00e9livrant des dipl\u00f4mes d&rsquo;urbanisme en France en<strong> formation initiale et continue.<br \/>\n<\/strong><\/span><\/p>\n<p><span style=\"font-family: Arial,Helvetica,sans-serif; font-size: medium;\">A l&rsquo;instar des \u00e9coles d&rsquo;urbanisme britanniques d\u00e9livrant des Masters en <em>Urban Planning<\/em>, les <strong>Instituts d&rsquo;urbanisme et d&rsquo;am\u00e9nagement du territoire<\/strong> sont le plus souvent rattach\u00e9s \u00e0 des universit\u00e9s et proposent des dipl\u00f4mes nationaux de Master mais \u00e9galement un parcours en \u00e9cole doctorale (Doctorat \/ PhD), voire des dipl\u00f4mes universitaires en formation continue (post-Master). <\/span><\/p>\n<p><span style=\"font-family: Arial,Helvetica,sans-serif; font-size: medium;\">A noter \u00e9galement que certains Instituts d&rsquo;urbanisme universitaires proposent des <strong>parcours en apprentissage<\/strong> dans le cadre du cursus de Master.<\/span><\/p>\n<p><span style=\"font-family: Arial,Helvetica,sans-serif; font-size: medium;\">Certaines \u00e9coles de commerce, \u00e9coles d&rsquo;ing\u00e9nieurs et instituts d&rsquo;\u00e9tudes politiques proposent \u00e9galement des formations sp\u00e9cialis\u00e9es dans ces domaines. Enfin, rares sont les \u00e9tablissements &#8211; \u00e9coles d&rsquo;architecture comprises &#8211; \u00e0 proposer des formations sp\u00e9cialis\u00e9es en conception urbaine (<em>Urban Design<\/em>) de niveau Master. <\/span><\/p>\n<p><span style=\"font-family: Arial,Helvetica,sans-serif; font-size: medium;\">Il existe une vingtaine de composantes d&rsquo;Enseignement sup\u00e9rieur pouvant s&rsquo;apparenter \u00e0 des Instituts d&rsquo;urbanisme (<em>voir rubrique ci-apr\u00e8s<\/em>). <\/span><\/p>\n<p>&nbsp;<\/p>\n<p><span style=\"font-family: Arial,Helvetica,sans-serif; font-size: medium;\"><strong>EN SAVOIR PLUS :<\/strong><br \/>\n<\/span><\/p>\n<ul>\n<li>\n<h4><strong><a href=\"http:\/\/www.jeunes-urbanistes.fr\/?p=3847\">France comp\u00e9tences publie la fiche RNCP du Master Urbanisme et am\u00e9nagement<\/a><\/strong><\/h4>\n<\/li>\n<li>\n<h4><strong><a href=\"http:\/\/www.jeunes-urbanistes.fr\/?page_id=41\">Les Instituts et \u00e9coles d&rsquo;urbanisme de l&rsquo;enseignement sup\u00e9rieur en France<\/a><\/strong><\/h4>\n<\/li>\n<li>\n<h4><strong><a href=\"http:\/\/www.jeunes-urbanistes.fr\/?page_id=43\">Le recensement des formations qualifiantes en urbanisme et am\u00e9nagement de niveau Master avant la cr\u00e9ation d&rsquo;une fiche nationale au RNCP pour le dipl\u00f4me national de Master Urbanisme et am\u00e9nagement<\/a><\/strong><\/h4>\n<\/li>\n<\/ul>\n<p>&nbsp;<\/p>\n","protected":false},"excerpt":{"rendered":"<p>Sur le march\u00e9 du travail, la profession d&rsquo;urbaniste s&rsquo;organise en France avec le recrutement, chaque ann\u00e9e, de plusieurs centaines d&rsquo;urbanistes dipl\u00f4m\u00e9s d&rsquo;un Master en urbanisme&#8230;<\/p>\n","protected":false},"author":1,"featured_media":0,"parent":6,"menu_order":2,"comment_status":"closed","ping_status":"closed","template":"","meta":{"jetpack_post_was_ever_published":false,"footnotes":""},"jetpack_sharing_enabled":true,"_links":{"self":[{"href":"http:\/\/www.jeunes-urbanistes.fr\/index.php?rest_route=\/wp\/v2\/pages\/27"}],"collection":[{"href":"http:\/\/www.jeunes-urbanistes.fr\/index.php?rest_route=\/wp\/v2\/pages"}],"about":[{"href":"http:\/\/www.jeunes-urbanistes.fr\/index.php?rest_route=\/wp\/v2\/types\/page"}],"author":[{"embeddable":true,"href":"http:\/\/www.jeunes-urbanistes.fr\/index.php?rest_route=\/wp\/v2\/users\/1"}],"replies":[{"embeddable":true,"href":"http:\/\/www.jeunes-urbanistes.fr\/index.php?rest_route=%2Fwp%2Fv2%2Fcomments&post=27"}],"version-history":[{"count":41,"href":"http:\/\/www.jeunes-urbanistes.fr\/index.php?rest_route=\/wp\/v2\/pages\/27\/revisions"}],"predecessor-version":[{"id":3868,"href":"http:\/\/www.jeunes-urbanistes.fr\/index.php?rest_route=\/wp\/v2\/pages\/27\/revisions\/3868"}],"up":[{"embeddable":true,"href":"http:\/\/www.jeunes-urbanistes.fr\/index.php?rest_route=\/wp\/v2\/pages\/6"}],"wp:attachment":[{"href":"http:\/\/www.jeunes-urbanistes.fr\/index.php?rest_route=%2Fwp%2Fv2%2Fmedia&parent=27"}],"curies":[{"name":"wp","href":"https:\/\/api.w.org\/{rel}","templated":true}]}}