{"id":3105,"date":"2015-09-14T19:57:58","date_gmt":"2015-09-14T17:57:58","guid":{"rendered":"http:\/\/www.jeunes-urbanistes.fr\/?page_id=3105"},"modified":"2017-11-08T23:35:55","modified_gmt":"2017-11-08T21:35:55","slug":"organisation-2","status":"publish","type":"page","link":"http:\/\/www.jeunes-urbanistes.fr\/?page_id=3105","title":{"rendered":"Organisation"},"content":{"rendered":"<p>Le Collectif national des jeunes urbanistes (CNJU) compte 1 300 membres, professionnels et en formation, ainsi que 17 associations de dipl\u00f4m\u00e9s et\/ou d\u2019\u00e9tudiants en urbanisme\u00a0affili\u00e9es \u00e0 des instituts d\u2019urbanisme et des formations sup\u00e9rieures en urbanisme et am\u00e9nagement du territoire de niveau Master.<\/p>\n<p>Implant\u00e9s dans 10 r\u00e9gions fran\u00e7aises, ces associations et \u00e9tablissements d\u2019enseignement sup\u00e9rieur permettent d\u2019assurer un ancrage territorial au CNJU.<\/p>\n<p>L\u2019association est administr\u00e9e et g\u00e9r\u00e9e par un conseil d\u2019administration, instance charg\u00e9e de valider les orientations strat\u00e9giques et les positions pr\u00e9par\u00e9es au sein des commissions de travail. Ces orientations strat\u00e9giques sont impuls\u00e9es et mises en \u0153uvre par un bureau ex\u00e9cutif\u00a0dont les membres si\u00e8gent au conseil d\u2019administration \u00e8s qualit\u00e9.<\/p>\n<p>Le CNJU a mis en place des d\u00e9l\u00e9gations r\u00e9gionales afin d&rsquo;\u00e9tablir des liens de proximit\u00e9 avec et entre ses adh\u00e9rents. Ces d\u00e9l\u00e9gations r\u00e9gionales ont \u00e9galement pour objectif de dynamiser les r\u00e9seaux professionnels d&rsquo;urbanistes en r\u00e9gions.<\/p>\n<p>&nbsp;<\/p>\n<p><strong><a href=\"http:\/\/www.jeunes-urbanistes.fr\/?page_id=3560\">INSTANCES NATIONALES &gt; CONSEIL D&rsquo;ADMINISTRATION &gt; COMMISSIONS<\/a><br \/>\n<\/strong><\/p>\n<p><a href=\"http:\/\/www.jeunes-urbanistes.fr\/?page_id=3569\"><strong>ASSOCIATIONS MEMBRES<\/strong><\/a><\/p>\n<p><strong><a href=\"http:\/\/www.jeunes-urbanistes.fr\/?page_id=3572\">D\u00c9L\u00c9GATIONS R\u00c9GIONALES<\/a><\/strong><\/p>\n<p>&nbsp;<\/p>\n<p>&nbsp;<\/p>\n","protected":false},"excerpt":{"rendered":"<p>Le Collectif national des jeunes urbanistes (CNJU) compte 1 300 membres, professionnels et en formation, ainsi que 17 associations de dipl\u00f4m\u00e9s et\/ou d\u2019\u00e9tudiants en urbanisme\u00a0affili\u00e9es&#8230;<\/p>\n","protected":false},"author":1,"featured_media":0,"parent":25,"menu_order":1,"comment_status":"closed","ping_status":"open","template":"","meta":{"jetpack_post_was_ever_published":false,"footnotes":""},"jetpack_sharing_enabled":true,"_links":{"self":[{"href":"http:\/\/www.jeunes-urbanistes.fr\/index.php?rest_route=\/wp\/v2\/pages\/3105"}],"collection":[{"href":"http:\/\/www.jeunes-urbanistes.fr\/index.php?rest_route=\/wp\/v2\/pages"}],"about":[{"href":"http:\/\/www.jeunes-urbanistes.fr\/index.php?rest_route=\/wp\/v2\/types\/page"}],"author":[{"embeddable":true,"href":"http:\/\/www.jeunes-urbanistes.fr\/index.php?rest_route=\/wp\/v2\/users\/1"}],"replies":[{"embeddable":true,"href":"http:\/\/www.jeunes-urbanistes.fr\/index.php?rest_route=%2Fwp%2Fv2%2Fcomments&post=3105"}],"version-history":[{"count":14,"href":"http:\/\/www.jeunes-urbanistes.fr\/index.php?rest_route=\/wp\/v2\/pages\/3105\/revisions"}],"predecessor-version":[{"id":3576,"href":"http:\/\/www.jeunes-urbanistes.fr\/index.php?rest_route=\/wp\/v2\/pages\/3105\/revisions\/3576"}],"up":[{"embeddable":true,"href":"http:\/\/www.jeunes-urbanistes.fr\/index.php?rest_route=\/wp\/v2\/pages\/25"}],"wp:attachment":[{"href":"http:\/\/www.jeunes-urbanistes.fr\/index.php?rest_route=%2Fwp%2Fv2%2Fmedia&parent=3105"}],"curies":[{"name":"wp","href":"https:\/\/api.w.org\/{rel}","templated":true}]}}