{"id":33,"date":"2019-08-05T11:15:28","date_gmt":"2019-08-05T09:15:28","guid":{"rendered":"http:\/\/www.jeunes-urbanistes.fr\/?page_id=33"},"modified":"2019-08-05T12:02:21","modified_gmt":"2019-08-05T10:02:21","slug":"sorganiser","status":"publish","type":"page","link":"http:\/\/www.jeunes-urbanistes.fr\/?page_id=33","title":{"rendered":"L&rsquo;organisation professionnelle"},"content":{"rendered":"<h3>L\u2019organisation professionnelle des urbanistes n&rsquo;a pas besoin d&rsquo;un ordre. Ni d&rsquo;officine, ni de Grand Prix&#8230; Comme pour toute profession, les urbanistes ont besoin d&rsquo;une certification professionnelle de r\u00e9f\u00e9rence, d\u00e9livr\u00e9e par des \u00e9tablissements d&rsquo;enseignement sup\u00e9rieur et de recherche. Depuis 2018, cette certification professionnelle est identifi\u00e9e par le Minist\u00e8re de l&rsquo;Enseignement sup\u00e9rieur, de la recherche et de l&rsquo;innovation, la Conf\u00e9rence des pr\u00e9sidents d&rsquo;universit\u00e9 (CPU) et les principales f\u00e9d\u00e9rations d&#8217;employeurs d&rsquo;urbanistes : le dipl\u00f4me national de Master Urbanisme et am\u00e9nagement. Un dialogue permanent entre employeurs,\u00a0 travailleurs\/salari\u00e9s et \u00e9tablissements d&rsquo;enseignement sup\u00e9rieur est indispensable pour penser les \u00e9volutions professionnelles et la formation tout au long de la vie des urbanistes.<strong><br \/>\n<\/strong><\/h3>\n<p>Sur le march\u00e9 du travail, la profession d\u2019urbaniste s&rsquo;organise en France avec le recrutement, chaque ann\u00e9e, de plusieurs centaines d\u2019urbanistes dipl\u00f4m\u00e9s d\u2019un Master en urbanisme et am\u00e9nagement. C\u2019est ce que d\u00e9montrent les enqu\u00eates* conduites en lien avec les \u00e9tablissements d\u2019enseignement sup\u00e9rieur depuis plusieurs ann\u00e9es.<\/p>\n<p>Enregistr\u00e9s par les \u00e9tablissements d\u2019enseignement sup\u00e9rieur au R\u00e9pertoire national des certifications professionnelles (RNCP), les dipl\u00f4mes nationaux de Master sont accessibles en formation initiale, continue et par la Validation des Acquis de l&rsquo;Exp\u00e9rience (VAE). Cadre de r\u00e9f\u00e9rence unique, le RNCP conf\u00e8re \u00e0 ces dipl\u00f4mes, la valeur de qualification professionnelle en France et en Europe (Espace europ\u00e9en de l&rsquo;Enseignement sup\u00e9rieur &#8211; processus de Bologne).<\/p>\n<p>Pour le CNJU, la profession d\u2019urbaniste doit s\u2019organiser \u00e0 partir d&rsquo;une certification professionnelle de droit commun : le dipl\u00f4me national de Master Urbanisme et am\u00e9nagement, d\u00e9livr\u00e9e par les \u00e9tablissements d&rsquo;enseignement sup\u00e9rieur et donc accessible par la formation initiale, continue et par la VAE. Apr\u00e8s 4 ann\u00e9es d&rsquo;actions, le CNJU a obtenu que les dipl\u00f4me national de Master Urbanisme et am\u00e9nagement soit reconnu comme la certification professionnelle d&rsquo;urbaniste de r\u00e9f\u00e9rence.<\/p>\n<p>Avec la certification de ce dipl\u00f4me \u00e0 finalit\u00e9 professionnelle, employeurs, \u00e9tudiants et acteurs du service public de l&#8217;emploi et l\u2019orientation professionnelles disposent ainsi d\u2019une information transparente sur l\u2019offre dipl\u00f4mante et qualifiante en urbanisme.<br \/>\n<b><\/b><\/p>\n<p>En outre, l\u2019organisation de la profession d\u2019urbaniste va de pair avec l\u2019organisation de la ma\u00eetrise d\u2019ouvrage publique de l\u2019urbanisme\u00a0: parce que l\u2019urbanisme est une politique publique d\u00e9centralis\u00e9e\u00a0; parce que l\u2019urbaniste, en tant qu\u2019analyste territorial, strat\u00e8ge et coordinateur de projets, remplit une mission d\u2019aide \u00e0 la d\u00e9cision politique.<\/p>\n<p>Le CNJU souhaite donc que les associations repr\u00e9sentatives des collectivit\u00e9s locales comp\u00e9tentes urbanisme (principaux employeurs d&rsquo;urbanistes) puissent jouer un r\u00f4le dans la reconnaissance de la profession.<\/p>\n<p>La construction d&rsquo;un dialogue social entre les employeurs d&rsquo;urbanistes et les repr\u00e9sentants d&rsquo;urbanistes salari\u00e9s semble \u00e9galement indispensable comme dans toutes les professions.<\/p>\n<p>Ce mouvement a \u00e9t\u00e9 lanc\u00e9 en 2015 : les principales f\u00e9d\u00e9rations d\u2019employeurs d\u2019urbanistes (AMF, AdCF, F\u00e9d\u00e9SCoT, FNAU, FedEPL, CINOV, ACAD, FNCAUE) ont constitu\u00e9 un groupe de travail sur la reconnaissance de la qualification professionnelle d\u2019urbaniste, en lien avec le Minist\u00e8re de la Coh\u00e9sion des territoires et des relations avec les collectivit\u00e9s territoriales.<\/p>\n<p>En mars 2017, ces sept f\u00e9d\u00e9rations d&#8217;employeurs ont sollicit\u00e9 le Minist\u00e8re de l&rsquo;Enseignement sup\u00e9rieur pour que le dipl\u00f4me national de Master mention \u00ab\u00a0Urbanisme et Am\u00e9nagement\u00a0\u00bb, accr\u00e9dit\u00e9 par le minist\u00e8re de l\u2019Enseignement sup\u00e9rieur et bien identifi\u00e9 par les employeurs, soit reconnu comme la qualification professionnelle d\u2019urbaniste de r\u00e9f\u00e9rence (<a href=\"http:\/\/www.acad.asso.fr\/wp-content\/uploads\/2017\/03\/scan_courrier_groupe_employeurs_urbanistes_DGESIP_13mars2017.pdf\" onclick=\"__gaTracker('send', 'event', 'download', 'http:\/\/www.acad.asso.fr\/wp-content\/uploads\/2017\/03\/scan_courrier_groupe_employeurs_urbanistes_DGESIP_13mars2017.pdf');\" target=\"_blank\"><em>voir le courrier des f\u00e9d\u00e9rations d&#8217;employeurs \u00e0 la Direction g\u00e9n\u00e9rale de l&rsquo;enseignement sup\u00e9rieur et de l&rsquo;insertion professionnelle (DGESIP) du Minist\u00e8re de l&rsquo;Enseignement sup\u00e9rieur et de la recherche<\/em><\/a>).<\/p>\n<p>Une ann\u00e9e plus tard,\u00a0en 2018, avec le parrainage de la Conf\u00e9rence des pr\u00e9sidents d&rsquo;universit\u00e9 (CPU) et sous l&rsquo;autorit\u00e9 du Minist\u00e8re de l&rsquo;Enseignement sup\u00e9rieur, de la recherche et de l&rsquo;innovation, ces f\u00e9d\u00e9rations d&#8217;employeurs et les \u00e9tablissements d\u2019enseignement sup\u00e9rieur\u00a0coproduisaient la fiche nationale RNCP du dipl\u00f4me national de Master Urbanisme et am\u00e9nagement (<a href=\"https:\/\/www.adcf.org\/articles-universites-et-federations-d-employeurs-coproduisent-une-certification-professionnelle-d-urbaniste-de-reference-4469\" onclick=\"__gaTracker('send', 'event', 'outbound-article', 'https:\/\/www.adcf.org\/articles-universites-et-federations-d-employeurs-coproduisent-une-certification-professionnelle-d-urbaniste-de-reference-4469', 'en savoir plus');\" target=\"_blank\"><strong>en savoir plus<\/strong><\/a>).<\/p>\n<p><strong>Sur ce sujet : <a href=\"http:\/\/www.jeunes-urbanistes.fr\/?p=3757\" target=\"_blank\">Les urbanistes obtiennent leur certification professionnelle de r\u00e9f\u00e9rence<\/a><\/strong><\/p>\n","protected":false},"excerpt":{"rendered":"<p>L\u2019organisation professionnelle des urbanistes n&rsquo;a pas besoin d&rsquo;un ordre. Ni d&rsquo;officine, ni de Grand Prix&#8230; Comme pour toute profession, les urbanistes ont besoin d&rsquo;une certification&#8230;<\/p>\n","protected":false},"author":1,"featured_media":0,"parent":6,"menu_order":5,"comment_status":"closed","ping_status":"closed","template":"","meta":{"jetpack_post_was_ever_published":false,"footnotes":""},"jetpack_sharing_enabled":true,"_links":{"self":[{"href":"http:\/\/www.jeunes-urbanistes.fr\/index.php?rest_route=\/wp\/v2\/pages\/33"}],"collection":[{"href":"http:\/\/www.jeunes-urbanistes.fr\/index.php?rest_route=\/wp\/v2\/pages"}],"about":[{"href":"http:\/\/www.jeunes-urbanistes.fr\/index.php?rest_route=\/wp\/v2\/types\/page"}],"author":[{"embeddable":true,"href":"http:\/\/www.jeunes-urbanistes.fr\/index.php?rest_route=\/wp\/v2\/users\/1"}],"replies":[{"embeddable":true,"href":"http:\/\/www.jeunes-urbanistes.fr\/index.php?rest_route=%2Fwp%2Fv2%2Fcomments&post=33"}],"version-history":[{"count":47,"href":"http:\/\/www.jeunes-urbanistes.fr\/index.php?rest_route=\/wp\/v2\/pages\/33\/revisions"}],"predecessor-version":[{"id":3832,"href":"http:\/\/www.jeunes-urbanistes.fr\/index.php?rest_route=\/wp\/v2\/pages\/33\/revisions\/3832"}],"up":[{"embeddable":true,"href":"http:\/\/www.jeunes-urbanistes.fr\/index.php?rest_route=\/wp\/v2\/pages\/6"}],"wp:attachment":[{"href":"http:\/\/www.jeunes-urbanistes.fr\/index.php?rest_route=%2Fwp%2Fv2%2Fmedia&parent=33"}],"curies":[{"name":"wp","href":"https:\/\/api.w.org\/{rel}","templated":true}]}}