{"id":3569,"date":"2017-11-08T22:47:48","date_gmt":"2017-11-08T20:47:48","guid":{"rendered":"http:\/\/www.jeunes-urbanistes.fr\/?page_id=3569"},"modified":"2020-03-04T11:27:36","modified_gmt":"2020-03-04T09:27:36","slug":"associations-membres","status":"publish","type":"page","link":"http:\/\/www.jeunes-urbanistes.fr\/?page_id=3569","title":{"rendered":"Associations membres"},"content":{"rendered":"<p>D\u00e8s son origine, en f\u00e9vrier 2010, le Collectif National des Jeunes Urbanistes (CNJU) s&rsquo;est f\u00e9d\u00e9r\u00e9 en regroupant les forces de l&rsquo;ensemble des associations d&rsquo;\u00e9tudiants et\/ou de dipl\u00f4m\u00e9s en urbanisme de l&rsquo;enseignement sup\u00e9rieur.<\/p>\n<p>Pour rejoindre le collectif, ces associations doivent mener des actions d&rsquo;appui \u00e0 l&rsquo;insertion professionnelle des dipl\u00f4m\u00e9s en urbanisme.<\/p>\n<p>17 associations sont aujourd&rsquo;hui membres du CNJU. Tous les adh\u00e9rents de ces 17 associations sont membres de droit du CNJU et ont la possibilit\u00e9 de prendre part aux travaux du CNJU \u00e0 l&rsquo;\u00e9chelle nationale et en r\u00e9gions.<\/p>\n<p><strong>Les associations membres :<br \/>\n<\/strong><\/p>\n<p><a href=\"https:\/\/www.facebook.com\/AssocIATEUR\/\" onclick=\"__gaTracker('send', 'event', 'outbound-article', 'https:\/\/www.facebook.com\/AssocIATEUR\/', 'Assoc\u2019IATEUR\\n');\"><strong>Assoc\u2019IATEUR<br \/>\n<\/strong><\/a>Institut d\u2019Am\u00e9nagement du Territoire et d\u2019Environnement de l\u2019Universit\u00e9 de Reims<\/p>\n<p><a href=\"https:\/\/iuga.univ-grenoble-alpes.fr\/\" onclick=\"__gaTracker('send', 'event', 'outbound-article', 'https:\/\/iuga.univ-grenoble-alpes.fr\/', 'Alumni IUG\\n');\"><strong>Alumni IUG<br \/>\n<\/strong><\/a>Institut d\u2019Urbanisme et de G\u00e9ographie alpine (Universit\u00e9 Grenoble Alpes)<\/p>\n<p><strong><a href=\"https:\/\/anaum2vt.wordpress.com\/\" onclick=\"__gaTracker('send', 'event', 'outbound-article', 'https:\/\/anaum2vt.wordpress.com\/', 'ANAU');\">ANAU<\/a><br \/>\n<\/strong>Institut de G\u00e9ographie et d\u2019Am\u00e9nagement R\u00e9gional de l\u2019Universit\u00e9 de Nantes et UFR Droit et Sciences Politiques (Universit\u00e9 de Nantes)<\/p>\n<p><strong><a href=\"https:\/\/www.asso-envar.com\/\" onclick=\"__gaTracker('send', 'event', 'outbound-article', 'https:\/\/www.asso-envar.com\/', 'ENVAR');\">ENVAR<\/a><br \/>\n<\/strong>Institut d\u2019Am\u00e9nagement et d\u2019Urbanisme de Lille (Universit\u00e9 Lille 1)<\/p>\n<p><strong><a href=\"https:\/\/www.eup.fr\/vie-etudiante\/\" onclick=\"__gaTracker('send', 'event', 'outbound-article', 'https:\/\/www.eup.fr\/vie-etudiante\/', 'EUP Alumni\\nBDE EUP');\">EUP Alumni<br \/>\nBDE EUP<\/a><\/strong><br \/>\n\u00c9cole d\u2019Urbanisme de Paris (Universit\u00e9 Paris Est Cr\u00e9teil &#8211; Universit\u00e9 Paris Est Marne-la-Vall\u00e9e)<\/p>\n<p><strong><a href=\"http:\/\/www.geoarchi.net\/\" onclick=\"__gaTracker('send', 'event', 'outbound-article', 'http:\/\/www.geoarchi.net\/', 'G\u00e9oarchi\\nG\u00e9oarchi Carr\u00e9\\n');\">G\u00e9oarchi<br \/>\nG\u00e9oarchi Carr\u00e9<br \/>\n<\/a><\/strong>Institut de G\u00e9oarchitecture de Brest (Universit\u00e9 de Bretagne occidentale)<\/p>\n<p><a href=\"https:\/\/www.magistram.fr\/\" onclick=\"__gaTracker('send', 'event', 'outbound-article', 'https:\/\/www.magistram.fr\/', 'Magistram\\n');\"><strong>Magistram<br \/>\n<\/strong><\/a>Master urbanisme et am\u00e9nagement (Universit\u00e9 Paris I \u2013 Panth\u00e9on-Sorbonne)<\/p>\n<p><strong><a href=\"https:\/\/scpo-urba.fr\/\" onclick=\"__gaTracker('send', 'event', 'outbound-article', 'https:\/\/scpo-urba.fr\/', 'Sciences Po Urba');\">Sciences Po Urba<\/a><br \/>\n<\/strong>Cycle d\u2019Urbanisme de l\u2019\u00c9cole urbaine de Sciences Po (Institut d\u2019\u00c9tudes Politiques de Paris)<\/p>\n<p><strong><a href=\"https:\/\/www.iadt.fr\/\" onclick=\"__gaTracker('send', 'event', 'outbound-article', 'https:\/\/www.iadt.fr\/', 'So\u2019Urba');\">So\u2019Urba<\/a><br \/>\n<\/strong>Institut d\u2019Auvergne de d\u00e9veloppement des territoires (Universit\u00e9 Blaise Pascal de Clermont-Ferrand)<\/p>\n<p><a href=\"https:\/\/master-urbanisme-audit-rennes2.fr\/\" onclick=\"__gaTracker('send', 'event', 'outbound-article', 'https:\/\/master-urbanisme-audit-rennes2.fr\/', 'Urb@hz\\n');\"><strong>Urb@hz<br \/>\n<\/strong><\/a>Institut d&rsquo;Am\u00e9nagement et d&rsquo;Urbanisme de Rennes (Universit\u00e9 Rennes 2, IEP Rennes, ENSA Bretagne, Institut National des Sciences Appliqu\u00e9es de Rennes)<\/p>\n<p><a href=\"https:\/\/urbaorbilyon.wordpress.com\/\" onclick=\"__gaTracker('send', 'event', 'outbound-article', 'https:\/\/urbaorbilyon.wordpress.com\/', 'Urba&amp;Orbi\\n');\"><strong>Urba&amp;Orbi<br \/>\n<\/strong><\/a>Institut d\u2019Urbanisme de Lyon (Universit\u00e9 Lumi\u00e8re Lyon 2)<\/p>\n<p><a href=\"http:\/\/master-urba-paris-ouest.fr\/associations\/\" onclick=\"__gaTracker('send', 'event', 'outbound-article', 'http:\/\/master-urba-paris-ouest.fr\/associations\/', 'Urba 10\\n');\"><strong>Urba 10<br \/>\n<\/strong><\/a>Master urbanisme et am\u00e9nagement (Universit\u00e9 Paris Nanterre)<\/p>\n<p><a href=\"https:\/\/www.sorbonne-universite.fr\/associations\/urbams\" onclick=\"__gaTracker('send', 'event', 'outbound-article', 'https:\/\/www.sorbonne-universite.fr\/associations\/urbams', 'Urbam\u2019s\\n');\"><strong>Urbam\u2019s<br \/>\n<\/strong><\/a>Institut d\u2019Urbanisme et d\u2019Am\u00e9nagement (Universit\u00e9 Paris Sorbonne)<\/p>\n<p><strong><a href=\"https:\/\/urbavoc.wordpress.com\/\" onclick=\"__gaTracker('send', 'event', 'outbound-article', 'https:\/\/urbavoc.wordpress.com\/', 'Urba\u2019Voc');\">Urba\u2019Voc<\/a><br \/>\n<\/strong>Institut d\u2019Urbanisme et d\u2019Am\u00e9nagement R\u00e9gional (Aix-Marseille Universit\u00e9)<\/p>\n<p><a href=\"https:\/\/associationutopos.wixsite.com\/u-topos\" onclick=\"__gaTracker('send', 'event', 'outbound-article', 'https:\/\/associationutopos.wixsite.com\/u-topos', 'U-Topos\\n');\"><strong>U-Topos<br \/>\n<\/strong><\/a>Institut d\u2019Am\u00e9nagement de Tourisme et d\u2019Urbanisme de Bordeaux (Universit\u00e9 Bordeaux Montaigne)<\/p>\n","protected":false},"excerpt":{"rendered":"<p>D\u00e8s son origine, en f\u00e9vrier 2010, le Collectif National des Jeunes Urbanistes (CNJU) s&rsquo;est f\u00e9d\u00e9r\u00e9 en regroupant les forces de l&rsquo;ensemble des associations d&rsquo;\u00e9tudiants et\/ou&#8230;<\/p>\n","protected":false},"author":1,"featured_media":0,"parent":0,"menu_order":0,"comment_status":"closed","ping_status":"closed","template":"","meta":{"jetpack_post_was_ever_published":false,"footnotes":""},"jetpack_sharing_enabled":true,"_links":{"self":[{"href":"http:\/\/www.jeunes-urbanistes.fr\/index.php?rest_route=\/wp\/v2\/pages\/3569"}],"collection":[{"href":"http:\/\/www.jeunes-urbanistes.fr\/index.php?rest_route=\/wp\/v2\/pages"}],"about":[{"href":"http:\/\/www.jeunes-urbanistes.fr\/index.php?rest_route=\/wp\/v2\/types\/page"}],"author":[{"embeddable":true,"href":"http:\/\/www.jeunes-urbanistes.fr\/index.php?rest_route=\/wp\/v2\/users\/1"}],"replies":[{"embeddable":true,"href":"http:\/\/www.jeunes-urbanistes.fr\/index.php?rest_route=%2Fwp%2Fv2%2Fcomments&post=3569"}],"version-history":[{"count":12,"href":"http:\/\/www.jeunes-urbanistes.fr\/index.php?rest_route=\/wp\/v2\/pages\/3569\/revisions"}],"predecessor-version":[{"id":3895,"href":"http:\/\/www.jeunes-urbanistes.fr\/index.php?rest_route=\/wp\/v2\/pages\/3569\/revisions\/3895"}],"wp:attachment":[{"href":"http:\/\/www.jeunes-urbanistes.fr\/index.php?rest_route=%2Fwp%2Fv2%2Fmedia&parent=3569"}],"curies":[{"name":"wp","href":"https:\/\/api.w.org\/{rel}","templated":true}]}}