{"id":3572,"date":"2017-11-08T23:27:49","date_gmt":"2017-11-08T21:27:49","guid":{"rendered":"http:\/\/www.jeunes-urbanistes.fr\/?page_id=3572"},"modified":"2022-04-02T11:14:53","modified_gmt":"2022-04-02T09:14:53","slug":"delegations-regionales","status":"publish","type":"page","link":"http:\/\/www.jeunes-urbanistes.fr\/?page_id=3572","title":{"rendered":"D\u00e9l\u00e9gations r\u00e9gionales"},"content":{"rendered":"<p>L&rsquo;Assembl\u00e9e g\u00e9n\u00e9rale du CNJU du 3 d\u00e9cembre 2016 a act\u00e9 la mise en place de d\u00e9l\u00e9gations r\u00e9gionales.<\/p>\n<p>Ces d\u00e9l\u00e9gations s&rsquo;appuient sur des d\u00e9l\u00e9gu\u00e9s r\u00e9gionaux mandat\u00e9s par le collectif pour renforcer son maillage territorial et l\u2019ancrage local des r\u00e9seaux d\u2019urbanistes professionnels.<\/p>\n<p>Urbanistes professionnels en activit\u00e9 et membres du CNJU, ces d\u00e9l\u00e9gu\u00e9s r\u00e9gionaux sont charg\u00e9s de :<br \/>\n&#8211; nouer du lien et susciter des rencontres ainsi que des opportunit\u00e9s de contacts et d&rsquo;actions pour dynamiser les r\u00e9seaux professionnels d&rsquo;urbanistes ;<br \/>\n&#8211; d\u00e9velopper la base adh\u00e9rente du CNJU, notamment par l&rsquo;adh\u00e9sion via la voie directe ;<br \/>\n&#8211; organiser la d\u00e9centralisation de l&rsquo;offre de services du collectif, notamment le service du <a href=\"http:\/\/www.jeunes-urbanistes.fr\/?page_id=931\">conseil \u00e0 l&rsquo;orientation professionnelle<\/a>.<\/p>\n<p>Une premi\u00e8re liste de r\u00e9f\u00e9rents r\u00e9gionaux a \u00e9t\u00e9\u00a0officialis\u00e9e lors de l&rsquo;<a href=\"http:\/\/www.jeunes-urbanistes.fr\/?p=3544\">Assembl\u00e9e g\u00e9n\u00e9rale du 2 d\u00e9cembre 2017<\/a> pour la composition des d\u00e9l\u00e9gations r\u00e9gionales du CNJU.<\/p>\n<p>Contact CNJU : cnju@cnju.fr<\/p>\n<h4><\/h4>\n<p>&nbsp;<\/p>\n<h4><strong>Les d\u00e9l\u00e9gations r\u00e9gionales du CNJU d\u00e9j\u00e0 constitu\u00e9es \/ composition provisoire et liens vers les profils LinkedIn\u00a0 des d\u00e9l\u00e9gu\u00e9s r\u00e9gionaux :<br \/>\n<\/strong><\/h4>\n<p>&nbsp;<\/p>\n<p><strong>D\u00e9l\u00e9gation r\u00e9gionale Auvergne Rh\u00f4ne-Alpes<\/strong><\/p>\n<p>D\u00e9l\u00e9gu\u00e9 r\u00e9gional : <a href=\"https:\/\/www.linkedin.com\/in\/vivien-muyshondt-8a7895ab\/\" onclick=\"__gaTracker('send', 'event', 'outbound-article', 'https:\/\/www.linkedin.com\/in\/vivien-muyshondt-8a7895ab\/', 'Vivien Muyshondt');\" target=\"_blank\">Vivien Muyshondt<\/a><\/p>\n<p>&nbsp;<\/p>\n<p><strong>D\u00e9l\u00e9gation r\u00e9gionale Bourgogne-Franche-Comt\u00e9<\/strong><\/p>\n<p>D\u00e9l\u00e9gu\u00e9 r\u00e9gional : <a href=\"https:\/\/www.linkedin.com\/in\/bastien-lain%C3%A9-9699a839\/\" onclick=\"__gaTracker('send', 'event', 'outbound-article', 'https:\/\/www.linkedin.com\/in\/bastien-lain%C3%A9-9699a839\/', 'Bastien Lain\u00e9');\" target=\"_blank\">Bastien Lain\u00e9<\/a> <a href=\"https:\/\/www.linkedin.com\/in\/macpauget\/\" onclick=\"__gaTracker('send', 'event', 'outbound-article', 'https:\/\/www.linkedin.com\/in\/macpauget\/', 'Marie Pauget');\" target=\"_blank\">Marie Pauget<\/a><\/p>\n<p>&nbsp;<\/p>\n<p><strong>D\u00e9l\u00e9gation r\u00e9gionale Bretagne\u00a0<\/strong><\/p>\n<p>D\u00e9l\u00e9gu\u00e9e r\u00e9gionale : <a href=\"https:\/\/www.linkedin.com\/in\/alice-pfeiffer-304b83136\/?originalSubdomain=fr\" onclick=\"__gaTracker('send', 'event', 'outbound-article', 'https:\/\/www.linkedin.com\/in\/alice-pfeiffer-304b83136\/?originalSubdomain=fr', 'Alice Pfeiffer');\">Alice Pfeiffer<\/a><\/p>\n<p>&nbsp;<\/p>\n<p><strong>D\u00e9l\u00e9gation r\u00e9gionale Centre-Val de Loire<\/strong><\/p>\n<p>D\u00e9l\u00e9gu\u00e9 r\u00e9gional : <a href=\"https:\/\/www.linkedin.com\/in\/kevin-guezou-29427065\/\" onclick=\"__gaTracker('send', 'event', 'outbound-article', 'https:\/\/www.linkedin.com\/in\/kevin-guezou-29427065\/', 'K\u00e9vin Gu\u00e9zou');\" target=\"_blank\">K\u00e9vin Gu\u00e9zou<\/a><\/p>\n<p>&nbsp;<\/p>\n<p><strong>D\u00e9l\u00e9gation de Corse<\/strong><\/p>\n<p>D\u00e9l\u00e9gu\u00e9s territoriaux : <a href=\"https:\/\/www.linkedin.com\/in\/jean-fran%C3%A7ois-rovere-7b80961a\/\" onclick=\"__gaTracker('send', 'event', 'outbound-article', 'https:\/\/www.linkedin.com\/in\/jean-fran%C3%A7ois-rovere-7b80961a\/', 'Jean-Fran\u00e7ois Rov\u00e8re');\" target=\"_blank\">Jean-Fran\u00e7ois Rov\u00e8re<\/a>, <a href=\"https:\/\/www.linkedin.com\/in\/barbara-susini-32449966\/\" onclick=\"__gaTracker('send', 'event', 'outbound-article', 'https:\/\/www.linkedin.com\/in\/barbara-susini-32449966\/', 'Barbara Susini');\" target=\"_blank\">Barbara Susini<\/a>,\u00a0<a href=\"https:\/\/www.linkedin.com\/in\/v%C3%A9ronique-venturini-46a7b386\/\" onclick=\"__gaTracker('send', 'event', 'outbound-article', 'https:\/\/www.linkedin.com\/in\/v%C3%A9ronique-venturini-46a7b386\/', 'V\u00e9ronique Venturini');\" target=\"_blank\">V\u00e9ronique Venturini<\/a><\/p>\n<p>&nbsp;<\/p>\n<p><strong>D\u00e9l\u00e9gation r\u00e9gionale Grand Est<\/strong><\/p>\n<p>D\u00e9l\u00e9gu\u00e9s r\u00e9gionaux : <a href=\"https:\/\/www.linkedin.com\/in\/guillaume-alizard-1a8063a9\/\" onclick=\"__gaTracker('send', 'event', 'outbound-article', 'https:\/\/www.linkedin.com\/in\/guillaume-alizard-1a8063a9\/', 'Guillaume Alizard');\" target=\"_blank\">Guillaume Alizard<\/a>,\u00a0<a href=\"https:\/\/www.linkedin.com\/in\/julia-frotey-8b736354\/\" onclick=\"__gaTracker('send', 'event', 'outbound-article', 'https:\/\/www.linkedin.com\/in\/julia-frotey-8b736354\/', 'Julia Frotey');\" target=\"_blank\">Julia Frotey<\/a>, Sylvain Peltier,<\/p>\n<p>&nbsp;<\/p>\n<p><strong>D\u00e9l\u00e9gation r\u00e9gionale Guadeloupe<\/strong><\/p>\n<p><em>D\u00e9l\u00e9gu\u00e9s r\u00e9gionaux en attente de d\u00e9signation<\/em><\/p>\n<p>&nbsp;<\/p>\n<p><strong>D\u00e9l\u00e9gation r\u00e9gionale Guyane <\/strong><\/p>\n<p><em>D\u00e9l\u00e9gu\u00e9s r\u00e9gionaux en attente de d\u00e9signation<\/em><\/p>\n<p>&nbsp;<\/p>\n<p><strong>D\u00e9l\u00e9gation r\u00e9gionale Hauts-de-France<\/strong><\/p>\n<p><em>D\u00e9l\u00e9gu\u00e9s r\u00e9gionaux en attente de d\u00e9signation<\/em><\/p>\n<p>&nbsp;<\/p>\n<p><strong>D\u00e9l\u00e9gation r\u00e9gionale Ile-de-France<\/strong><\/p>\n<p>D\u00e9l\u00e9gu\u00e9s r\u00e9gionaux : <a href=\"https:\/\/www.linkedin.com\/in\/quentin-binard-1688b354\/\" onclick=\"__gaTracker('send', 'event', 'outbound-article', 'https:\/\/www.linkedin.com\/in\/quentin-binard-1688b354\/', 'Quentin Binard');\" target=\"_blank\">Quentin Binard<\/a>, <a href=\"https:\/\/www.linkedin.com\/in\/h%C3%A9lo%C3%AFse-filez-1688b0133\/\" onclick=\"__gaTracker('send', 'event', 'outbound-article', 'https:\/\/www.linkedin.com\/in\/h%C3%A9lo%C3%AFse-filez-1688b0133\/', 'H\u00e9lo\u00efse Filez');\" target=\"_blank\">H\u00e9lo\u00efse Filez<\/a>, <a href=\"https:\/\/www.linkedin.com\/in\/thierry-rado-rasoarahona-2948906b\/\" onclick=\"__gaTracker('send', 'event', 'outbound-article', 'https:\/\/www.linkedin.com\/in\/thierry-rado-rasoarahona-2948906b\/', 'Thierry Rasoarahona');\" target=\"_blank\">Thierry Rasoarahona<\/a>, <a href=\"https:\/\/www.linkedin.com\/in\/kim-chiusano-7b075375\/\" onclick=\"__gaTracker('send', 'event', 'outbound-article', 'https:\/\/www.linkedin.com\/in\/kim-chiusano-7b075375\/', 'Kim Chiusano');\" target=\"_blank\">Kim Chiusano<\/a><\/p>\n<p>&nbsp;<\/p>\n<p><strong>D\u00e9l\u00e9gation r\u00e9gionale Martinique<\/strong><\/p>\n<p>D\u00e9l\u00e9gu\u00e9e r\u00e9gionale : <a href=\"https:\/\/www.linkedin.com\/in\/k%C3%A9vin-cr%C3%A9tinoir-908061135\/?originalSubdomain=fr\" onclick=\"__gaTracker('send', 'event', 'outbound-article', 'https:\/\/www.linkedin.com\/in\/k%C3%A9vin-cr%C3%A9tinoir-908061135\/?originalSubdomain=fr', 'Kevin Cretinoir');\">Kevin Cretinoir<\/a><\/p>\n<p>&nbsp;<\/p>\n<p><strong>D\u00e9l\u00e9gation r\u00e9gionale Normandie<\/strong><\/p>\n<p><em>D\u00e9l\u00e9gu\u00e9s r\u00e9gionaux en attente de d\u00e9signation<\/em><\/p>\n<p>&nbsp;<\/p>\n<p><strong>D\u00e9l\u00e9gation r\u00e9gionale Nouvelle Aquitaine<\/strong><\/p>\n<p>D\u00e9l\u00e9gu\u00e9es r\u00e9gionales : <a href=\"https:\/\/www.linkedin.com\/in\/marionlacombe33\/\" onclick=\"__gaTracker('send', 'event', 'outbound-article', 'https:\/\/www.linkedin.com\/in\/marionlacombe33\/', 'Marion Lacombe');\" target=\"_blank\">Marion Lacombe<\/a>, <a href=\"https:\/\/www.linkedin.com\/in\/florence-nassiet-1335b71\/\" onclick=\"__gaTracker('send', 'event', 'outbound-article', 'https:\/\/www.linkedin.com\/in\/florence-nassiet-1335b71\/', 'Florence Nassiet');\" target=\"_blank\">Florence Nassiet<\/a><\/p>\n<p>&nbsp;<\/p>\n<p><strong>D\u00e9l\u00e9gation r\u00e9gionale Occitanie<\/strong><\/p>\n<p>D\u00e9l\u00e9gu\u00e9es r\u00e9gionales : <a href=\"https:\/\/www.linkedin.com\/in\/celine-albouy-15005094\/\" onclick=\"__gaTracker('send', 'event', 'outbound-article', 'https:\/\/www.linkedin.com\/in\/celine-albouy-15005094\/', 'C\u00e9line Albouy');\" target=\"_blank\">C\u00e9line Albouy<\/a>, <a href=\"https:\/\/www.linkedin.com\/in\/melinadurand\/\" onclick=\"__gaTracker('send', 'event', 'outbound-article', 'https:\/\/www.linkedin.com\/in\/melinadurand\/', 'M\u00e9lina Durand');\" target=\"_blank\">M\u00e9lina Durand<\/a>, <a href=\"https:\/\/www.linkedin.com\/in\/sarah-sabatier-781a74104\/\" onclick=\"__gaTracker('send', 'event', 'outbound-article', 'https:\/\/www.linkedin.com\/in\/sarah-sabatier-781a74104\/', 'Sarah Sabatier');\" target=\"_blank\">Sarah Sabatier<\/a>,<a href=\"https:\/\/www.linkedin.com\/in\/nad%C3%A8ge-sales-4456a85\/?originalSubdomain=fr\" onclick=\"__gaTracker('send', 'event', 'outbound-article', 'https:\/\/www.linkedin.com\/in\/nad%C3%A8ge-sales-4456a85\/?originalSubdomain=fr', ' Nad\u00e8ge Sal\u00e8s');\" target=\"_blank\"> Nad\u00e8ge Sal\u00e8s<\/a><\/p>\n<p>&nbsp;<\/p>\n<p><strong>D\u00e9l\u00e9gation r\u00e9gionale Pays de la Loire<\/strong><\/p>\n<p><em>D\u00e9l\u00e9gu\u00e9s r\u00e9gionaux en attente de d\u00e9signation<\/em><\/p>\n<p>&nbsp;<\/p>\n<p><strong>D\u00e9l\u00e9gation r\u00e9gionale Provence Alpes C\u00f4te-d&rsquo;Azur<\/strong><\/p>\n<p>D\u00e9l\u00e9gu\u00e9s r\u00e9gionaux : Geoffrey Parenti, Camille Le Floch<\/p>\n<p>&nbsp;<\/p>\n<p><strong>D\u00e9l\u00e9gation R\u00e9union &#8211; Mayotte &#8211; Oc\u00e9an Indien<\/strong><\/p>\n<p><em>D\u00e9l\u00e9gu\u00e9s r\u00e9gionaux en attente de d\u00e9signation<\/em><\/p>\n","protected":false},"excerpt":{"rendered":"<p>L&rsquo;Assembl\u00e9e g\u00e9n\u00e9rale du CNJU du 3 d\u00e9cembre 2016 a act\u00e9 la mise en place de d\u00e9l\u00e9gations r\u00e9gionales. Ces d\u00e9l\u00e9gations s&rsquo;appuient sur des d\u00e9l\u00e9gu\u00e9s r\u00e9gionaux mandat\u00e9s&#8230;<\/p>\n","protected":false},"author":1,"featured_media":0,"parent":0,"menu_order":0,"comment_status":"closed","ping_status":"closed","template":"","meta":{"jetpack_post_was_ever_published":false,"footnotes":""},"jetpack_sharing_enabled":true,"_links":{"self":[{"href":"http:\/\/www.jeunes-urbanistes.fr\/index.php?rest_route=\/wp\/v2\/pages\/3572"}],"collection":[{"href":"http:\/\/www.jeunes-urbanistes.fr\/index.php?rest_route=\/wp\/v2\/pages"}],"about":[{"href":"http:\/\/www.jeunes-urbanistes.fr\/index.php?rest_route=\/wp\/v2\/types\/page"}],"author":[{"embeddable":true,"href":"http:\/\/www.jeunes-urbanistes.fr\/index.php?rest_route=\/wp\/v2\/users\/1"}],"replies":[{"embeddable":true,"href":"http:\/\/www.jeunes-urbanistes.fr\/index.php?rest_route=%2Fwp%2Fv2%2Fcomments&post=3572"}],"version-history":[{"count":15,"href":"http:\/\/www.jeunes-urbanistes.fr\/index.php?rest_route=\/wp\/v2\/pages\/3572\/revisions"}],"predecessor-version":[{"id":4046,"href":"http:\/\/www.jeunes-urbanistes.fr\/index.php?rest_route=\/wp\/v2\/pages\/3572\/revisions\/4046"}],"wp:attachment":[{"href":"http:\/\/www.jeunes-urbanistes.fr\/index.php?rest_route=%2Fwp%2Fv2%2Fmedia&parent=3572"}],"curies":[{"name":"wp","href":"https:\/\/api.w.org\/{rel}","templated":true}]}}