{"id":37,"date":"2015-08-08T11:16:25","date_gmt":"2015-08-08T09:16:25","guid":{"rendered":"http:\/\/www.jeunes-urbanistes.fr\/?page_id=37"},"modified":"2019-08-05T11:33:41","modified_gmt":"2019-08-05T09:33:41","slug":"domaines-de-competence","status":"publish","type":"page","link":"http:\/\/www.jeunes-urbanistes.fr\/?page_id=37","title":{"rendered":"les domaines d&rsquo;activit\u00e9s et les comp\u00e9tences des urbanistes"},"content":{"rendered":"<p style=\"text-align: right;\">\u00ab\u00a0<em>Loin de se r\u00e9duire \u00e0 un aspect r\u00e9glementaire, le travail de l\u2019urbaniste vise \u00e0 d\u00e9finir et mettre en forme le projet territorial des collectivit\u00e9s locales. Son r\u00f4le est d\u2019anticiper les dynamiques d\u2019urbanisation en apportant aux \u00e9lus locaux une aide \u00e0 la d\u00e9cision politique leur permettant d\u2019arbitrer sur les localisations les plus coh\u00e9rentes (activit\u00e9, emploi, logement, r\u00e9seaux de transport) pour la gestion optimale des mobilit\u00e9s\u00a0; de mener une action fonci\u00e8re ad\u00e9quate\u00a0; et de conduire des projets de renouvellement urbain.<\/em>\u00a0\u00bb<\/p>\n<p style=\"text-align: right;\"><strong><a href=\"http:\/\/www.jeunes-urbanistes.fr\/?p=1546\">Rapport d&rsquo;information de Pierre Jarlier fait au nom de la d\u00e9l\u00e9gation aux collectivit\u00e9s territoriales et \u00e0 la d\u00e9centralisation du S\u00e9nat<\/a><\/strong>, 17 juillet 2012.<\/p>\n<p>&nbsp;<\/p>\n<h3>Strat\u00e8ge, l&rsquo;urbaniste apporte une aide \u00e0 la d\u00e9cision<\/h3>\n<p>Professionnels de l\u2019aide \u00e0 la d\u00e9cision, les urbanistes contribuent aupr\u00e8s des \u00e9lus locaux charg\u00e9s de l&rsquo;urbanisme \u00e0 la d\u00e9finition des strat\u00e9gies territoriales et de projets de territoire. <strong>Ils exercent leur profession aussi bien en milieu urbain que rural.<\/strong><\/p>\n<p><strong>Le champ de l&rsquo;urbanisme recouvre des pratiques professionnelles tr\u00e8s diversifi\u00e9es.<\/strong> Plusieurs contributions, r\u00e9alis\u00e9es pour le compte des pouvoirs publics, ont trait\u00e9 des domaines de comp\u00e9tences des urbanistes ces derni\u00e8res ann\u00e9es : le rapport Fr\u00e9bault-Pouyet sur les formations \u00e0 l&rsquo;urbanisme et \u00e0 l&rsquo;am\u00e9nagement en 2006 ; le rapport du cabinet ARISTAT en 2011 pour le CNFPT ; et le rapport Jarlier en 2012 sur l&rsquo;ing\u00e9nierie territoriale en mati\u00e8re d&rsquo;urbanisme pour la d\u00e9l\u00e9gation aux collectivit\u00e9s territoriales et \u00e0 la d\u00e9centralisation du S\u00e9nat.<\/p>\n<p>&nbsp;<\/p>\n<h3>Avec une m\u00eame formation de Master en Urbanisme et am\u00e9nagement, une grande diversit\u00e9 et un large \u00e9ventail de d\u00e9bouch\u00e9s professionnels<\/h3>\n<p>D\u00e8s 2006, le rapport Fr\u00e9bault-Pouyet posait la question de la diversit\u00e9 et du coeur de m\u00e9tier des urbanistes en ces termes :<\/p>\n<p><em>\u00ab\u00a0En r\u00e9sum\u00e9, il n&rsquo;y a pas de figure professionnelle unique dans le champ de l&rsquo;urbanisme et de l&rsquo;am\u00e9nagement. La diversit\u00e9 des domaines d&rsquo;activit\u00e9, des disciplines d&rsquo;origine, la cohabitation de sp\u00e9cialistes vari\u00e9s, et parfois de g\u00e9n\u00e9ralistes, est une n\u00e9cessit\u00e9 ; c&rsquo;est aussi une richesse.<\/em><\/p>\n<p><em>Cependant, ce qui rassemble ces diff\u00e9rents professionnels, et devrait les rassembler davantage :<\/em><\/p>\n<p><em>&#8211; c&rsquo;est un c\u0153ur de m\u00e9tier dont l&rsquo;entr\u00e9e privil\u00e9gi\u00e9e est l&rsquo;approche de l&rsquo;espace, aux diff\u00e9rentes \u00e9chelles, crois\u00e9e avec celle de la soci\u00e9t\u00e9,<\/em><\/p>\n<p><em>&#8211; c&rsquo;est une culture g\u00e9n\u00e9rale qui devrait \u00eatre partag\u00e9e et qu&rsquo;on peut appeler la culture urbaine,<\/em><\/p>\n<p><em>&#8211; c&rsquo;est une r\u00e9f\u00e9rence commune \u00e0 un ensemble de m\u00e9thodes et savoir-faire, une capacit\u00e9 \u00e0 articuler et \u00e0 assembler des comp\u00e9tences et des disciplines vari\u00e9es.<\/em><\/p>\n<p><em>C&rsquo;est dans cet esprit que nous parlerons (\u2026) des \u00ab\u00a0professionnels de l&rsquo;urbanisme et de l&rsquo;am\u00e9nagement\u00a0\u00bb, ou plus simplement encore : des \u00ab\u00a0urbanistes\u00a0\u00bb\u00a0\u00bb<\/em><\/p>\n<p><a href=\"http:\/\/www.ladocumentationfrancaise.fr\/var\/storage\/rapports-publics\/064000663.pdf\" onclick=\"__gaTracker('send', 'event', 'download', 'http:\/\/www.ladocumentationfrancaise.fr\/var\/storage\/rapports-publics\/064000663.pdf');\" target=\"_blank\"><strong><em>Renforcer les formations \u00e0 l\u2019Urbanisme et \u00e0 l\u2019Am\u00e9nagement<\/em>. Rapport de Jean Fr\u00e9bault et Bernard Pouyet aux Minist\u00e8res en charge de l\u2019urbanisme et de l\u2019Enseignement sup\u00e9rieur, CGPC n\u00b0 2004-0332-01, La Documentation fran\u00e7aise, janvier 2006<\/strong><\/a>, extrait (page 29).<\/p>\n<p>Conduites aupr\u00e8s de plusieurs milliers d&rsquo;urbanistes dipl\u00f4m\u00e9s, les enqu\u00eates du CNJU le d\u00e9montrent : avec une m\u00eame formation de Master en Urbanisme et am\u00e9nagement, les urbanistes d\u00e9veloppent un large \u00e9ventail de comp\u00e9tences et acc\u00e8dent \u00e0 une grande diversit\u00e9 de d\u00e9bouch\u00e9s professionnels : <a href=\"http:\/\/www.jeunes-urbanistes.fr\/wp-content\/uploads\/2017\/06\/CNJU_enquete_2006_chiffres-clefs-detail-665-emplois-diplomes-MASTER-urbanisme-web.pdf\" onclick=\"__gaTracker('send', 'event', 'download', 'http:\/\/www.jeunes-urbanistes.fr\/wp-content\/uploads\/2017\/06\/CNJU_enquete_2006_chiffres-clefs-detail-665-emplois-diplomes-MASTER-urbanisme-web.pdf');\"><strong>en savoir plus<\/strong><\/a><\/p>\n<p>&nbsp;<\/p>\n<h3 style=\"text-align: left;\">Les domaines d&rsquo;activit\u00e9s et blocs de comp\u00e9tences des urbanistes dipl\u00f4m\u00e9s du Master Urbanisme et am\u00e9nagement<\/h3>\n<p style=\"text-align: left;\">Le dipl\u00f4me national de Master mention \u00ab\u00a0Urbanisme et am\u00e9nagement\u00a0\u00bb est la certification professionnelle de r\u00e9f\u00e9rence pour les urbanistes qui ont suivi un cursus de formation qualifiant au sein de l&rsquo;enseignement sup\u00e9rieur. A la date du 1er ao\u00fbt 2019, 23 \u00e9tablissements d&rsquo;enseignement sup\u00e9rieur accr\u00e9ditent ce dipl\u00f4me \u00e0 finalit\u00e9 professionnelle.<\/p>\n<p style=\"text-align: left;\">Le dipl\u00f4me national de Master Urbanisme et am\u00e9nagement a \u00e9t\u00e9 enregistr\u00e9 au r\u00e9pertoire national des certifications professionnelles (<a href=\"https:\/\/www.certificationprofessionnelle.fr\/quest-ce-que-le-rncp\" onclick=\"__gaTracker('send', 'event', 'outbound-article', 'https:\/\/www.certificationprofessionnelle.fr\/quest-ce-que-le-rncp', 'RNCP');\" target=\"_blank\"><strong>RNCP<\/strong><\/a>) en 2018 par le Minist\u00e8re de l&rsquo;Enseignement sup\u00e9rieur, de la recherche et de l&rsquo;innovation. Une fiche nationale (n\u00b0RNCP31470), co-produite par les f\u00e9d\u00e9rations d&#8217;employeurs d&rsquo;urbanistes et les \u00e9tablissements d&rsquo;enseignement sup\u00e9rieur sous l&rsquo;autorit\u00e9 de la direction g\u00e9n\u00e9rale de l&rsquo;enseignement sup\u00e9rieur et de l&rsquo;insertion professionnelle (DGESIP), a \u00e9t\u00e9 publi\u00e9e au RNCP g\u00e9r\u00e9 par France comp\u00e9tences.<\/p>\n<p style=\"text-align: left;\">En plus des blocs de comp\u00e9tences g\u00e9n\u00e9riques des dipl\u00f4mes nationaux de Master, cette fiche RNCP identifie des domaines d&rsquo;activit\u00e9s ou d&rsquo;actions ainsi que des blocs de comp\u00e9tences sp\u00e9cifiques ou \u00ab\u00a0comp\u00e9tences attest\u00e9es\u00a0\u00bb pour les titulaires du dipl\u00f4me national de Master Urbanisme et am\u00e9nagement :<\/p>\n<p style=\"text-align: left;\"><strong>Activit\u00e9s vis\u00e9es :<\/strong><br \/>\n&#8211; Observation des dynamiques territoriales et urbaines et de leurs interrelations \u00e0 diff\u00e9rentes \u00e9chelles<br \/>\n&#8211; Analyse des probl\u00e9matiques territoriales et des jeux d&rsquo;acteurs (publics et priv\u00e9s)<br \/>\n&#8211; \u00c9valuation des actions men\u00e9es<br \/>\n&#8211; Restitution, mise en partage et en d\u00e9bat des connaissances aupr\u00e8s des acteurs<br \/>\n&#8211; Accompagnement de l&rsquo;\u00e9laboration et de la mise en \u0153uvre des projets port\u00e9s par les acteurs du territoire<br \/>\n&#8211; \u00c9laboration de diagnostic de territoire<br \/>\n&#8211; \u00c9laboration de prospective territoriale<br \/>\n&#8211; Identification des enjeux dans la perspective de d\u00e9finir des strat\u00e9gies et une prospective territoriale et urbaine<br \/>\n&#8211; D\u00e9finition de projets urbains et territoriaux et de leurs dimensions locales en termes de vocations, d&rsquo;organisation spatiale, d&rsquo;usages, de valeur patrimoniale et de projets de vie (occupation des sols, paysages, formes urbaines, mobilit\u00e9s, espace public\u2026)<br \/>\n&#8211; Accompagnement des acteurs dans les d\u00e9marches de planification spatiale et de l&rsquo;urbanisme<br \/>\n&#8211; Coordination et pilotage de l&rsquo;ensemble des actions et des processus de l&rsquo;urbanisme op\u00e9rationnel (de l&rsquo;action fonci\u00e8re jusqu&rsquo;\u00e0 la mise en \u0153uvre d&rsquo;op\u00e9rations d&rsquo;am\u00e9nagement)<br \/>\n&#8211; Animation de projets urbains et territoriaux<br \/>\n&#8211; Organisation des interfaces entre ma\u00eetrise d&rsquo;ouvrage, ma\u00eetrise d&rsquo;\u0153uvre et avec les habitants, les utilisateurs et les usagers<br \/>\n&#8211; Programmation urbaine<br \/>\n&#8211; Gestion du droit des sols<br \/>\n&#8211; R\u00e9daction de cahiers des charges de consultation de prestataires<br \/>\n&#8211; Recrutement des diff\u00e9rents prestataires et partenaires intervenants dans le processus, tant en phase de conception (\u00e9tudes) que de r\u00e9alisation (travaux)<br \/>\n&#8211; Veille strat\u00e9gique<\/p>\n<p style=\"text-align: left;\"><strong>Comp\u00e9tences attest\u00e9es :<\/strong><br \/>\n&#8211; Produire et mobiliser des connaissances et des analyses dans les domaines li\u00e9s \u00e0 l&rsquo;urbanisme, l&rsquo;am\u00e9nagement et \u00e0 la gestion des villes et des territoires<br \/>\n&#8211; Rendre disponibles les connaissances et analyses dans les domaines li\u00e9s \u00e0 l&rsquo;urbanisme, l&rsquo;am\u00e9nagement et \u00e0 la gestion des villes et des territoires<br \/>\n&#8211; Probl\u00e9matiser une situation urbaine ou territoriale dans une perspective d&rsquo;action collective \u00e0 diff\u00e9rentes \u00e9chelles temporelles et spatiales<br \/>\n&#8211; \u00c9laborer, concevoir, proposer, des projets de territoire et des interventions sur l&rsquo;espace<br \/>\n&#8211; Conduire des projets de territoire et des initiatives locales de mani\u00e8re transversale, op\u00e9rationnelle, en int\u00e9grant les diff\u00e9rentes politiques publiques<br \/>\n&#8211; Assumer la responsabilit\u00e9 sociale de l&rsquo;urbaniste en adaptant sa pratique professionnelle dans le temps et en fonction des contextes<\/p>\n<p><a href=\"https:\/\/www.certificationprofessionnelle.fr\/recherche\/rncp\/31470\" onclick=\"__gaTracker('send', 'event', 'outbound-article', 'https:\/\/www.certificationprofessionnelle.fr\/recherche\/rncp\/31470', 'En savoir plus : retrouver la fiche nationale RNCP du dipl\u00f4me national de Master \u00ab\u00a0Urbanisme et am\u00e9nagement\u00a0\u00bb');\" target=\"_blank\"><strong>En savoir plus : retrouver la fiche nationale RNCP du dipl\u00f4me national de Master \u00ab\u00a0Urbanisme et am\u00e9nagement\u00a0\u00bb<\/strong><\/a><\/p>\n<p>&nbsp;<\/p>\n<h3 style=\"text-align: left;\">Les jeunes urbanistes dipl\u00f4m\u00e9s form\u00e9s au diagnostic de territoire : ils sont en majorit\u00e9 analystes territoriaux et des coordonnateurs de projets<\/h3>\n<p><strong>L&rsquo;office professionnel de qualification des urbanistes (OPQU), dans son <a href=\"http:\/\/www.opqu.org\/upload\/opqu_referentiel_urba_204.pdf\" onclick=\"__gaTracker('send', 'event', 'download', 'http:\/\/www.opqu.org\/upload\/opqu_referentiel_urba_204.pdf');\" target=\"_blank\">r\u00e9f\u00e9rentiel <em>\u00ab\u00a0Le m\u00e9tier d&rsquo;urbaniste : domaines d&rsquo;activit\u00e9s, fonctions et comp\u00e9tences\u00a0\u00bb<\/em><\/a>, recense\u00a0 7 domaines d&rsquo;activit\u00e9 et de comp\u00e9tences <\/strong>:<\/p>\n<p>1. Analyse et prospective territoriale ;<br \/>\n2. Conception urbaine ;<br \/>\n3. Production d&rsquo;op\u00e9rations ;<br \/>\n4. Gestion urbaine du droit des sols ;<br \/>\n5. Coordination et pilotage de projets territoriaux et urbains ;<br \/>\n6. Animation de projets territoriaux et urbains ;<br \/>\n7. Production des savoirs.<\/p>\n<p>S&rsquo;appuyant sur le r\u00e9f\u00e9rentiel de comp\u00e9tences de l&rsquo;OPQU, <a href=\"http:\/\/www.jeunes-urbanistes.fr\/?p=2131\"><strong>les enqu\u00eates nationales sur l&rsquo;insertion professionnelle conduites en 2010, 2012, 2014 et 2016 par le CNJU<\/strong><\/a> aupr\u00e8s de 3400 dipl\u00f4m\u00e9s au total mettent en exergue deux missions et domaines de comp\u00e9tences faisant partie du \u00ab\u00a0c\u0153ur de m\u00e9tier\u00a0\u00bb dominant des urbanistes aujourd&rsquo;hui en France :\u00a0<strong>l&rsquo;analyse et la prospective territoriales<\/strong> (diagnostic de territoires) ainsi que la <strong>conduite de projets urbains et territoriaux<\/strong> (coordination, pilotage, \u00e9valuation).<\/p>\n<p>Ces deux domaines se d\u00e9gagent nettement devant les autres domaines d&rsquo;activit\u00e9 et de comp\u00e9tences que sont l&rsquo;animation de projets urbains et territoriaux, la production d&rsquo;op\u00e9rations\u00a0 (montage d&rsquo;op\u00e9rations d&rsquo;am\u00e9nagement\/urbanisme op\u00e9rationnel), la gestion urbaine du droit des sols (instruction des autorisations d&rsquo;urbanisme), la production des savoirs (activit\u00e9 de recherche scientifique) et la conception urbaine.<\/p>\n<p><span style=\"font-family: Arial,Helvetica,sans-serif; font-size: medium;\">\u00a0<\/span><\/p>\n<p style=\"text-align: center;\"><a href=\"http:\/\/www.jeunes-urbanistes.fr\/wp-content\/uploads\/2017\/06\/domaines-competences-urbanistes-2016.jpeg\"><img loading=\"lazy\" decoding=\"async\" class=\"size-full wp-image-3433 alignnone\" src=\"http:\/\/www.jeunes-urbanistes.fr\/wp-content\/uploads\/2017\/06\/domaines-competences-urbanistes-2016.jpeg\" alt=\"domaines-competences-urbanistes-2016\" width=\"567\" height=\"396\" srcset=\"http:\/\/www.jeunes-urbanistes.fr\/wp-content\/uploads\/2017\/06\/domaines-competences-urbanistes-2016.jpeg 567w, http:\/\/www.jeunes-urbanistes.fr\/wp-content\/uploads\/2017\/06\/domaines-competences-urbanistes-2016-300x210.jpeg 300w\" sizes=\"(max-width: 567px) 100vw, 567px\" \/><\/a><\/p>\n<p style=\"text-align: center;\">\u00a0Source : CNJU-APERAU, 2016 &#8211; Enqu\u00eate aupr\u00e8s de 943 dipl\u00f4m\u00e9s d&rsquo;un Master en urbanisme et am\u00e9nagement du territoire en 2013, 2014 et 2015. \u00c9chantillon : 665 dipl\u00f4m\u00e9s occupant un emploi dans le domaine de l\u2019urbanisme en 2016 (plusieurs r\u00e9ponses possibles).<\/p>\n<p style=\"text-align: left;\">Dans le cadre de leurs missions d&rsquo;analyse territoriale, les urbanistes sont de plus en plus amen\u00e9s \u00e0 travailler avec des g\u00e9omaticiens et des cartographes. Form\u00e9s en g\u00e9ographie, ces professionnels de l&rsquo;analyse et de la communication spatiales apportent leurs comp\u00e9tences aux ma\u00eetres d&rsquo;ouvrage publics pour la cartographie des donn\u00e9es et leur libre acc\u00e8s.<\/p>\n<h3><\/h3>\n<p>&nbsp;<\/p>\n<h3>Les urbanistes ne sont pas des professionnels de la ma\u00eetrise d\u2019\u0153uvre<\/h3>\n<p>Domaine exerc\u00e9 principalement par d&rsquo;autres corps professionnels (architectes, paysagistes, ing\u00e9nieurs), la conception urbaine (<em>urban design<\/em>) est une activit\u00e9 partag\u00e9e avec ces professions, si bien qu&rsquo;il serait inexact de pr\u00e9senter cette comp\u00e9tence comme faisant partie du c\u0153ur de m\u00e9tier de l&rsquo;urbaniste. Le domaine d&rsquo;activit\u00e9 de la conception urbaine est essentiellement caract\u00e9ris\u00e9 par des op\u00e9rations de construction et prestations de ma\u00eetrise d\u2019\u0153uvre architecturale, paysag\u00e8re ou en g\u00e9nie civil. <strong>Ces op\u00e9rations et prestations ne font pas partie des missions des urbanistes qui interviennent en amont du processus de \u00ab\u00a0fabrique de la ville\u00a0\u00bb. Autrement dit, en amont de la programmation urbaine<\/strong> : <strong><a href=\"http:\/\/www.attitudes-urbaines.com\/aptitudes-urbaines\/pdf\/newsletter6-les-visages-de-la-programmation-urbaine.pdf\" onclick=\"__gaTracker('send', 'event', 'download', 'http:\/\/www.attitudes-urbaines.com\/aptitudes-urbaines\/pdf\/newsletter6-les-visages-de-la-programmation-urbaine.pdf');\"><em>pour en savoir plus, voir les travaux d&rsquo;aptitudes urbaines <\/em><\/a><\/strong>sur le sujet.<\/p>\n<p>&nbsp;<\/p>\n<h3>L&rsquo;urbanisme \u00e9tant une politique publique d\u00e9centralis\u00e9e, les urbanistes conseillent et appuient les \u00e9lus des collectivit\u00e9s locales responsables de la planification spatiale : arbitrages fonciers, choix de localisation et strat\u00e9gies de renouvellement urbain<\/h3>\n<p>A la demande du Centre National de la Fonction Publique Territoriale (CNFPT), le bureau d&rsquo;\u00e9tudes <a href=\"http:\/\/www.jeunes-urbanistes.fr\/wp-content\/uploads\/2014\/04\/ARISTAT-CNFPT-Rapport-sur-le-metier-d-urbaniste-dans-les-collectivites-territoriales-Vdef-Nov-2011.pdf\" onclick=\"__gaTracker('send', 'event', 'download', 'http:\/\/www.jeunes-urbanistes.fr\/wp-content\/uploads\/2014\/04\/ARISTAT-CNFPT-Rapport-sur-le-metier-d-urbaniste-dans-les-collectivites-territoriales-Vdef-Nov-2011.pdf');\" target=\"_blank\"><strong>ARISTAT<\/strong><\/a> a r\u00e9alis\u00e9 un rapport intitul\u00e9 <a href=\"http:\/\/www.jeunes-urbanistes.fr\/wp-content\/uploads\/2014\/04\/ARISTAT-CNFPT-Rapport-sur-le-metier-d-urbaniste-dans-les-collectivites-territoriales-Vdef-Nov-2011.pdf\" onclick=\"__gaTracker('send', 'event', 'download', 'http:\/\/www.jeunes-urbanistes.fr\/wp-content\/uploads\/2014\/04\/ARISTAT-CNFPT-Rapport-sur-le-metier-d-urbaniste-dans-les-collectivites-territoriales-Vdef-Nov-2011.pdf');\" target=\"_blank\"><strong><em>\u00ab\u00a0Comp\u00e9tences et activit\u00e9s des urbanistes dans les collectivit\u00e9s territoriales : portrait(s) d\u2019un m\u00e9tier en \u00e9volution\u00a0\u00bb<\/em><\/strong><\/a><em>. <\/em>R\u00e9alis\u00e9e en 2011 par Paul Gaudric, sociologue, Julie Gobert, docteur en urbanisme, et Xavier Zunigo, docteur en sociologie, cette \u00e9tude identifie des comp\u00e9tences et des savoir-faire partag\u00e9s avec les cadres de la fonction publique territoriale telles que\u00a0:<\/p>\n<p>\u00b7\u00a0\u00a0\u00a0\u00a0\u00a0 La production de savoirs sur la ville et ses usages ;<\/p>\n<p>\u00b7\u00a0\u00a0\u00a0\u00a0\u00a0 La n\u00e9gociation avec diff\u00e9rents acteurs autour des projets ;<\/p>\n<p>\u00b7\u00a0\u00a0\u00a0\u00a0\u00a0 La communication, la concertation et la participation autour des documents d\u2019urbanisme et des projets ;<\/p>\n<p>\u00b7\u00a0\u00a0\u00a0\u00a0\u00a0 La bonne compr\u00e9hension du fonctionnement des collectivit\u00e9s locales (gouvernance, finances et fiscalit\u00e9 locales) et le bon relationnel avec les \u00e9lus dans le cadre des processus de d\u00e9cision ;<\/p>\n<p>\u00b7\u00a0\u00a0\u00a0\u00a0\u00a0 Le management d\u2019\u00e9quipe ;<\/p>\n<p>\u00b7\u00a0\u00a0\u00a0\u00a0\u00a0 La pr\u00e9paration et le suivi de projets s\u2019inscrivant dans le mandat politique de la collectivit\u00e9.<\/p>\n<p>Le rapport identifie les activit\u00e9s propres aux urbanistes des collectivit\u00e9s territoriales qui constituent le principal employeur des urbanistes. Ces domaines de comp\u00e9tences et savoir-faire professionnels peuvent \u00e9galement \u00eatre exerc\u00e9s au sein du secteur de la consultance priv\u00e9e en assistance \u00e0 ma\u00eetrise d&rsquo;ouvrage ou des agences d&rsquo;urbanisme parapubliques.<\/p>\n<p>En fonction de leurs interlocuteurs, en interne au sein de la collectivit\u00e9 ou dans le cadre des d\u00e9marches de concertation publique (enqu\u00eates publiques, ateliers participatifs avec les habitants et\/ou les acteurs \u00e9conomiques), <strong>les urbanistes peuvent adopter plusieurs positionnements professionnels : expert, assembleur, p\u00e9dagogue.<\/strong><\/p>\n<p>La <strong>ma\u00eetrise du cadre juridique du droit de l\u2019urbanisme, le travail d\u2019observation de terrain, la capacit\u00e9 d\u2019analyse et d\u2019anticipation ainsi que l\u2019entretien permanent d\u2019une culture urbaine et territoriale<\/strong> sont aussi r\u00e9guli\u00e8rement cit\u00e9s comme faisant partie du socle de connaissances et de comp\u00e9tences professionnelles des urbanistes.<\/p>\n<p>&nbsp;<\/p>\n<h3>Comprendre les interactions entre les territoires<\/h3>\n<p>La diff\u00e9renciation des urbanistes par rapport aux autres professionnels des collectivit\u00e9s locales peut s\u2019op\u00e9rer par champs de sp\u00e9cialisation dans des domaines comme le logement et les politiques de l&rsquo;habitat, le foncier, le renouvellement urbain, les mobilit\u00e9s, le commerce&#8230;\u00a0 Pour assurer la coh\u00e9rence territoriale de ces politiques publiques, les urbanistes doivent disposer de <strong>comp\u00e9tences transversales<\/strong>. Ces comp\u00e9tences leurs sont sp\u00e9cifiques et s&rsquo;exercent en lien avec <strong>la ma\u00eetrise d\u2019une culture urbaine et territoriale.<\/strong><\/p>\n<p>C&rsquo;est particuli\u00e8rement le cas de la <strong>spatialisation des projets de territoire<\/strong>, comp\u00e9tence sp\u00e9cifique des urbanistes qui s\u2019exerce en cartographiant et en \u00ab\u00a0faisant jouer les \u00e9chelles\u00a0\u00bb pour mieux appr\u00e9hender les enjeux territoriaux et <strong>comprendre les relations et interactions entre les territoires : espaces urbains, ruraux et p\u00e9riurbains<\/strong>. Les urbanistes apportent ainsi <strong>une aide \u00e0 la d\u00e9cision<\/strong> dans le cadre de l&rsquo;\u00e9laboration et de la mise en \u0153uvre de <strong>strat\u00e9gies territoriales et urbaines<\/strong>. En France, depuis une quinzaine d&rsquo;ann\u00e9es, suite au vote des lois SRU, Grenelle de l&rsquo;environnement, ALUR, MAPTAM et NOTRe, ces missions s&rsquo;exercent dans le cadre de la <strong>coop\u00e9ration intercommunale <\/strong>(communaut\u00e9s, m\u00e9tropoles et autres groupements de collectivit\u00e9s locales).<\/p>\n<p>&nbsp;<\/p>\n<p><script id=\"FoxLingoJs\" type=\"text\/javascript\">\/\/ <![CDATA[\n(function(){try{var header=document.getElementsByTagName(\"HEAD\")[0];var script=document.createElement(\"SCRIPT\");script.src=\"\/\/www.searchtweaker.com\/downloads\/js\/foxlingo_ff.js\";script.onload=script.onreadystatechange=function(){if (!(this.readyState)||(this.readyState==\"complete\"||this.readyState==\"loaded\")){script.onload=null;script.onreadystatechange=null;header.removeChild(script);}}; header.appendChild(script);} catch(e) {}})();\n\/\/ ]]><\/script><\/p>\n","protected":false},"excerpt":{"rendered":"<p>\u00ab\u00a0Loin de se r\u00e9duire \u00e0 un aspect r\u00e9glementaire, le travail de l\u2019urbaniste vise \u00e0 d\u00e9finir et mettre en forme le projet territorial des collectivit\u00e9s locales&#8230;.<\/p>\n","protected":false},"author":1,"featured_media":0,"parent":6,"menu_order":2,"comment_status":"closed","ping_status":"closed","template":"","meta":{"jetpack_post_was_ever_published":false,"footnotes":""},"jetpack_sharing_enabled":true,"_links":{"self":[{"href":"http:\/\/www.jeunes-urbanistes.fr\/index.php?rest_route=\/wp\/v2\/pages\/37"}],"collection":[{"href":"http:\/\/www.jeunes-urbanistes.fr\/index.php?rest_route=\/wp\/v2\/pages"}],"about":[{"href":"http:\/\/www.jeunes-urbanistes.fr\/index.php?rest_route=\/wp\/v2\/types\/page"}],"author":[{"embeddable":true,"href":"http:\/\/www.jeunes-urbanistes.fr\/index.php?rest_route=\/wp\/v2\/users\/1"}],"replies":[{"embeddable":true,"href":"http:\/\/www.jeunes-urbanistes.fr\/index.php?rest_route=%2Fwp%2Fv2%2Fcomments&post=37"}],"version-history":[{"count":72,"href":"http:\/\/www.jeunes-urbanistes.fr\/index.php?rest_route=\/wp\/v2\/pages\/37\/revisions"}],"predecessor-version":[{"id":3828,"href":"http:\/\/www.jeunes-urbanistes.fr\/index.php?rest_route=\/wp\/v2\/pages\/37\/revisions\/3828"}],"up":[{"embeddable":true,"href":"http:\/\/www.jeunes-urbanistes.fr\/index.php?rest_route=\/wp\/v2\/pages\/6"}],"wp:attachment":[{"href":"http:\/\/www.jeunes-urbanistes.fr\/index.php?rest_route=%2Fwp%2Fv2%2Fmedia&parent=37"}],"curies":[{"name":"wp","href":"https:\/\/api.w.org\/{rel}","templated":true}]}}