{"id":378,"date":"2011-06-28T21:57:22","date_gmt":"2011-06-28T21:57:22","guid":{"rendered":"http:\/\/www.jeunes-urbanistes.fr\/?page_id=378"},"modified":"2017-03-12T22:37:26","modified_gmt":"2017-03-12T20:37:26","slug":"enquetes-dinsertion-professionnelle","status":"publish","type":"page","link":"http:\/\/www.jeunes-urbanistes.fr\/?page_id=378","title":{"rendered":"Construire une veille strat\u00e9gique sur l&rsquo;insertion professionnelle des jeunes urbanistes"},"content":{"rendered":"<p><span style=\"font-family: Arial,Helvetica,sans-serif; font-size: medium;\"><strong>Depuis sa cr\u00e9ation et conform\u00e9ment \u00e0 son objet social, le CNJU prend part \u00e0 la construction d&rsquo;un dispositif national d&rsquo;observation et de veille strat\u00e9gique sur les d\u00e9bouch\u00e9s professionnels et le fonctionnement du march\u00e9 de l&#8217;emploi dans le champ de l&rsquo;urbanisme.<\/strong><\/span><\/p>\n<p><em>\u00ab\u00a0Le CNJU relaie et communique aupr\u00e8s des pouvoirs publics, les acteurs priv\u00e9s et des instances professionnelles fran\u00e7aises de l&rsquo;urbanisme les difficult\u00e9s et probl\u00e8mes rencontr\u00e9s par les jeunes dipl\u00f4m\u00e9s en urbanisme dans les domaines de l&rsquo;insertion, de l&#8217;emploi, de l&rsquo;acc\u00e8s \u00e0 la formation continue et de la reconnaissance des acquis de l&rsquo;exp\u00e9rience. Entre autres, le CNJU s&rsquo;efforce de mieux faire reconna\u00eetre au sein des collectivit\u00e9s locales et de la fonction publique territoriale les comp\u00e9tences des urbanistes dipl\u00f4m\u00e9s de l&rsquo;enseignement sup\u00e9rieur\u00a0\u00bb<\/em> (article 3 des statuts du CNJU)<\/p>\n<p>&nbsp;<\/p>\n<p style=\"text-align: center;\"><strong><span style=\"font-family: Arial,Helvetica,sans-serif; font-size: medium;\">Les actions de la commission Formations et insertion professionnelle du CNJU<\/span><\/strong><\/p>\n<p><span style=\"font-family: Arial,Helvetica,sans-serif; font-size: medium;\">Le Collectif national des jeunes urbanistes s&rsquo;appuie depuis sa cr\u00e9ation sur une commission permanente d\u00e9di\u00e9e aux Formations et \u00e0 l&rsquo;insertion professionnelle. <\/span><\/p>\n<p><span style=\"font-family: Arial,Helvetica,sans-serif; font-size: medium;\">R\u00e9unie r\u00e9guli\u00e8rement, la commission assure une veille permanente sur les formations en urbanisme et l&rsquo;insertion professionnelle des dipl\u00f4m\u00e9s. Elle organise ses travaux \u00e0 partir de deux axes :\u00a0<\/span><\/p>\n<ul>\n<li><span style=\"font-family: Arial,Helvetica,sans-serif; font-size: medium;\"><strong>R\u00e9flexion sur l&rsquo;offre formation<\/strong> (initiale et continue) des urbanistes. Le CNJU maintien une activit\u00e9 de veille r\u00e9guli\u00e8re sur l&rsquo;\u00e9volution des cursus de formation en urbanisme. Depuis sa cr\u00e9ation, l&rsquo;association a pris l&rsquo;initiative d&rsquo;\u00e9tablir <a href=\"http:\/\/www.jeunes-urbanistes.fr\/?p=1641\"><strong>un recensement exhaustif des formations en urbanisme et am\u00e9nagement du territoire de niveau Master (Bac+5\/6)<\/strong><\/a>.<\/span><\/li>\n<\/ul>\n<p>&nbsp;<\/p>\n<ul>\n<li><span style=\"font-family: Arial,Helvetica,sans-serif; font-size: medium;\"><strong>Observation des conditions d&rsquo;insertion professionnelle des urbanistes<\/strong>. Le CNJU conduit r\u00e9guli\u00e8rement des <a href=\"http:\/\/www.jeunes-urbanistes.fr\/?p=2131\"><strong>enqu\u00eates d&rsquo;insertion professionnelle \u00e0 destination des dipl\u00f4m\u00e9s en urbanisme<\/strong><\/a>.<\/span><\/li>\n<\/ul>\n<p>&nbsp;<\/p>\n<ul>\n<li><span style=\"font-family: Arial, Helvetica, sans-serif; font-size: medium;\">Fort de son expertise, le CNJU propose une offre de services \u00e0 destination de ses membres en proposant une <\/span><a style=\"font-family: Arial, Helvetica, sans-serif; font-size: medium;\" href=\"http:\/\/www.jeunes-urbanistes.fr\/?page_id=931\"><strong>permanence d&rsquo;orientation professionnelle en lien avec ses associations de dipl\u00f4m\u00e9s membres<\/strong><\/a><span style=\"font-family: Arial, Helvetica, sans-serif; font-size: medium;\">.<\/span><\/li>\n<\/ul>\n<p>&nbsp;<\/p>\n<p><span style=\"font-size: 13px;\">\u00a0<\/span><\/p>\n<ul>\n<li><strong style=\"font-size: 13px;\"><span style=\"font-family: Arial,Helvetica,sans-serif; font-size: medium;\">Certification professionnelle des dipl\u00f4mes : le CNJU force de propositions.\u00a0<\/span><\/strong><span style=\"font-family: Arial,Helvetica,sans-serif; font-size: medium;\">Dans le cadre des travaux de la commission Formations et insertion professionnelle, le CNJU conduit une veille sur le processus de certification des dipl\u00f4mes sup\u00e9rieurs en urbanisme de niveau Bac+5\/6.\u00a0<\/span><span style=\"font-family: Arial,Helvetica,sans-serif; font-size: medium;\"><strong>&gt; <a href=\"http:\/\/www.jeunes-urbanistes.fr\/?p=1220\" target=\"_blank\">En savoir plus<\/a><\/strong><\/span><\/li>\n<\/ul>\n<p>&nbsp;<\/p>\n<p>&nbsp;<\/p>\n<p>&nbsp;<\/p>\n","protected":false},"excerpt":{"rendered":"<p>Depuis sa cr\u00e9ation et conform\u00e9ment \u00e0 son objet social, le CNJU prend part \u00e0 la construction d&rsquo;un dispositif national d&rsquo;observation et de veille strat\u00e9gique sur&#8230;<\/p>\n","protected":false},"author":1,"featured_media":0,"parent":73,"menu_order":2,"comment_status":"closed","ping_status":"closed","template":"","meta":{"jetpack_post_was_ever_published":false,"footnotes":""},"jetpack_sharing_enabled":true,"_links":{"self":[{"href":"http:\/\/www.jeunes-urbanistes.fr\/index.php?rest_route=\/wp\/v2\/pages\/378"}],"collection":[{"href":"http:\/\/www.jeunes-urbanistes.fr\/index.php?rest_route=\/wp\/v2\/pages"}],"about":[{"href":"http:\/\/www.jeunes-urbanistes.fr\/index.php?rest_route=\/wp\/v2\/types\/page"}],"author":[{"embeddable":true,"href":"http:\/\/www.jeunes-urbanistes.fr\/index.php?rest_route=\/wp\/v2\/users\/1"}],"replies":[{"embeddable":true,"href":"http:\/\/www.jeunes-urbanistes.fr\/index.php?rest_route=%2Fwp%2Fv2%2Fcomments&post=378"}],"version-history":[{"count":38,"href":"http:\/\/www.jeunes-urbanistes.fr\/index.php?rest_route=\/wp\/v2\/pages\/378\/revisions"}],"predecessor-version":[{"id":3407,"href":"http:\/\/www.jeunes-urbanistes.fr\/index.php?rest_route=\/wp\/v2\/pages\/378\/revisions\/3407"}],"up":[{"embeddable":true,"href":"http:\/\/www.jeunes-urbanistes.fr\/index.php?rest_route=\/wp\/v2\/pages\/73"}],"wp:attachment":[{"href":"http:\/\/www.jeunes-urbanistes.fr\/index.php?rest_route=%2Fwp%2Fv2%2Fmedia&parent=378"}],"curies":[{"name":"wp","href":"https:\/\/api.w.org\/{rel}","templated":true}]}}