{"id":3798,"date":"2019-02-22T11:49:09","date_gmt":"2019-02-22T09:49:09","guid":{"rendered":"http:\/\/www.jeunes-urbanistes.fr\/?page_id=3798"},"modified":"2020-03-04T11:38:12","modified_gmt":"2020-03-04T09:38:12","slug":"partenaires","status":"publish","type":"page","link":"http:\/\/www.jeunes-urbanistes.fr\/?page_id=3798","title":{"rendered":"partenaires"},"content":{"rendered":"<p>Le Collectif National des Jeunes Urbanistes entretient des relations avec des partenaires oeuvrant pour la reconnaissance du m\u00e9tier d&rsquo;urbaniste.<\/p>\n<ul>\n<li><span style=\"color: #000000;\"><strong>Urbanistes des Territoires<\/strong><\/span><\/li>\n<\/ul>\n<p>L&rsquo;association Urbanistes des Territoires a \u00e9t\u00e9 cr\u00e9\u00e9e en 1982 \u00e0 M\u00e2con dans le contexte de la mise en oeuvre de la d\u00e9centralisation. Son objectif est de rassembler les urbanistes des secteurs public, parapublic et priv\u00e9 qui travaillent pour les collectivit\u00e9s territoriales.<\/p>\n<p>Le partenariat s&rsquo;inscrit dans une entraide mutuelle pour permettre la reconnaissance du m\u00e9tier d&rsquo;urbaniste.<\/p>\n<p>Site internet : <a href=\"http:\/\/www.urbanistesdesterritoires.com\/\" onclick=\"__gaTracker('send', 'event', 'outbound-article', 'http:\/\/www.urbanistesdesterritoires.com\/', 'http:\/\/www.urbanistesdesterritoires.com\/');\">http:\/\/www.urbanistesdesterritoires.com\/<\/a><\/p>\n<p>&nbsp;<\/p>\n<ul>\n<li><strong>Association des Jeunes Urbanistes Tunisiens<\/strong><\/li>\n<\/ul>\n<p>L&rsquo;Association des Jeunes Urbanistes Tunisien est un r\u00e9seau associatif ind\u00e9pendant cr\u00e9\u00e9 en 2017. Son objectif est de f\u00e9d\u00e9rer les jeunes urbanistes pour am\u00e9liorer leur reconnaissance.<\/p>\n<p>La coop\u00e9ration s&rsquo;inscrit dans une expertise internationale du m\u00e9tier d&rsquo;urbaniste par un \u00e9change d&rsquo;experiences et de comp\u00e9tences.<\/p>\n<p>Site internet : <a href=\"https:\/\/issuu.com\/uniondesjeunesurbanistestunisien\" onclick=\"__gaTracker('send', 'event', 'outbound-article', 'https:\/\/issuu.com\/uniondesjeunesurbanistestunisien', 'https:\/\/issuu.com\/uniondesjeunesurbanistestunisien');\">https:\/\/issuu.com\/uniondesjeunesurbanistestunisien<\/a><\/p>\n<p>&nbsp;<\/p>\n<ul>\n<li><strong>Innovapresse<\/strong><\/li>\n<\/ul>\n<p>Le Forum des Projets Urbains est organis\u00e9 par Innovapresse, une soci\u00e9t\u00e9 du Groupe Ficade. Fond\u00e9e en 1974 par Jean AUDOUIN et pr\u00e9sid\u00e9e par Ga\u00ebl CHERVET, Innovapresse est \u00e9diteur de presse sp\u00e9cialis\u00e9e et organisateur d\u2019\u00e9v\u00e9nements dans le secteur de l\u2019am\u00e9nagement et de l\u2019urbanisme.<\/p>\n<p>Le partenariat s&rsquo;inscrit dans un \u00e9change d&rsquo;informations et une communication des actualit\u00e9s.<\/p>\n<p>Site internet : <a href=\"https:\/\/www.projetsurbains.com\/\" onclick=\"__gaTracker('send', 'event', 'outbound-article', 'https:\/\/www.projetsurbains.com\/', 'https:\/\/www.projetsurbains.com\/');\">https:\/\/www.projetsurbains.com\/<\/a><\/p>\n<p>&nbsp;<\/p>\n<ul>\n<li><strong>Batiactu<\/strong><\/li>\n<\/ul>\n<p>Les Assises du Logement, organis\u00e9es par Batiactu, visent \u00e0 r\u00e9unir les acteurs du logement en France afin d&rsquo;interroger collectivement la notion de logement pour le XXI\u00e8me si\u00e8cle. Fond\u00e9 et dirig\u00e9 par Vincent Gadonneix et Xavier Dumouli\u00e9, le groupe Batiactu est sp\u00e9cialis\u00e9 dans l&rsquo;information sur l&rsquo;immobilier, l&rsquo;architecture et la construction.<\/p>\n<p>Le partenariat s&rsquo;inscrit dans un \u00e9change d&rsquo;informations et une communication des actualit\u00e9s.<\/p>\n<p>Site internet : <a href=\"https:\/\/event.batiactu.com\/assises_du_logement\" onclick=\"__gaTracker('send', 'event', 'outbound-article', 'https:\/\/event.batiactu.com\/assises_du_logement', 'https:\/\/event.batiactu.com\/assises_du_logement');\">https:\/\/event.batiactu.com\/assises_du_logement<\/a><\/p>\n","protected":false},"excerpt":{"rendered":"<p>Le Collectif National des Jeunes Urbanistes entretient des relations avec des partenaires oeuvrant pour la reconnaissance du m\u00e9tier d&rsquo;urbaniste. Urbanistes des Territoires L&rsquo;association Urbanistes des&#8230;<\/p>\n","protected":false},"author":1,"featured_media":0,"parent":3105,"menu_order":0,"comment_status":"closed","ping_status":"closed","template":"","meta":{"jetpack_post_was_ever_published":false,"footnotes":""},"jetpack_sharing_enabled":true,"_links":{"self":[{"href":"http:\/\/www.jeunes-urbanistes.fr\/index.php?rest_route=\/wp\/v2\/pages\/3798"}],"collection":[{"href":"http:\/\/www.jeunes-urbanistes.fr\/index.php?rest_route=\/wp\/v2\/pages"}],"about":[{"href":"http:\/\/www.jeunes-urbanistes.fr\/index.php?rest_route=\/wp\/v2\/types\/page"}],"author":[{"embeddable":true,"href":"http:\/\/www.jeunes-urbanistes.fr\/index.php?rest_route=\/wp\/v2\/users\/1"}],"replies":[{"embeddable":true,"href":"http:\/\/www.jeunes-urbanistes.fr\/index.php?rest_route=%2Fwp%2Fv2%2Fcomments&post=3798"}],"version-history":[{"count":3,"href":"http:\/\/www.jeunes-urbanistes.fr\/index.php?rest_route=\/wp\/v2\/pages\/3798\/revisions"}],"predecessor-version":[{"id":3897,"href":"http:\/\/www.jeunes-urbanistes.fr\/index.php?rest_route=\/wp\/v2\/pages\/3798\/revisions\/3897"}],"up":[{"embeddable":true,"href":"http:\/\/www.jeunes-urbanistes.fr\/index.php?rest_route=\/wp\/v2\/pages\/3105"}],"wp:attachment":[{"href":"http:\/\/www.jeunes-urbanistes.fr\/index.php?rest_route=%2Fwp%2Fv2%2Fmedia&parent=3798"}],"curies":[{"name":"wp","href":"https:\/\/api.w.org\/{rel}","templated":true}]}}