{"id":43,"date":"2011-02-17T11:17:40","date_gmt":"2011-02-17T11:17:40","guid":{"rendered":"http:\/\/www.jeunes-urbanistes.fr\/?page_id=43"},"modified":"2017-11-09T22:49:34","modified_gmt":"2017-11-09T20:49:34","slug":"formations-en-urbanisme","status":"publish","type":"page","link":"http:\/\/www.jeunes-urbanistes.fr\/?page_id=43","title":{"rendered":"Recensement national des dipl\u00f4mes en urbanisme et am\u00e9nagement du territoire"},"content":{"rendered":"<p>Dans le cadre de ses activit\u00e9s, la Commission\u00a0<a href=\"http:\/\/www.jeunes-urbanistes.fr\/?page_id=931\"><strong>Formations et insertion professionnelle<\/strong><\/a> du CNJU r\u00e9alise un travail de veille sur l&rsquo;offre de formation en urbanisme et am\u00e9nagement du territoire . Le CNJU tient \u00e0 jour le recensement exhaustif des dipl\u00f4mes de l&rsquo;enseignement sup\u00e9rieur sup\u00e9rieurs de niveau Master* (Bac+5) en urbanisme et am\u00e9nagement d\u00e9livr\u00e9s en France.<\/p>\n<p>Bas\u00e9 sur l&rsquo;information officielle d\u00e9livr\u00e9e par les \u00e9tablissements d&rsquo;enseignement sup\u00e9rieur sur leur site Internet, ce recensement identifie tous les dipl\u00f4mes \u00e0 finalit\u00e9 professionnelle dont l&rsquo;objectif est de former \u00e0 titre principal des urbanistes**.<em><br \/>\n<\/em><\/p>\n<p>En 2014, le CNJU recensait 157 dipl\u00f4mes de l&rsquo;enseignement sup\u00e9rieur de niveau Bac+5\/6 en urbanisme et am\u00e9nagement du territoire sont recens\u00e9s en France.<\/p>\n<p>En octobre 2017, suite \u00e0 l&rsquo;entr\u00e9e en vigueur de la r\u00e9forme des nouvelles nomenclatures du dipl\u00f4me national de Master pr\u00e9voyant le suppression des sp\u00e9cialit\u00e9s, <strong>le CNJU recense 21 dipl\u00f4mes nationaux de Master mention Urbanisme et am\u00e9nagement. Parmi ceux-ci, 15 sont enregistr\u00e9s au r\u00e9pertoire national des certifications professionnelles (RNCP)<\/strong>. Ces dipl\u00f4mes de Master en urbanisme et am\u00e9nagement valent ainsi qualifications professionnelles.<strong><br \/>\n<\/strong><\/p>\n<h3><strong><a href=\"http:\/\/www.jeunes-urbanistes.fr\/?p=1641\">Pour en savoir plus, retrouver notre article en ligne sur le recensement des dipl\u00f4mes en urbanisme et am\u00e9nagement de niveau Master effectu\u00e9 par le CNJU<\/a><br \/>\n<\/strong><\/h3>\n<p>Contact CNJU : cnju@cnju.fr<\/p>\n<p><em>* Avant l\u2019entr\u00e9e en vigueur de la r\u00e9forme LMD, le dipl\u00f4me \u00e9quivalent \u00e9tait le Dipl\u00f4me d\u2019\u00e9tudes sup\u00e9rieures sp\u00e9cialis\u00e9es (DESS) en Urbanisme et am\u00e9nagement, qui vaut grade de Master (Bac+5). <\/em><\/p>\n<p>** <em>Les dipl\u00f4mes formant \u00e0 d&rsquo;autres pratiques professionnelles (architecte, g\u00e9om\u00e8tre-expert, ing\u00e9nieur, paysagiste, etc.) et pouvant pr\u00e9senter des sp\u00e9cialit\u00e9s\/options en urbanisme et am\u00e9nagement du territoire, ne sont pas concern\u00e9s par ce recensement.<\/em><\/p>\n","protected":false},"excerpt":{"rendered":"<p>Dans le cadre de ses activit\u00e9s, la Commission\u00a0Formations et insertion professionnelle du CNJU r\u00e9alise un travail de veille sur l&rsquo;offre de formation en urbanisme et&#8230;<\/p>\n","protected":false},"author":1,"featured_media":1613,"parent":27,"menu_order":2,"comment_status":"closed","ping_status":"closed","template":"","meta":{"jetpack_post_was_ever_published":false,"footnotes":""},"jetpack_sharing_enabled":true,"_links":{"self":[{"href":"http:\/\/www.jeunes-urbanistes.fr\/index.php?rest_route=\/wp\/v2\/pages\/43"}],"collection":[{"href":"http:\/\/www.jeunes-urbanistes.fr\/index.php?rest_route=\/wp\/v2\/pages"}],"about":[{"href":"http:\/\/www.jeunes-urbanistes.fr\/index.php?rest_route=\/wp\/v2\/types\/page"}],"author":[{"embeddable":true,"href":"http:\/\/www.jeunes-urbanistes.fr\/index.php?rest_route=\/wp\/v2\/users\/1"}],"replies":[{"embeddable":true,"href":"http:\/\/www.jeunes-urbanistes.fr\/index.php?rest_route=%2Fwp%2Fv2%2Fcomments&post=43"}],"version-history":[{"count":33,"href":"http:\/\/www.jeunes-urbanistes.fr\/index.php?rest_route=\/wp\/v2\/pages\/43\/revisions"}],"predecessor-version":[{"id":3584,"href":"http:\/\/www.jeunes-urbanistes.fr\/index.php?rest_route=\/wp\/v2\/pages\/43\/revisions\/3584"}],"up":[{"embeddable":true,"href":"http:\/\/www.jeunes-urbanistes.fr\/index.php?rest_route=\/wp\/v2\/pages\/27"}],"wp:featuredmedia":[{"embeddable":true,"href":"http:\/\/www.jeunes-urbanistes.fr\/index.php?rest_route=\/wp\/v2\/media\/1613"}],"wp:attachment":[{"href":"http:\/\/www.jeunes-urbanistes.fr\/index.php?rest_route=%2Fwp%2Fv2%2Fmedia&parent=43"}],"curies":[{"name":"wp","href":"https:\/\/api.w.org\/{rel}","templated":true}]}}