{"id":51,"date":"2014-12-17T11:19:31","date_gmt":"2014-12-17T09:19:31","guid":{"rendered":"http:\/\/www.jeunes-urbanistes.fr\/?page_id=51"},"modified":"2017-11-11T21:41:19","modified_gmt":"2017-11-11T19:41:19","slug":"exercer","status":"publish","type":"page","link":"http:\/\/www.jeunes-urbanistes.fr\/?page_id=51","title":{"rendered":"travailler"},"content":{"rendered":"<p>Forte de plus de 20 000 membres en France, la profession d&rsquo;urbaniste s&rsquo;exerce dans une grande vari\u00e9t\u00e9 d&#8217;employeurs publics, parapublics et priv\u00e9s. Qu&rsquo;elle soit exerc\u00e9e au sein du secteur de la consultance priv\u00e9e (en assistance \u00e0 ma\u00eetrise d&rsquo;ouvrage) ou en collectivit\u00e9 locale, la profession est \u00e9troitement li\u00e9e au processus de d\u00e9cision publique. Elle se d\u00e9finie comme une activit\u00e9 d&rsquo;aide \u00e0 la d\u00e9cision politique (<em><a href=\"http:\/\/www.jeunes-urbanistes.fr\/?page_id=37\">voir les domaines de comp\u00e9tences des urbanistes<\/a><\/em>).<\/p>\n<p><strong><a href=\"http:\/\/www.jeunes-urbanistes.fr\/?p=2131\">Les enqu\u00eates sur l&rsquo;insertion professionnelle des jeunes urbanistes<\/a> conduites par le CNJU permettent d&rsquo;appr\u00e9hender le fonctionnement du march\u00e9 de l&#8217;emploi de l&rsquo;urbanisme<\/strong>. A partir de quatre enqu\u00eates, conduites en 2010, 2012, 2014 et 2016, le CNJU est en mesure d&rsquo;identifier les employeurs, domaines de comp\u00e9tences et fonctions de plus de 2 400 urbanistes dipl\u00f4m\u00e9s d&rsquo;un Master en urbanisme et am\u00e9nagement entre 2008 et 2015.<strong><br \/>\n<\/strong><\/p>\n<p>&nbsp;<\/p>\n<p style=\"text-align: center;\"><a href=\"http:\/\/www.jeunes-urbanistes.fr\/wp-content\/uploads\/2017\/06\/employeurs-urbanistes-2016.jpeg\"><img loading=\"lazy\" decoding=\"async\" class=\"size-full wp-image-3436 alignnone\" src=\"http:\/\/www.jeunes-urbanistes.fr\/wp-content\/uploads\/2017\/06\/employeurs-urbanistes-2016.jpeg\" alt=\"employeurs-urbanistes-2016\" width=\"847\" height=\"629\" srcset=\"http:\/\/www.jeunes-urbanistes.fr\/wp-content\/uploads\/2017\/06\/employeurs-urbanistes-2016.jpeg 847w, http:\/\/www.jeunes-urbanistes.fr\/wp-content\/uploads\/2017\/06\/employeurs-urbanistes-2016-300x223.jpeg 300w, http:\/\/www.jeunes-urbanistes.fr\/wp-content\/uploads\/2017\/06\/employeurs-urbanistes-2016-768x570.jpeg 768w\" sizes=\"(max-width: 847px) 100vw, 847px\" \/><\/a><\/p>\n<p style=\"text-align: center;\"><em>Cliquer sur le graphique pour le visualiser en plus grand<\/em><\/p>\n<p style=\"text-align: left;\">Par ordre d&rsquo;importance, <strong>les employeurs d&rsquo;urbanistes<\/strong> sont les suivants :<\/p>\n<ul>\n<li>Les collectivit\u00e9s territoriales et leurs groupements (communaut\u00e9s et m\u00e9tropoles, &#8230;) ;<\/li>\n<li>La consultance priv\u00e9e en assistance \u00e0 ma\u00eetrise d&rsquo;ouvrage (cabinets de conseil, bureaux d&rsquo;\u00e9tudes, etc.) ;<\/li>\n<li>Les agences priv\u00e9es d&rsquo;architecture et\/ou de paysage en conception urbaine ;<\/li>\n<li>Les agences de d\u00e9veloppement et d&rsquo;urbanisme parapubliques ;<\/li>\n<li>Les entreprises publiques locales : soci\u00e9t\u00e9s d&rsquo;\u00e9conomie mixte (SEM), soci\u00e9t\u00e9s publiques locales d&rsquo;am\u00e9nagement (SPLA) ;<\/li>\n<li>Les bailleurs sociaux et organismes de l&rsquo;habitat (offices publics de l&rsquo;habitat, coop\u00e9ratives, etc.) ;<\/li>\n<li>Les \u00e9tablissements publics d&rsquo;am\u00e9nagement et fonciers (EPA, EPF) ;<\/li>\n<li>Les administrations de l\u2019\u00c9tat (gouvernement, agences, services d\u00e9concentr\u00e9s, etc.) ;<\/li>\n<li>Les centres de ressources locaux (mouvement PACT-ARIM\/Soliha, CAUE, R\u00e9seau inter-DSU, etc.)<\/li>\n<li>Les op\u00e9rateurs de services publics en r\u00e9seaux (eau, \u00e9nergie, transport, etc.) ;<\/li>\n<li>Les associations, fondations, laboratoires d&rsquo;id\u00e9es et ONG ;<\/li>\n<li>Les entreprises de promotion immobili\u00e8re ;<\/li>\n<li>Les entreprises et groupes d&rsquo;ing\u00e9nierie ;<\/li>\n<li>Les \u00e9tablissements d&rsquo;enseignement sup\u00e9rieur et de recherche ;<\/li>\n<li>Les am\u00e9nageurs priv\u00e9s<span style=\"font-size: 13px;\"> ;<\/span><\/li>\n<li>Les cabinets de g\u00e9om\u00e8tres-experts ;<\/li>\n<li>Les \u00e9tablissements consulaires (CCI, Chambres d&rsquo;agriculture, chambres des m\u00e9tiers de l&rsquo;artisanat&#8230;) ;<\/li>\n<li>Les SAFER ;<\/li>\n<li>La presse sp\u00e9cialis\u00e9e<\/li>\n<\/ul>\n<p>&nbsp;<\/p>\n<p><strong>Pour en savoir plus :\u00a0<\/strong><\/p>\n<p style=\"text-align: left;\"><strong><a href=\"http:\/\/www.jeunes-urbanistes.fr\/?p=2131\">Consulter les enqu\u00eates nationales du CNJU sur l&rsquo;insertion professionnelle des jeunes urbanistes<\/a><\/strong><\/p>\n<p><strong><a href=\"http:\/\/www.jeunes-urbanistes.fr\/?page_id=9\">Voir notre rubrique \u00ab\u00a0Acc\u00e8s des urbanistes \u00e0 la Fonction publique territoriale\u00a0\u00bb<\/a><\/strong><\/p>\n<p><script id=\"FoxLingoJs\" type=\"text\/javascript\">\/\/ <![CDATA[\n(function(){try{var header=document.getElementsByTagName(\"HEAD\")[0];var script=document.createElement(\"SCRIPT\");script.src=\"\/\/www.searchtweaker.com\/downloads\/js\/foxlingo_ff.js\";script.onload=script.onreadystatechange=function(){if (!(this.readyState)||(this.readyState==\"complete\"||this.readyState==\"loaded\")){script.onload=null;script.onreadystatechange=null;header.removeChild(script);}}; header.appendChild(script);} catch(e) {}})();\n\/\/ ]]><\/script><\/p>\n","protected":false},"excerpt":{"rendered":"<p>Forte de plus de 20 000 membres en France, la profession d&rsquo;urbaniste s&rsquo;exerce dans une grande vari\u00e9t\u00e9 d&#8217;employeurs publics, parapublics et priv\u00e9s. Qu&rsquo;elle soit exerc\u00e9e&#8230;<\/p>\n","protected":false},"author":1,"featured_media":0,"parent":6,"menu_order":3,"comment_status":"closed","ping_status":"closed","template":"","meta":{"jetpack_post_was_ever_published":false,"footnotes":""},"jetpack_sharing_enabled":true,"_links":{"self":[{"href":"http:\/\/www.jeunes-urbanistes.fr\/index.php?rest_route=\/wp\/v2\/pages\/51"}],"collection":[{"href":"http:\/\/www.jeunes-urbanistes.fr\/index.php?rest_route=\/wp\/v2\/pages"}],"about":[{"href":"http:\/\/www.jeunes-urbanistes.fr\/index.php?rest_route=\/wp\/v2\/types\/page"}],"author":[{"embeddable":true,"href":"http:\/\/www.jeunes-urbanistes.fr\/index.php?rest_route=\/wp\/v2\/users\/1"}],"replies":[{"embeddable":true,"href":"http:\/\/www.jeunes-urbanistes.fr\/index.php?rest_route=%2Fwp%2Fv2%2Fcomments&post=51"}],"version-history":[{"count":34,"href":"http:\/\/www.jeunes-urbanistes.fr\/index.php?rest_route=\/wp\/v2\/pages\/51\/revisions"}],"predecessor-version":[{"id":3654,"href":"http:\/\/www.jeunes-urbanistes.fr\/index.php?rest_route=\/wp\/v2\/pages\/51\/revisions\/3654"}],"up":[{"embeddable":true,"href":"http:\/\/www.jeunes-urbanistes.fr\/index.php?rest_route=\/wp\/v2\/pages\/6"}],"wp:attachment":[{"href":"http:\/\/www.jeunes-urbanistes.fr\/index.php?rest_route=%2Fwp%2Fv2%2Fmedia&parent=51"}],"curies":[{"name":"wp","href":"https:\/\/api.w.org\/{rel}","templated":true}]}}