{"id":540,"date":"2011-07-24T19:54:10","date_gmt":"2011-07-24T19:54:10","guid":{"rendered":"http:\/\/www.jeunes-urbanistes.fr\/?page_id=540"},"modified":"2016-07-02T12:53:21","modified_gmt":"2016-07-02T10:53:21","slug":"lettre-ouverte","status":"publish","type":"page","link":"http:\/\/www.jeunes-urbanistes.fr\/?page_id=540","title":{"rendered":"la lettre ouverte du CNJU adress\u00e9e en 2009 au Gouvernement"},"content":{"rendered":"<p style=\"text-align: center;\"><span style=\"font-family: Arial,Helvetica,sans-serif; font-size: medium;\">La lettre ouverte a enregistr\u00e9\u00a0<strong>5 996<\/strong> signatures \u00e9lectroniques entre\u00a0le 26 septembre 2009 et octobre 2013.<br \/>\n<\/span><\/p>\n<p style=\"text-align: center;\"><span style=\"font-family: Arial,Helvetica,sans-serif; font-size: medium;\">Elle a \u00e9t\u00e9 adress\u00e9e au Gouvernement de M. Fran\u00e7ois Fillon le 27 octobre 2009.<\/span><\/p>\n<p style=\"text-align: center;\"><span style=\"font-family: Arial,Helvetica,sans-serif; font-size: medium;\"><br \/>\n<\/span><\/p>\n<p style=\"text-align: center;\"><a href=\"http:\/\/www.jeunes-urbanistes.fr\/?page_id=101\" target=\"_blank\"><strong><span style=\"font-family: Arial,Helvetica,sans-serif; font-size: medium;\">Les signataires<\/span><\/strong><\/a><\/p>\n<p style=\"text-align: center;\"><a href=\"http:\/\/www.jeunes-urbanistes.fr\/?page_id=101\" target=\"_blank\"><span style=\"font-family: Arial,Helvetica,sans-serif; font-size: medium;\"><strong><br \/>\n<\/strong><\/span><\/a><\/p>\n<p><strong><span style=\"font-family: Arial,Helvetica,sans-serif; font-size: medium;\">LA LETTRE OUVERTE DU CNJU<\/span><\/strong><\/p>\n<blockquote>\n<p style=\"text-align: center;\"><strong><span style=\"font-family: Arial,Helvetica,sans-serif; font-size: medium;\">N\u2019\u00e9vin\u00e7ons pas les urbanistes de nos collectivit\u00e9s territoriales !<br \/>\nLettre ouverte \u00e0 la Ministre de l\u2019Enseignement sup\u00e9rieur, au Ministre de la Fonction publique<br \/>\net au secr\u00e9taire d\u2019\u00c9tat aux Collectivit\u00e9s Territoriales<\/span><\/strong><\/p>\n<p><span style=\"font-family: Arial,Helvetica,sans-serif; font-size: medium;\">Il y a 10 ans, l\u2019Etat reconnaissait la profession d\u2019urbaniste, en participant \u00e0 la mise en place de l&rsquo;Office Professionnel de Qualification des Urbanistes. Il y a 10 ans, l&rsquo;\u00c9tat reconnaissait le fait urbain, \u00e0 travers la loi sur le renforcement de la coop\u00e9ration intercommunale et la mise en chantier de la loi SRU.<\/span><\/p>\n<p><span style=\"font-family: Arial,Helvetica,sans-serif; font-size: medium;\">Cette co\u00efncidence n\u2019a rien de fortuit. Le r\u00f4le que jouent d\u00e9sormais les urbanistes dans les villes et les agglom\u00e9rations est devenu d\u00e9terminant car ils apportent un savoir-faire transversal en phase avec les besoins de notre \u00e9poque. On compte aujourd\u2019hui environ 1500 professionnels de l&rsquo;analyse et de la prospective territoriales, du renouvellement urbain et de la gestion des op\u00e9rations de la politique de la ville, du pilotage et de la conduite de projets exer\u00e7ant dans nos collectivit\u00e9s ; et grand nombre d\u2019entre eux sont issus de formations universitaires.<\/span><\/p>\n<p><span style=\"font-family: Arial,Helvetica,sans-serif; font-size: medium;\">Au moment o\u00f9 la loi portant engagement national pour l&rsquo;environnement (dite \u00ab\u00a0Grenelle 2\u00a0\u00bb) s&rsquo;appr\u00eate \u00e0 repenser la coh\u00e9rence territoriale de l&rsquo;urbanisme, nous estimons n\u00e9cessaire que les urbanistes jouent un r\u00f4le accru en mati\u00e8re d\u2019assistance \u00e0 l\u2019\u00e9laboration des politiques publiques au sein des collectivit\u00e9s locales.<\/span><\/p>\n<p><span style=\"font-family: Arial,Helvetica,sans-serif; font-size: medium;\">Mais l&rsquo;entr\u00e9e en application r\u00e9cente d&rsquo;un d\u00e9cret (n\u00b02007-196 du 13 f\u00e9vrier 2007) vient bousculer ces \u00e9vidences en barrant l&rsquo;acc\u00e8s des urbanistes dipl\u00f4m\u00e9s de l\u2019enseignement universitaire au concours d\u2019ing\u00e9nieur territorial (mention urbanisme). Sous pr\u00e9texte que les urbanistes form\u00e9s \u00e0 l\u2019universit\u00e9 n\u2019auraient pas la qualification scientifique et technique n\u00e9cessaire ! Les impacts de l&rsquo;entr\u00e9e en vigueur de ce d\u00e9cret sont consid\u00e9rables : avant l&rsquo;\u00e9t\u00e9, 1600 dipl\u00f4m\u00e9s en urbanisme et am\u00e9nagement du territoire ont re\u00e7u un courrier du CNFPT leur indiquant que leur cursus universitaire ne leur permettait pas de se pr\u00e9senter au concours.<\/span><\/p>\n<p><span style=\"font-family: Arial,Helvetica,sans-serif; font-size: medium;\">Nous, \u00e9lus locaux, urbanistes professionnels et universitaires, contestons \u00e0 la fois cette lecture rigide des savoirs et une atteinte au principe de libre administration des collectivit\u00e9s territoriales : l&rsquo;urbanisme n&rsquo;est pas une science ou une technique d&rsquo;\u00c9tat, c&rsquo;est une politique publique d\u00e9centralis\u00e9e.<\/span><\/p>\n<p><span style=\"font-family: Arial,Helvetica,sans-serif; font-size: medium;\">Nous jugeons ce d\u00e9cret absurde et contraire aux int\u00e9r\u00eats des collectivit\u00e9s locales : nous en demandons la r\u00e9\u00e9criture.<\/span><\/p>\n<p><span style=\"font-family: Arial,Helvetica,sans-serif; font-size: medium;\">Nous demandons \u00e0 ce que d\u00e8s 2010 les urbanistes form\u00e9s par l\u2019universit\u00e9 au sein des instituts d\u2019urbanisme puissent \u00e0 nouveau voir leurs dipl\u00f4mes reconnus et se pr\u00e9senter au concours d\u2019ing\u00e9nieur de la fonction publique territoriale.<\/span><\/p><\/blockquote>\n<h3 style=\"text-align: center;\"><\/h3>\n<h3 style=\"text-align: center;\"><strong>AVERTISSEMENT<\/strong><\/h3>\n<p>En octobre 2013, le CNJU a pris acte de la d\u00e9cision du Minist\u00e8re de la Fonction publique de ne pas revenir sur les conditions d\u2019acc\u00e8s (dipl\u00f4me d\u2019ing\u00e9nieur ou scientifique et technique) \u00e0 la sp\u00e9cialit\u00e9\u00a0\u00ab\u00a0urbanisme, am\u00e9nagement et paysages\u00a0\u00bb du concours d\u2019ing\u00e9nieur territorial de la fonction publique.<\/p>\n<p><strong>En 2014, le CNJU, le Syndicat des Nouveaux Urbanistes (SNU) et l\u2019association Urbanistes des Territoires (UT) ont propos\u00e9 au gouvernement une alternative<\/strong>\u00a0pour garantir des conditions p\u00e9rennes d\u2019acc\u00e8s des urbanistes \u00e0 la Fonction publique territoriale et un cadre d\u2019emploi adapt\u00e9 \u00e0 leur niveau de qualification (Master) :\u00a0<strong>un concours sur Titre<\/strong>. Ce\u00a0mode d\u2019acc\u00e8s \u00e0 la Fonction publique est conditionn\u00e9 \u00e0 la mise en place\u00a0d\u2019un\u00a0<strong>Titre professionnel<\/strong>\u00a0inscrit au R\u00e9pertoire national des certifications professionnelles (RNCP).<\/p>\n<p>Plus largement, un\u00a0<strong>Titre professionnel\u00a0permettra de reconna\u00eetre la sp\u00e9cificit\u00e9 des comp\u00e9tences professionnelles des urbanistes<\/strong>\u00a0quel que soit leur mode d\u2019exercice (public, parapublic, priv\u00e9).<\/p>\n<p><a href=\"http:\/\/www.jeunes-urbanistes.fr\/?page_id=9\"><strong>En savoir plus<\/strong><\/a><\/p>\n","protected":false},"excerpt":{"rendered":"<p>La lettre ouverte a enregistr\u00e9\u00a05 996 signatures \u00e9lectroniques entre\u00a0le 26 septembre 2009 et octobre 2013. Elle a \u00e9t\u00e9 adress\u00e9e au Gouvernement de M. Fran\u00e7ois Fillon&#8230;<\/p>\n","protected":false},"author":1,"featured_media":0,"parent":9,"menu_order":2,"comment_status":"closed","ping_status":"closed","template":"","meta":{"jetpack_post_was_ever_published":false,"footnotes":""},"jetpack_sharing_enabled":true,"_links":{"self":[{"href":"http:\/\/www.jeunes-urbanistes.fr\/index.php?rest_route=\/wp\/v2\/pages\/540"}],"collection":[{"href":"http:\/\/www.jeunes-urbanistes.fr\/index.php?rest_route=\/wp\/v2\/pages"}],"about":[{"href":"http:\/\/www.jeunes-urbanistes.fr\/index.php?rest_route=\/wp\/v2\/types\/page"}],"author":[{"embeddable":true,"href":"http:\/\/www.jeunes-urbanistes.fr\/index.php?rest_route=\/wp\/v2\/users\/1"}],"replies":[{"embeddable":true,"href":"http:\/\/www.jeunes-urbanistes.fr\/index.php?rest_route=%2Fwp%2Fv2%2Fcomments&post=540"}],"version-history":[{"count":22,"href":"http:\/\/www.jeunes-urbanistes.fr\/index.php?rest_route=\/wp\/v2\/pages\/540\/revisions"}],"predecessor-version":[{"id":3269,"href":"http:\/\/www.jeunes-urbanistes.fr\/index.php?rest_route=\/wp\/v2\/pages\/540\/revisions\/3269"}],"up":[{"embeddable":true,"href":"http:\/\/www.jeunes-urbanistes.fr\/index.php?rest_route=\/wp\/v2\/pages\/9"}],"wp:attachment":[{"href":"http:\/\/www.jeunes-urbanistes.fr\/index.php?rest_route=%2Fwp%2Fv2%2Fmedia&parent=540"}],"curies":[{"name":"wp","href":"https:\/\/api.w.org\/{rel}","templated":true}]}}