{"id":64,"date":"2011-02-17T11:21:50","date_gmt":"2011-02-17T11:21:50","guid":{"rendered":"http:\/\/www.jeunes-urbanistes.fr\/?page_id=64"},"modified":"2014-04-30T19:30:25","modified_gmt":"2014-04-30T17:30:25","slug":"textes-fondateurs","status":"publish","type":"page","link":"http:\/\/www.jeunes-urbanistes.fr\/?page_id=64","title":{"rendered":"statuts"},"content":{"rendered":"<p><span style=\"font-family: Arial,Helvetica,sans-serif; font-size: medium;\">Adopt\u00e9s lors de l&rsquo;Assembl\u00e9e g\u00e9n\u00e9rale constitutive du CNJU en f\u00e9vrier 2010, les statuts de l&rsquo;association ont \u00e9t\u00e9 r\u00e9vis\u00e9s lors de l&rsquo;Assembl\u00e9e g\u00e9n\u00e9rale extraordinaire convoqu\u00e9e le 26 octobre 2013 \u00e0 Paris. <\/span><\/p>\n<p><span style=\"font-family: Arial, Helvetica, sans-serif; font-size: medium;\">Un r\u00e8glement int\u00e9rieur, \u00e9tabli et modifi\u00e9 par le Conseil d&rsquo;administration du CNJU, pr\u00e9cise le fonctionnement de l&rsquo;association.<\/span><\/p>\n<p>&nbsp;<\/p>\n<p><span style=\"font-family: Arial,Helvetica,sans-serif; font-size: medium;\"><strong><strong><a href=\"http:\/\/www.jeunes-urbanistes.fr\/wp-content\/uploads\/2014\/01\/Statuts-CNJU_AGE-26octobre2013.pdf\" onclick=\"__gaTracker('send', 'event', 'download', 'http:\/\/www.jeunes-urbanistes.fr\/wp-content\/uploads\/2014\/01\/Statuts-CNJU_AGE-26octobre2013.pdf');\" target=\"_blank\">T\u00e9l\u00e9charger les statuts du CNJU<\/a>\u00a0<\/strong><\/strong><\/span><\/p>\n<p><span style=\"font-family: Arial,Helvetica,sans-serif; font-size: medium;\"><strong><a href=\"http:\/\/www.journal-officiel.gouv.fr\/publications\/assoc\/pdf\/2014\/0014\/JOAFE_PDF_Unitaire_20140014_01431.pdf\" onclick=\"__gaTracker('send', 'event', 'download', 'http:\/\/www.journal-officiel.gouv.fr\/publications\/assoc\/pdf\/2014\/0014\/JOAFE_PDF_Unitaire_20140014_01431.pdf');\" target=\"_blank\">Publication au Journal officiel du 5 avril 2014 cons\u00e9cutive \u00e0 l&rsquo;enregistrement de l&rsquo;association en\u00a0Pr\u00e9fecture de police de Paris faisant suite \u00e0 la r\u00e9vision statutaire du 26 octobre 2013<\/a>\u00a0<\/strong><br \/>\n<\/span><\/p>\n<p><span style=\"font-family: Arial, Helvetica, sans-serif; font-size: medium;\">\u00a0<\/span><\/p>\n","protected":false},"excerpt":{"rendered":"<p>Adopt\u00e9s lors de l&rsquo;Assembl\u00e9e g\u00e9n\u00e9rale constitutive du CNJU en f\u00e9vrier 2010, les statuts de l&rsquo;association ont \u00e9t\u00e9 r\u00e9vis\u00e9s lors de l&rsquo;Assembl\u00e9e g\u00e9n\u00e9rale extraordinaire convoqu\u00e9e le&#8230;<\/p>\n","protected":false},"author":1,"featured_media":0,"parent":25,"menu_order":2,"comment_status":"closed","ping_status":"closed","template":"","meta":{"jetpack_post_was_ever_published":false,"footnotes":""},"jetpack_sharing_enabled":true,"_links":{"self":[{"href":"http:\/\/www.jeunes-urbanistes.fr\/index.php?rest_route=\/wp\/v2\/pages\/64"}],"collection":[{"href":"http:\/\/www.jeunes-urbanistes.fr\/index.php?rest_route=\/wp\/v2\/pages"}],"about":[{"href":"http:\/\/www.jeunes-urbanistes.fr\/index.php?rest_route=\/wp\/v2\/types\/page"}],"author":[{"embeddable":true,"href":"http:\/\/www.jeunes-urbanistes.fr\/index.php?rest_route=\/wp\/v2\/users\/1"}],"replies":[{"embeddable":true,"href":"http:\/\/www.jeunes-urbanistes.fr\/index.php?rest_route=%2Fwp%2Fv2%2Fcomments&post=64"}],"version-history":[{"count":23,"href":"http:\/\/www.jeunes-urbanistes.fr\/index.php?rest_route=\/wp\/v2\/pages\/64\/revisions"}],"predecessor-version":[{"id":256,"href":"http:\/\/www.jeunes-urbanistes.fr\/index.php?rest_route=\/wp\/v2\/pages\/64\/revisions\/256"}],"up":[{"embeddable":true,"href":"http:\/\/www.jeunes-urbanistes.fr\/index.php?rest_route=\/wp\/v2\/pages\/25"}],"wp:attachment":[{"href":"http:\/\/www.jeunes-urbanistes.fr\/index.php?rest_route=%2Fwp%2Fv2%2Fmedia&parent=64"}],"curies":[{"name":"wp","href":"https:\/\/api.w.org\/{rel}","templated":true}]}}