{"id":73,"date":"2017-09-04T11:26:13","date_gmt":"2017-09-04T09:26:13","guid":{"rendered":"http:\/\/www.jeunes-urbanistes.fr\/?page_id=73"},"modified":"2019-08-17T19:54:14","modified_gmt":"2019-08-17T17:54:14","slug":"actions","status":"publish","type":"page","link":"http:\/\/www.jeunes-urbanistes.fr\/?page_id=73","title":{"rendered":"Nos actions"},"content":{"rendered":"<p>Depuis sa cr\u00e9ation en 2010, le Collectif National des Jeunes Urbanistes (CNJU) agit pour la reconnaissance de la profession d&rsquo;urbaniste en France.<\/p>\n<p>Le CNJU entretient des relations permanentes avec les \u00e9tablissements d&rsquo;enseignement sup\u00e9rieur (\u00e9coles et instituts d&rsquo;urbanisme\/ universit\u00e9s) concernant l&rsquo;\u00e9volution de l&rsquo;offre de formation tout au long de la vie des urbanistes : formation initiale, formation continue, apprentissage, validation des acquis de l&rsquo;exp\u00e9rience (VAE).<\/p>\n<p>L&rsquo;association \u0153uvre \u00e0 la reconnaissance d&rsquo;une <strong>certification professionnelle d&rsquo;urbaniste de r\u00e9f\u00e9rence<\/strong> : <strong>le dipl\u00f4me national de Master \u00ab\u00a0Urbanisme et am\u00e9nagement\u00a0\u00bb <\/strong>(<a href=\"http:\/\/www.jeunes-urbanistes.fr\/?p=3847\"><em>en savoir plus<\/em><\/a>). Ce processus est inscrit \u00e0 l&rsquo;agenda par les Minist\u00e8res en charge de l&rsquo;Enseignement sup\u00e9rieur et de l&rsquo;urbanisme en lien \u00e9troit avec les \u00e9tablissements d&rsquo;enseignement sup\u00e9rieur et les f\u00e9d\u00e9rations d&#8217;employeurs d&rsquo;urbanistes.<\/p>\n<p>Dans le m\u00eame temps, des \u00e9changes approfondis sont conduits avec les associations de collectivit\u00e9s locales comp\u00e9tentes en urbanisme et am\u00e9nagement de l&rsquo;espace pour la reconnaissance de cette certification professionnelle de niveau Master au sein de la Fonction publique territoriale.<\/p>\n<p>En relation avec le Conseil europ\u00e9en des urbanistes (ECTP-CEU), le CNJU m\u00e8ne une veille permanente sur le dossier de la reconnaissance mutuelle des qualifications des urbanistes au sein de l&rsquo;Union Europ\u00e9enne.<\/p>\n<p>Le CNJU agit particuli\u00e8rement dans le domaine de\u00a0<a href=\"http:\/\/www.jeunes-urbanistes.fr\/?page_id=378\"><strong>l&rsquo;insertion professionnelle des jeunes urbanistes<\/strong><\/a>\u00a0dipl\u00f4m\u00e9s.\u00a0Le Collectif a ainsi renforc\u00e9\u00a0ses actions de veille strat\u00e9gique dans le domaine des formations et de l\u2019insertion professionnelle en \u00e9troite association avec les Instituts d\u2019urbanisme et les responsables des formations sup\u00e9rieures en urbanisme et am\u00e9nagement (<em><a href=\"http:\/\/www.jeunes-urbanistes.fr\/?p=2131\" target=\"_blank\">voir ses enqu\u00eates nationales aupr\u00e8s des dipl\u00f4m\u00e9s de Master en urbanisme<\/a><\/em>). Ces travaux ont d\u00e9montr\u00e9 le caract\u00e8re qualifiant des dipl\u00f4mes de Master en Urbanisme et am\u00e9nagement.<\/p>\n<p>En s&rsquo;appuyant sur cette expertise, le CNJU a\u00a0constitu\u00e9 une<a href=\"http:\/\/www.jeunes-urbanistes.fr\/?page_id=78\"><strong> offre de services<\/strong><\/a> \u00e0 destination de ses membres. Cette offre de services comprend un <a href=\"http:\/\/www.jeunes-urbanistes.fr\/?page_id=931\"><strong>conseil personnalis\u00e9 en orientation professionnelle<\/strong><\/a> et l&rsquo;organisation de rencontres en r\u00e9gions.\u00a0Ces rencontres pour l&rsquo;insertion professionnelles sont organis\u00e9es avec l&rsquo;appui des associations de dipl\u00f4m\u00e9s et d\u2019\u00e9tudiants en urbanisme affili\u00e9es au collectif.<\/p>\n<p>Le CNJU travaille \u00e0 la dynamisation des r\u00e9seaux professionnels d&rsquo;urbanistes en R\u00e9gions \u00e0 travers la mise en place progressive de d\u00e9l\u00e9gations r\u00e9gionales.<\/p>\n<p>En 2016, le CNJU a mis en place un <a href=\"http:\/\/www.annuaire-urbanistes.fr\/\" onclick=\"__gaTracker('send', 'event', 'outbound-article', 'http:\/\/www.annuaire-urbanistes.fr\/', 'Annuaire des urbanistes de France');\"><strong>Annuaire des urbanistes de France<\/strong><\/a>.<\/p>\n<p>Le CNJU d\u00e9finit ses orientations en s&rsquo;appuyant sur ses commissions de travail. Ces commissions sont au c\u0153ur du <a href=\"http:\/\/www.jeunes-urbanistes.fr\/?page_id=3560\" target=\"_blank\"><strong>fonctionnement des instances nationales du CNJU<\/strong><\/a>. Elles permettent de pr\u00e9parer les positions de l&rsquo;association en Conseil d&rsquo;administration et de d\u00e9finir ses actions prioritaires chaque ann\u00e9e en Assembl\u00e9e g\u00e9n\u00e9rale.<\/p>\n<h3><\/h3>\n<p><strong>Ressources<\/strong> \/ <strong>Liens vers les derniers rapports d&rsquo;activit\u00e9 de l&rsquo;association<\/strong><\/p>\n<p><a href=\"http:\/\/www.jeunes-urbanistes.fr\/?p=3792\"><strong>Assembl\u00e9e g\u00e9n\u00e9rale &#8211; Mandat 2017-2018. Les priorit\u00e9s du CNJU pour 2019<\/strong><\/a><\/p>\n<p><a href=\"http:\/\/www.jeunes-urbanistes.fr\/?p=3544\"><strong>Assembl\u00e9e g\u00e9n\u00e9rale &#8211; Mandat 2016-2017<\/strong><\/a><\/p>\n<p><a href=\"http:\/\/www.jeunes-urbanistes.fr\/?p=3350\"><strong>Assembl\u00e9e g\u00e9n\u00e9rale &#8211; Mandat 2015-2016<\/strong><\/a><\/p>\n<p>&nbsp;<\/p>\n","protected":false},"excerpt":{"rendered":"<p>Depuis sa cr\u00e9ation en 2010, le Collectif National des Jeunes Urbanistes (CNJU) agit pour la reconnaissance de la profession d&rsquo;urbaniste en France. Le CNJU entretient&#8230;<\/p>\n","protected":false},"author":1,"featured_media":0,"parent":25,"menu_order":5,"comment_status":"closed","ping_status":"closed","template":"","meta":{"jetpack_post_was_ever_published":false,"footnotes":""},"jetpack_sharing_enabled":true,"_links":{"self":[{"href":"http:\/\/www.jeunes-urbanistes.fr\/index.php?rest_route=\/wp\/v2\/pages\/73"}],"collection":[{"href":"http:\/\/www.jeunes-urbanistes.fr\/index.php?rest_route=\/wp\/v2\/pages"}],"about":[{"href":"http:\/\/www.jeunes-urbanistes.fr\/index.php?rest_route=\/wp\/v2\/types\/page"}],"author":[{"embeddable":true,"href":"http:\/\/www.jeunes-urbanistes.fr\/index.php?rest_route=\/wp\/v2\/users\/1"}],"replies":[{"embeddable":true,"href":"http:\/\/www.jeunes-urbanistes.fr\/index.php?rest_route=%2Fwp%2Fv2%2Fcomments&post=73"}],"version-history":[{"count":37,"href":"http:\/\/www.jeunes-urbanistes.fr\/index.php?rest_route=\/wp\/v2\/pages\/73\/revisions"}],"predecessor-version":[{"id":3873,"href":"http:\/\/www.jeunes-urbanistes.fr\/index.php?rest_route=\/wp\/v2\/pages\/73\/revisions\/3873"}],"up":[{"embeddable":true,"href":"http:\/\/www.jeunes-urbanistes.fr\/index.php?rest_route=\/wp\/v2\/pages\/25"}],"wp:attachment":[{"href":"http:\/\/www.jeunes-urbanistes.fr\/index.php?rest_route=%2Fwp%2Fv2%2Fmedia&parent=73"}],"curies":[{"name":"wp","href":"https:\/\/api.w.org\/{rel}","templated":true}]}}