{"id":78,"date":"2011-02-17T11:26:54","date_gmt":"2011-02-17T11:26:54","guid":{"rendered":"http:\/\/www.jeunes-urbanistes.fr\/?page_id=78"},"modified":"2019-12-02T10:44:04","modified_gmt":"2019-12-02T08:44:04","slug":"adhesion","status":"publish","type":"page","link":"http:\/\/www.jeunes-urbanistes.fr\/?page_id=78","title":{"rendered":"Rejoindre le CNJU"},"content":{"rendered":"<p><strong>En adh\u00e9rant au Collectif National des Jeunes Urbanistes (CNJU), vous rejoignez un r\u00e9seau professionnel d&rsquo;urbanistes dynamique, fort de plus de 1300 membres. En adh\u00e9rant au CNJU, vous avez l&rsquo;opportunit\u00e9 de vous investir dans les commissions de travail de l&rsquo;association et de prendre part aux r\u00e9flexions sur l&rsquo;organisation de la profession d&rsquo;urbaniste en France.<\/strong><\/p>\n<p>&nbsp;<\/p>\n<p><strong>NOTRE OFFRE DE SERVICES<\/strong><\/p>\n<h1><strong>En tant que membre du CNJU, vous b\u00e9n\u00e9ficiez :<\/strong><\/h1>\n<ul>\n<li>de la gratuit\u00e9 et de la primeur de l&rsquo;information pour les rencontres du CNJU organis\u00e9es en r\u00e9gions ;<\/li>\n<li>d&rsquo;une inscription \u00e0 notre lettre d&rsquo;information ;<\/li>\n<li>d&rsquo;un conseil personnalis\u00e9 \u00e0 l&rsquo;orientation professionnelle. <a href=\"http:\/\/www.jeunes-urbanistes.fr\/?page_id=931\" target=\"_blank\"><strong><em>En savoir plus<\/em><br \/>\n<\/strong><\/a><\/li>\n<\/ul>\n<p>&nbsp;<\/p>\n<p>Pour rejoindre le\u00a0Collectif National des Jeunes Urbanistes, <strong>deux possibilit\u00e9s s&rsquo;offrent \u00e0 vous<\/strong> :<\/p>\n<ul>\n<li>devenir membre du CNJU par la voie de l&rsquo;adh\u00e9sion directe <em>(adh\u00e9sion \u00e0 titre individuel)<\/em><\/li>\n<li>devenir membre du CNJU en adh\u00e9rant \u00e0 une association de dipl\u00f4m\u00e9s et\/ou d&rsquo;\u00e9tudiants membre du CNJU <em>(vous devenez alors automatiquement membre du CNJU)<\/em><\/li>\n<\/ul>\n<p>&nbsp;<\/p>\n<p><strong>DEVENEZ MEMBRE DU CNJU PAR LA VOIE DE L\u2019ADH\u00c9SION DIRECTE\u00a0<\/strong><\/p>\n<p>Les membres du CNJU doivent obligatoirement suivre ou \u00eatre dipl\u00f4m\u00e9s d\u2019une formation de niveau Master\/Bac+5 dans le domaine de l&rsquo;urbanisme ou un Doctorat en Am\u00e9nagement de l&rsquo;espace et l\u2019urbanisme.<\/p>\n<p><strong>Vous pouvez <\/strong><\/p>\n<ul>\n<li><strong>adh\u00e9rer en ligne <a href=\"https:\/\/www.helloasso.com\/associations\/collectif-national-des-jeunes-urbanistes\" onclick=\"__gaTracker('send', 'event', 'outbound-article', 'https:\/\/www.helloasso.com\/associations\/collectif-national-des-jeunes-urbanistes', 'via la plateforme Hello Asso');\">via la plateforme Hello Asso<\/a><\/strong><\/li>\n<li><strong>adh\u00e9rer par voie postale en compl\u00e9tant et envoyant<\/strong>\u00a0<a href=\"http:\/\/www.jeunes-urbanistes.fr\/wp-content\/uploads\/2017\/09\/20170907_Adhesion_CNJU.pdf\" onclick=\"__gaTracker('send', 'event', 'download', 'http:\/\/www.jeunes-urbanistes.fr\/wp-content\/uploads\/2017\/09\/20170907_Adhesion_CNJU.pdf');\"><strong>ce formulaire\u00a0<\/strong><\/a>(PDF) \u00e0 :\u00a0\u00a0Collectif national des jeunes urbanistes, 22, rue Joubert\u00a075009\u00a0Paris, doubl\u00e9 d&rsquo;un mail de notification d&rsquo;envoie \u00e0 <a href=\"mailto:adhesion@cnju.fr\">adhesion@cnju.fr<\/a><\/li>\n<\/ul>\n<p>&nbsp;<\/p>\n<p>Plus de\u00a0<strong>renseignements\u00a0<\/strong>aupr\u00e8s du secr\u00e9tariat du CNJU.<strong>\u00a0Contact<\/strong>\u00a0: <a href=\"mailto:secretariat@cnju.fr\">secretariat@cnju.fr<\/a><\/p>\n<p><strong>DEVENEZ MEMBRE DU CNJU EN ADH\u00c9RANT \u00c0 UNE ASSOCIATION MEMBRE DU COLLECTIF<\/strong><\/p>\n<p>Le CNJU regroupe 17 associations d\u2019\u00e9tudiants et de dipl\u00f4m\u00e9s en urbanisme affili\u00e9es \u00e0 des instituts d\u2019urbanisme et des \u00e9tablissements d\u00e9livrant des formations sup\u00e9rieures en urbanisme (de niveau Master). Si vous \u00eates issus d&rsquo;une de ces formations, vous avez la possibilit\u00e9 de rejoindre le CNJU.<\/p>\n<p>1. V\u00e9rifiez que votre formation en urbanisme est bien affili\u00e9e \u00e0 une association membre du Collectif\u00a0 <strong><a href=\"http:\/\/www.jeunes-urbanistes.fr\/?page_id=3105\" target=\"_blank\">ici &gt; voir en bas de page \u00ab\u00a0Les associations membres\u00a0\u00bb<\/a><\/strong> ;<\/p>\n<p>2. Si l&rsquo;association est bien membre du CNJU, contactez la pour y adh\u00e9rer ;<\/p>\n<p>3. D\u00e8s que votre adh\u00e9sion est valid\u00e9e, vous devenez membre du CNJU.<\/p>\n<p>&nbsp;<\/p>\n<p style=\"text-align: center;\"><strong>***\u00a0<\/strong><\/p>\n<p><strong>SOUTENIR LES ACTIONS DU COLLECTIF<\/strong><\/p>\n<p>Vous souhaitez soutenir financi\u00e8rement les actions du CNJU ? N&rsquo;h\u00e9sitez pas \u00e0 adresser le montant de votre choix en utilisant notre syst\u00e8me de paiement en ligne (Paypal) s\u00e9curis\u00e9 :<\/p>\n<p style=\"text-align: center;\"><span style=\"text-decoration: underline;\"><a href=\"https:\/\/www.paypal.com\/cgi-bin\/webscr?cmd=_s-xclick&amp;hosted_button_id=NAZ6VD48U2X4Q\" onclick=\"__gaTracker('send', 'event', 'outbound-article', 'https:\/\/www.paypal.com\/cgi-bin\/webscr?cmd=_s-xclick&amp;hosted_button_id=NAZ6VD48U2X4Q', 'Faire un don');\" target=\"_blank\"><em><strong>Faire un don<\/strong><\/em><\/a><\/span><\/p>\n<p>Vous pouvez \u00e9galement adresser un ch\u00e8que libell\u00e9 \u00e0 l&rsquo;ordre du CNJU (CNJU \/ 22, rue Joubert 75009 Paris.).<\/p>\n<p>Le CNJU\u00a0vous remercie pour votre soutien.<\/p>\n","protected":false},"excerpt":{"rendered":"<p>En adh\u00e9rant au Collectif National des Jeunes Urbanistes (CNJU), vous rejoignez un r\u00e9seau professionnel d&rsquo;urbanistes dynamique, fort de plus de 1300 membres. En adh\u00e9rant au&#8230;<\/p>\n","protected":false},"author":1,"featured_media":0,"parent":25,"menu_order":7,"comment_status":"closed","ping_status":"closed","template":"","meta":{"jetpack_post_was_ever_published":false,"footnotes":""},"jetpack_sharing_enabled":true,"_links":{"self":[{"href":"http:\/\/www.jeunes-urbanistes.fr\/index.php?rest_route=\/wp\/v2\/pages\/78"}],"collection":[{"href":"http:\/\/www.jeunes-urbanistes.fr\/index.php?rest_route=\/wp\/v2\/pages"}],"about":[{"href":"http:\/\/www.jeunes-urbanistes.fr\/index.php?rest_route=\/wp\/v2\/types\/page"}],"author":[{"embeddable":true,"href":"http:\/\/www.jeunes-urbanistes.fr\/index.php?rest_route=\/wp\/v2\/users\/1"}],"replies":[{"embeddable":true,"href":"http:\/\/www.jeunes-urbanistes.fr\/index.php?rest_route=%2Fwp%2Fv2%2Fcomments&post=78"}],"version-history":[{"count":57,"href":"http:\/\/www.jeunes-urbanistes.fr\/index.php?rest_route=\/wp\/v2\/pages\/78\/revisions"}],"predecessor-version":[{"id":197,"href":"http:\/\/www.jeunes-urbanistes.fr\/index.php?rest_route=\/wp\/v2\/pages\/78\/revisions\/197"}],"up":[{"embeddable":true,"href":"http:\/\/www.jeunes-urbanistes.fr\/index.php?rest_route=\/wp\/v2\/pages\/25"}],"wp:attachment":[{"href":"http:\/\/www.jeunes-urbanistes.fr\/index.php?rest_route=%2Fwp%2Fv2%2Fmedia&parent=78"}],"curies":[{"name":"wp","href":"https:\/\/api.w.org\/{rel}","templated":true}]}}