{"id":87,"date":"2011-02-17T11:28:05","date_gmt":"2011-02-17T11:28:05","guid":{"rendered":"http:\/\/www.jeunes-urbanistes.fr\/?page_id=87"},"modified":"2016-07-02T12:52:10","modified_gmt":"2016-07-02T10:52:10","slug":"historique","status":"publish","type":"page","link":"http:\/\/www.jeunes-urbanistes.fr\/?page_id=87","title":{"rendered":"Un combat fondateur, une mobilisation nationale"},"content":{"rendered":"<p><span style=\"font-family: Arial,Helvetica,sans-serif; font-size: medium;\"><strong>Depuis sa constitution, le Collectif National des Jeunes Urbanistes (CNJU) a mobilis\u00e9 toutes les composantes de la profession pour d\u00e9noncer la d\u00e9gradation des conditions d&rsquo;acc\u00e8s des urbanistes dipl\u00f4m\u00e9s \u00e0 la fonction publique territoriale et faire reconna\u00eetre leurs comp\u00e9tences et leur niveau de qualification. Le CNJU\u00a0a propos\u00e9 une alternative aux pouvoirs publics.\u00a0<\/strong><\/span><\/p>\n<h3><\/h3>\n<h3><em><strong>Acc\u00e8s des urbanistes \u00e0 la Fonction publique territoriale : Un statu quo pr\u00e9judiciable pour les collectivit\u00e9s locales<\/strong><\/em><\/h3>\n<p><a href=\"http:\/\/www.jeunes-urbanistes.fr\/wp-content\/uploads\/2015\/06\/Communique-CNJU-UT_acces-urbanistes-FPT.pdf\" onclick=\"__gaTracker('send', 'event', 'download', 'http:\/\/www.jeunes-urbanistes.fr\/wp-content\/uploads\/2015\/06\/Communique-CNJU-UT_acces-urbanistes-FPT.pdf');\"><strong>Communiqu\u00e9 de presse du CNJU, 16 juin 2015<\/strong><\/a><\/p>\n<p>&nbsp;<\/p>\n<h3><em>Acc\u00e8s des urbanistes dipl\u00f4m\u00e9s de Master \u00e0 la Fonction publique territoriale : pour un\u00a0concours sur Titre\u00a0<\/em><\/h3>\n<p>En 2014 : Le CNJU, le Syndicat des Nouveaux Urbanistes (SNU) et l\u2019association Urbanistes des Territoires (UT) ont pris acte de la d\u00e9cision du Minist\u00e8re de la Fonction publique de ne pas revenir sur les conditions d&rsquo;acc\u00e8s (dipl\u00f4me d&rsquo;ing\u00e9nieur ou scientifique et technique) au concours d&rsquo;ing\u00e9nieur territorial de la fonction publique.<\/p>\n<p>Ils ont propos\u00e9 au gouvernement une alternative pour garantir des conditions p\u00e9rennes d&rsquo;acc\u00e8s des urbanistes \u00e0 la Fonction publique territoriale et un cadre d&#8217;emploi adapt\u00e9 \u00e0 leur niveau de qualification (Master) : <strong>un concours sur Titre<\/strong>.<\/p>\n<p>Les trois associations ont adress\u00e9 le 25 septembre 2014 au Gouvernement des propositions alternatives pour am\u00e9liorer les conditions d\u2019acc\u00e8s des urbanistes \u00e0 la Fonction publique territoriale et reconna\u00eetre, plus largement, leurs comp\u00e9tences \u00e0 leur juste valeur, quel que soit leur mode d\u2019exercice (public, parapublic, priv\u00e9). <a href=\"http:\/\/www.jeunes-urbanistes.fr\/?p=2671\"><strong>En savoir plus sur ces propositions<\/strong><\/a><\/p>\n<p><a href=\"http:\/\/www.jeunes-urbanistes.fr\/wp-content\/uploads\/2015\/06\/Courrier-VALLS-CNJU-UT-acces-urbanistes-FPT-5mai2015.pdf\" onclick=\"__gaTracker('send', 'event', 'download', 'http:\/\/www.jeunes-urbanistes.fr\/wp-content\/uploads\/2015\/06\/Courrier-VALLS-CNJU-UT-acces-urbanistes-FPT-5mai2015.pdf');\"><strong>Courrier adress\u00e9 au Premier ministre, Manuel Valls, par les pr\u00e9sidents du CNJU et d\u2019UT, 5 mai 2015<\/strong><\/a><\/p>\n<p><strong><a href=\"http:\/\/www.jeunes-urbanistes.fr\/wp-content\/uploads\/2015\/03\/Courrier-LEBRANCHU-CNJU-UT_280215-scan-HD-web.pdf\" onclick=\"__gaTracker('send', 'event', 'download', 'http:\/\/www.jeunes-urbanistes.fr\/wp-content\/uploads\/2015\/03\/Courrier-LEBRANCHU-CNJU-UT_280215-scan-HD-web.pdf');\">Courrier du CNJU et de l\u2019association Urbanistes des Territoires (UT) \u00e0 Marylise Lebranchu, Ministre de la D\u00e9centralisation et de la Fonction publique, mars 2015<\/a><\/strong><\/p>\n<p>&nbsp;<\/p>\n<p>&nbsp;<\/p>\n<h3><em><strong>R\u00e9trospective 2009-2014<\/strong><\/em><\/h3>\n<p><span style=\"font-family: Arial,Helvetica,sans-serif; font-size: medium;\">L\u2019application combin\u00e9e des d\u00e9crets n\u00b02002-508 du 12 avril 2002 et du d\u00e9cret n\u00b02007-196 du 13 f\u00e9vrier 2007 (relatif aux \u00e9quivalences de dipl\u00f4mes requises pour se pr\u00e9senter aux concours d\u2019acc\u00e8s \u00e0 la fonction publique) a barr\u00e9 l\u2019acc\u00e8s des urbanistes dipl\u00f4m\u00e9s \u00e0 la sp\u00e9cialit\u00e9 \u00ab urbanisme, am\u00e9nagement et paysages \u00bb du concours d\u2019ing\u00e9nieur territorial.\u00a0Conscients des incidences pr\u00e9judiciables qu&rsquo;entra\u00eene l&rsquo;application des d\u00e9crets pour la qualit\u00e9 de la commande publique et l&rsquo;exercice des missions d&rsquo;urbanisme, de nombreux d\u00e9cideurs, parmi lesquels 72 parlementaires issus de diverses sensibilit\u00e9s et les pr\u00e9sidents des principales associations de collectivit\u00e9s locales (AMF, AdCF, AMGVF, ACUF, ARF), ont apport\u00e9 leur soutien en 2009 et 2010 au CNJU pour demander la r\u00e9ouverture de l&rsquo;acc\u00e8s de ce concours aux urbanistes dipl\u00f4m\u00e9s.<\/span><\/p>\n<p><span style=\"font-family: Arial,Helvetica,sans-serif; font-size: medium;\">Depuis 2009, les urbanistes dipl\u00f4m\u00e9s de Master sont invit\u00e9s \u00e0 se \u00ab\u00a0replier\u00a0\u00bb sur l&rsquo;option \u00ab\u00a0Urbanisme et d\u00e9veloppement des territoires\u00a0\u00bb du concours d&rsquo;attach\u00e9 territorial qui ne permet d&rsquo;acc\u00e9der aux m\u00eames niveaux de r\u00e9mun\u00e9ration.\u00a0<\/span><\/p>\n<p><span style=\"font-family: Arial,Helvetica,sans-serif; font-size: medium;\">En octobre 2013, la voie du statu quo a \u00e9t\u00e9 privil\u00e9gi\u00e9e par le gouvernement. L&rsquo;enjeu reste pourtant le m\u00eame et pleinement d&rsquo;actualit\u00e9 : aboutir \u00e0 une reconnaissance des dipl\u00f4mes et qualifications des urbanistes au sein des collectivit\u00e9s locales.<\/span><\/p>\n<p><span style=\"font-family: Arial,Helvetica,sans-serif; font-size: medium;\"><strong><a href=\"http:\/\/www.jeunes-urbanistes.fr\/?page_id=9\">En savoir plus<\/a><\/strong><\/span><\/p>\n<p><a href=\"http:\/\/www.jeunes-urbanistes.fr\/?page_id=93\"><span style=\"font-family: Arial,Helvetica,sans-serif; font-size: medium;\"><strong>La mobilisation des autres associations professionnelles d&rsquo;urbanistes <\/strong><\/span><\/a><\/p>\n<p>&nbsp;<\/p>\n<p><span style=\"font-family: Arial,Helvetica,sans-serif; font-size: medium;\"><strong>LES COURRIERS DU CNJU (2009-2013)<\/strong><br \/>\n<\/span><\/p>\n<p><span style=\"font-family: Arial,Helvetica,sans-serif; font-size: medium;\"><strong>2013 &#8211; Le CNJU transmet son Livre Blanc au Pr\u00e9sident de la R\u00e9publique et au Gouvernement et r\u00e9it\u00e8re sa demande pour un meilleur acc\u00e8s des urbanistes \u00e0 la fonction publique territoriale<\/strong><\/span><\/p>\n<p><span style=\"font-family: Arial,Helvetica,sans-serif; font-size: medium;\">Adopt\u00e9 en janvier 2013 par le conseil d&rsquo;administration du CNJU, <strong>le Livre Blanc \u00ab\u00a09 propositions pour organiser la profession d&rsquo;urbaniste en France\u00a0\u00bb<\/strong> remet en perspective le probl\u00e8me des conditions d&rsquo;acc\u00e8s des urbanistes dipl\u00f4m\u00e9s \u00e0 la fonction publique territoriale : celui d&rsquo;une meilleure organisation de la ma\u00eetrise d&rsquo;ouvrage publique de l&rsquo;urbanisme en France. <strong><a href=\"http:\/\/www.jeunes-urbanistes.fr\/?p=1708\" target=\"_blank\">Pour en savoir plus, consulter le Livre Blanc du CNJU<\/a>.<\/strong><br \/>\n<\/span><\/p>\n<p><a href=\"http:\/\/www.jeunes-urbanistes.fr\/wp-content\/uploads\/2014\/04\/Courrier_HOLLANDE_mai2013.pdf\" onclick=\"__gaTracker('send', 'event', 'download', 'http:\/\/www.jeunes-urbanistes.fr\/wp-content\/uploads\/2014\/04\/Courrier_HOLLANDE_mai2013.pdf');\" target=\"_blank\"><strong><span style=\"font-family: Arial,Helvetica,sans-serif; font-size: medium;\">Courrier du pr\u00e9sident du CNJU au Pr\u00e9sident de la R\u00e9publique, Fran\u00e7ois Hollande, 2 mai 2013<\/span><\/strong><\/a><\/p>\n<p><a href=\"http:\/\/www.jeunes-urbanistes.fr\/wp-content\/uploads\/2014\/04\/Courrier_reponse_Elysee_3juin2013.pdf\" onclick=\"__gaTracker('send', 'event', 'download', 'http:\/\/www.jeunes-urbanistes.fr\/wp-content\/uploads\/2014\/04\/Courrier_reponse_Elysee_3juin2013.pdf');\" target=\"_blank\">R\u00e9ponse du chef de cabinet du Pr\u00e9sident de la R\u00e9publique, 3 juin 2013<\/a><\/p>\n<p><a href=\"http:\/\/www.jeunes-urbanistes.fr\/wp-content\/uploads\/2014\/04\/Courrier_AYRAULT_mai2013.pdf\" onclick=\"__gaTracker('send', 'event', 'download', 'http:\/\/www.jeunes-urbanistes.fr\/wp-content\/uploads\/2014\/04\/Courrier_AYRAULT_mai2013.pdf');\" target=\"_blank\"><strong><span style=\"font-family: Arial,Helvetica,sans-serif; font-size: medium;\">Courrier du pr\u00e9sident du CNJU au Premier ministre, Jean-Marc Ayrault, 2 mai 2013<\/span><\/strong><\/a><\/p>\n<p><a href=\"http:\/\/www.jeunes-urbanistes.fr\/wp-content\/uploads\/2014\/04\/Courrier_reponse_PM.jpg\" target=\"_blank\">R\u00e9ponse du chef de cabinet du Premier ministre, 16 mai 2013<\/a><\/p>\n<p><a href=\"http:\/\/www.jeunes-urbanistes.fr\/wp-content\/uploads\/2014\/04\/FF-20130504-LEBRANCHU_Livre-Blanc.pdf\" onclick=\"__gaTracker('send', 'event', 'download', 'http:\/\/www.jeunes-urbanistes.fr\/wp-content\/uploads\/2014\/04\/FF-20130504-LEBRANCHU_Livre-Blanc.pdf');\" target=\"_blank\"><strong><span style=\"font-family: Arial,Helvetica,sans-serif; font-size: medium;\">Courrier du pr\u00e9sident du CNJU \u00e0 la Ministre de la Fonction publique, de la d\u00e9centralisation et de la r\u00e9forme de l&rsquo;Etat, Marylise Lebranchu, 6 mai 2013<\/span><\/strong><\/a><\/p>\n<p><strong><a href=\"http:\/\/www.jeunes-urbanistes.fr\/wp-content\/uploads\/2014\/04\/Courrier_Reponse_Concours_ingenieur_territorial_Marylise_LEBRANCHU_a_Pierre_Jarlier_18juillet2013.pdf\" onclick=\"__gaTracker('send', 'event', 'download', 'http:\/\/www.jeunes-urbanistes.fr\/wp-content\/uploads\/2014\/04\/Courrier_Reponse_Concours_ingenieur_territorial_Marylise_LEBRANCHU_a_Pierre_Jarlier_18juillet2013.pdf');\" target=\"_blank\">R\u00e9ponse de la Ministre de la Fonction publique, de la d\u00e9centralisation adress\u00e9 le 18 juin 2013 \u00e0 Pierre Jarlier, s\u00e9nateur du Cantal, pr\u00e9sident de la commission Urbanisme de l&rsquo;Association des Maires de France (AMF), transmise au pr\u00e9sident du CNJU, Fran\u00e7ois Favard<\/a>\u00a0(<\/strong><em><a href=\"http:\/\/www.jeunes-urbanistes.fr\/wp-content\/uploads\/2014\/04\/Courrier_JARLIER_Concours_ingenieur_territorial__CNJU_Reponse_Min_Marylise_LEBRANCHU_18juillet2013.pdf\" onclick=\"__gaTracker('send', 'event', 'download', 'http:\/\/www.jeunes-urbanistes.fr\/wp-content\/uploads\/2014\/04\/Courrier_JARLIER_Concours_ingenieur_territorial__CNJU_Reponse_Min_Marylise_LEBRANCHU_18juillet2013.pdf');\" target=\"_blank\">voir le courrier<\/a><\/em><strong>)<\/strong><\/p>\n<p><a href=\"http:\/\/www.jeunes-urbanistes.fr\/wp-content\/uploads\/2014\/04\/Reponse_cab-Min-Lebranchu-FPT-04102013.pdf\" onclick=\"__gaTracker('send', 'event', 'download', 'http:\/\/www.jeunes-urbanistes.fr\/wp-content\/uploads\/2014\/04\/Reponse_cab-Min-Lebranchu-FPT-04102013.pdf');\" target=\"_blank\">R\u00e9ponse (identique) du chef de cabinet de la Ministre, 4 octobre 2013, adress\u00e9 au CNJU<\/a><\/p>\n<p><a href=\"http:\/\/www.jeunes-urbanistes.fr\/wp-content\/uploads\/2014\/04\/Reponse_cab-Min-Lebranchu-FPT-04102013.pdf\" onclick=\"__gaTracker('send', 'event', 'download', 'http:\/\/www.jeunes-urbanistes.fr\/wp-content\/uploads\/2014\/04\/Reponse_cab-Min-Lebranchu-FPT-04102013.pdf');\" target=\"_blank\">\u00a0<\/a><\/p>\n<p><span style=\"font-family: Arial,Helvetica,sans-serif; font-size: medium;\"><strong>9 juillet 2012 &#8211; Le CNJU \u00e9crit au nouveau Gouvernement :<\/strong><\/span><\/p>\n<p><span style=\"font-family: Arial,Helvetica,sans-serif; font-size: medium;\"><strong><a href=\"http:\/\/www.jeunes-urbanistes.fr\/wp-content\/uploads\/2012\/12\/Courrier_CNJU_Marylise_Lebranchu.pdf\" onclick=\"__gaTracker('send', 'event', 'download', 'http:\/\/www.jeunes-urbanistes.fr\/wp-content\/uploads\/2012\/12\/Courrier_CNJU_Marylise_Lebranchu.pdf');\" target=\"_blank\">Courrier du pr\u00e9sident du CNJU \u00e0 Marylise Lebranchu, Ministre de la Fonction publique, de la d\u00e9centralisation et de la r\u00e9forme de l&rsquo;Etat<\/a><br \/>\n<\/strong><\/span><\/p>\n<p><span style=\"font-family: Arial,Helvetica,sans-serif; font-size: medium;\"><strong><a href=\"http:\/\/www.jeunes-urbanistes.fr\/wp-content\/uploads\/2012\/12\/Courrier_CNJU_Genevieve_Fioraso.pdf\" onclick=\"__gaTracker('send', 'event', 'download', 'http:\/\/www.jeunes-urbanistes.fr\/wp-content\/uploads\/2012\/12\/Courrier_CNJU_Genevieve_Fioraso.pdf');\" target=\"_blank\">Courrier du pr\u00e9sident du CNJU \u00e0 Genevi\u00e8ve Fioraso, Ministre de l&rsquo;Enseignement sup\u00e9rieur et de la recherche<\/a><br \/>\n<\/strong><\/span><\/p>\n<p><span style=\"font-family: Arial,Helvetica,sans-serif; font-size: medium;\"><strong><a href=\"http:\/\/www.jeunes-urbanistes.fr\/wp-content\/uploads\/2012\/12\/Courrier_CNJU_Cecile_Duflot.pdf\" onclick=\"__gaTracker('send', 'event', 'download', 'http:\/\/www.jeunes-urbanistes.fr\/wp-content\/uploads\/2012\/12\/Courrier_CNJU_Cecile_Duflot.pdf');\" target=\"_blank\">Courrier du pr\u00e9sident du CNJU \u00e0 C\u00e9cile Duflot, Ministre du Logement et de l&rsquo;\u00e9galit\u00e9 des territoires<\/a><br \/>\n<\/strong><\/span><\/p>\n<p>&nbsp;<\/p>\n<p><span style=\"font-family: Arial,Helvetica,sans-serif; font-size: medium;\"><strong>Election pr\u00e9sidentielle de 2012 : le CNJU interpelle les candidats <\/strong><\/span><\/p>\n<p><a href=\"http:\/\/www.jeunes-urbanistes.fr\/?p=1259\"><span style=\"font-family: Arial,Helvetica,sans-serif; font-size: medium;\"><strong>En savoir plus\u00a0<\/strong><\/span><\/a><\/p>\n<p>&nbsp;<\/p>\n<p><span style=\"font-family: Arial,Helvetica,sans-serif; font-size: medium;\"><strong>4 avril 2010 &#8211; <a href=\"..\/docs\/2010_05_04-G_TRON.pdf\">Demande d&rsquo;audience \u00e0 Georges TRON, Secr\u00e9taire d&rsquo;Etat charg\u00e9 de la Fonction Publique<\/a><\/strong><br \/>\n<em><br \/>\n<\/em><\/span><\/p>\n<table border=\"0\" width=\"100%\">\n<tbody>\n<tr>\n<td width=\"100\"><\/td>\n<td><span style=\"font-family: Arial,Helvetica,sans-serif; font-size: medium;\"><strong>20 mai 2010 &#8211; <a href=\"..\/docs\/courrier_10-05-20_GeoTron_CNJU.pdf\" target=\"_blank\">R\u00e9ponse de Georges TRON, secr\u00e9taire d&rsquo;Etat charg\u00e9 de la Fonction Publique Territoriale<\/a><\/strong><em>.<\/em><\/span><\/td>\n<\/tr>\n<\/tbody>\n<\/table>\n<p><span style=\"font-family: Arial,Helvetica,sans-serif; font-size: medium;\"><strong>22 novembre 2009 &#8211; <a href=\"..\/docs\/2009_11_22_cnfpt-csfpt.pdf\" target=\"_blank\">Modalit\u00e9s de mise en place d\u2019un moratoire r\u00e9tablissant l\u2019acc\u00e8s au concours d\u2019ing\u00e9nieur territorial pour les dipl\u00f4m\u00e9s universitaires en urbanisme<\/a><\/strong><br \/>\nAuteur : <em>CNJU<\/em><br \/>\nDestinataires : <em>Fran\u00e7ois DELUGA, Pr\u00e9sident du Centre National de la Fonction Publique Territoriale, et Bernard DEROSIER, Pr\u00e9sident du Conseil Sup\u00e9rieur de la Fonction Publique Territoriale.<\/em><\/span><\/p>\n<table border=\"0\" width=\"100%\">\n<tbody>\n<tr>\n<td width=\"100\"><\/td>\n<td><span style=\"font-family: Arial,Helvetica,sans-serif; font-size: medium;\"><strong>30 avril 2010 &#8211; <a href=\"..\/docs\/courrier_10-04-30_BeDer_CNJU.pdf\" target=\"_blank\">R\u00e9ponse de Bernard DEROSIER, Pr\u00e9sident du Conseil Sup\u00e9rieur de la Fonction Publique Territoriale<\/a><\/strong><br \/>\n<em><br \/>\n<\/em><\/span><\/p>\n<table border=\"0\" width=\"100%\">\n<tbody>\n<tr>\n<td width=\"100\"><\/td>\n<td><span style=\"font-family: Arial,Helvetica,sans-serif; font-size: medium;\"><strong>5 juin 2010 &#8211; <a href=\"..\/docs\/2010_06_05_B_DEROSIER.pdf\" target=\"_blank\">Demande d&rsquo;audition \u00e0 Bernard DEROSIER, Pr\u00e9sident du Conseil Sup\u00e9rieur de la Fonction Publique Territoriale<\/a><\/strong><em><br \/>\n<\/em><\/span><\/td>\n<\/tr>\n<\/tbody>\n<\/table>\n<p><span style=\"font-family: Arial,Helvetica,sans-serif; font-size: medium;\"><span style=\"font-family: Arial,Helvetica,sans-serif; font-size: medium;\"><strong>11 mai 2010 &#8211; <a href=\"..\/docs\/QE_2010-04-11FraDel_EriWoe.pdf\" target=\"_blank\">Question \u00e9crite de Fran\u00e7ois DELUGA, Pr\u00e9sident du Centre National de la Fonction Publique Territoriale, \u00e0 Eric WOERTH, Ministre du Travail, de la Solidarit\u00e9 et de la Fonction Publique<\/a><\/strong><br \/>\n<em><br \/>\n<\/em><\/span><\/span><\/td>\n<\/tr>\n<\/tbody>\n<\/table>\n<p><span style=\"font-family: Arial,Helvetica,sans-serif; font-size: medium;\"><strong>22 novembre 2009 &#8211; <a href=\"..\/docs\/2009_11_22_prefet_rhone.pdf\" target=\"_blank\">Intervention du Collectif National des Jeunes Urbanistes <\/a><\/strong><br \/>\nAuteur : <em>CNJU<\/em><br \/>\nDestinataire : <em>Jacques G\u00c9RAULT, Pr\u00e9fet de la r\u00e9gion Rh\u00f4ne-Alpes, Pr\u00e9fet de la zone de d\u00e9fense sud-est, Pr\u00e9fet du Rh\u00f4ne.<\/em><\/span><\/p>\n<p><span style=\"font-family: Arial,Helvetica,sans-serif; font-size: medium;\"><strong>27 octobre 2009 &#8211; <a href=\"..\/docs\/courrier_CNJU-Ministres.pdf\" target=\"_blank\">Courrier du Collectif National des Jeunes Urbanistes au Gouvernement <\/a><\/strong><br \/>\nAuteur : <em>CNJU<\/em><br \/>\nDestinataires : <em>Val\u00e9rie PECRESSE, Ministre de l&rsquo;Enseignement sup\u00e9rieur et de la Recherche, Eric WOERTH, Ministre du Budget, des Comptes publics, de la Fonction publique et de la R\u00e9forme de l&rsquo;Etat, et Alain MARLEIX, Secr\u00e9taire d&rsquo;Etat \u00e0 l&rsquo;Int\u00e9rieur et aux Collectivit\u00e9s territoriales.<\/em><\/span><\/p>\n<table border=\"0\" width=\"100%\">\n<tbody>\n<tr>\n<td rowspan=\"2\" width=\"100\"><\/td>\n<td colspan=\"3\"><span style=\"font-family: Arial,Helvetica,sans-serif; font-size: medium;\"><span style=\"font-family: Arial,Helvetica,sans-serif; font-size: medium;\"><strong>10 novembre 2009 &#8211; <a href=\"..\/docs\/courrier_09-11-10_ErWoe.pdf\" target=\"_blank\">Courrier \u00e0 Eric WOERTH, Ministre du Budget, des Comptes publics, de la Fonction publique et de la R\u00e9forme de l&rsquo;Etat<\/a><\/strong><br \/>\n<\/span><\/span><span style=\"font-family: Arial,Helvetica,sans-serif; font-size: medium;\"><strong>14 d\u00e9cembre 2009 &#8211; <a href=\"..\/docs\/courrier_09-12-14_ErWoe_CNJU.pdf\" target=\"_blank\">R\u00e9ponse d&rsquo;Eric WOERTH, Ministre du Budget, des Comptes publics, de la Fonction publique et de la R\u00e9forme de l&rsquo;Etat<\/a><\/strong><em><br \/>\n<\/em><\/span><\/td>\n<\/tr>\n<tr>\n<td><\/td>\n<td><\/td>\n<td><\/td>\n<\/tr>\n<\/tbody>\n<\/table>\n<p><span style=\"font-family: Arial,Helvetica,sans-serif; font-size: medium;\"><strong>18 juillet 2009 &#8211; <a href=\"..\/docs\/courrier_JP-MG.pdf\" target=\"_blank\">Courrier d&rsquo;un \u00e9tudiant de Master en Urbanisme adress\u00e9 \u00e0 Jacques Domergue, Andr\u00e9 Vezinhet et Jean-Pierre Grand, d\u00e9put\u00e9s l&rsquo;H\u00e9rault, Maxime Gremetz et Gibert Mathon, d\u00e9put\u00e9s de la Somme<\/a><\/strong><em>.<\/em><\/span><\/p>\n<table border=\"0\" width=\"100%\">\n<tbody>\n<tr>\n<td width=\"100\"><\/td>\n<td><span style=\"font-family: Arial,Helvetica,sans-serif; font-size: medium;\"><strong>20 octobre 2009 &#8211; <a href=\"..\/actions#gm\">Question \u00e9crite de Gilbert MATHON, d\u00e9put\u00e9 de la Somme, \u00e0 Alain MARLEIX, secr\u00e9taire d&rsquo;Etat \u00e0 l&rsquo;Int\u00e9rieur et aux Collectivit\u00e9s Territoriales.<\/a><\/strong><br \/>\n<em><br \/>\n<\/em><\/span><\/td>\n<\/tr>\n<\/tbody>\n<\/table>\n<p><span style=\"font-family: Arial,Helvetica,sans-serif; font-size: medium;\"><strong>18 juillet 2009 &#8211; <a href=\"..\/docs\/courrier_B_DANEL_FD.pdf\" target=\"_blank\">Acc\u00e8s au concours d&rsquo;ing\u00e9nieur territorial sp\u00e9cialit\u00e9 \u00ab urbanisme \u00bb aux \u00e9tudiants dipl\u00f4m\u00e9s en sciences humaines et sociales.<\/a><\/strong><br \/>\nAuteur : <em>Baptiste DANEL, D\u00e9l\u00e9gu\u00e9 G\u00e9n\u00e9ral du Collectif National des Jeunes Urbanistes<\/em><br \/>\nDestinataire : <em>Fran\u00e7ois DELUGA, pr\u00e9sident du CNFPT<\/em><br \/>\nCopies :<em> Administrateurs des organes de gestion de la fonction publique territoriale<\/em><\/span><\/p>\n<table border=\"0\" width=\"100%\">\n<tbody>\n<tr>\n<td width=\"100\"><\/td>\n<td><span style=\"font-family: Arial,Helvetica,sans-serif; font-size: medium;\"><span style=\"font-family: Arial,Helvetica,sans-serif; font-size: medium;\"><strong>21 ao\u00fbt 2009 &#8211; <a href=\"..\/docs\/courrier_CNFPT_BD.pdf\" target=\"_blank\">R\u00e9ponse de Fran\u00e7ois DELUGA au courrier du 18 juillet de Baptiste DANEL<\/a><\/strong><br \/>\n<em><br \/>\n<\/em><\/span><\/span><span style=\"font-family: Arial,Helvetica,sans-serif; font-size: medium;\"><strong>05 octobre 2009 &#8211; <a href=\"..\/docs\/courrier_F_DELUGA_BD.pdf\" target=\"_blank\">R\u00e9ponse de Fran\u00e7ois DELUGA au courrier du 18 juillet de Baptiste DANEL<\/a><\/strong><br \/>\n<em><br \/>\n<\/em><\/span><\/td>\n<\/tr>\n<\/tbody>\n<\/table>\n<p><span style=\"font-family: Arial,Helvetica,sans-serif; font-size: medium;\"><strong>19 juin 2009 &#8211; <a href=\"..\/docs\/courrier_lettre_a_ceux_qui_veulent_agir_sur_leur_territoire.pdf\" target=\"_blank\">Lettre \u00e0 ceux qui veulent agir sur leur territoire<\/a><\/strong><br \/>\nAuteurs : <em>Associations G\u00e9oarchi (Brest), Urba+ (Institut d\u2019Urbanisme de Paris) et Urba&amp;Orbi (Institut d\u2019Urbanisme de Lyon)<\/em><br \/>\nDestinataire : <em>Services du CNFPT<\/em><\/span><\/p>\n<p><span style=\"font-family: Arial,Helvetica,sans-serif; font-size: medium;\"><strong>Juin 2009 &#8211; <a href=\"..\/docs\/declaration_IUAR.pdf\" target=\"_blank\">Les \u00e9tudiants de l\u2019Institut d&rsquo;Urbanisme et d&rsquo;Am\u00e9nagement R\u00e9gional d\u2019Aix-en-Provence se mobilisent face au probl\u00e8me de l&rsquo;acc\u00e8s \u00e0 la fonction publique territoriale<\/a><\/strong><br \/>\n<em><br \/>\n<\/em><\/span><\/p>\n<p>&nbsp;<\/p>\n<p><span style=\"font-family: Arial,Helvetica,sans-serif; font-size: medium;\"><strong>LES TRIBUNES<\/strong><br \/>\n<\/span><\/p>\n<p><strong>25 octobre 2011 &#8211; <a>Non, le concours d&rsquo;ing\u00e9nieur territorial n&rsquo;est pas (encore) rouvert aux urbanistes !<\/a><\/strong><\/p>\n<p><strong><a href=\"http:\/\/www.urbanisme.fr\/issue\/magazine.php?code=369&amp;section=AGORA\" onclick=\"__gaTracker('send', 'event', 'outbound-article', 'http:\/\/www.urbanisme.fr\/issue\/magazine.php?code=369&amp;section=AGORA', 'Novembre-d\u00e9cembre 2009 &#8211; \u00ab\u00a0Une discrimination qui doit cesser\u00a0\u00bb, in Urbanisme (n\u00b0369).');\" target=\"_blank\">Novembre-d\u00e9cembre 2009 &#8211; \u00ab\u00a0Une discrimination qui doit cesser\u00a0\u00bb, in <em>Urbanisme<\/em> (n\u00b0369).<\/a><\/strong><\/p>\n<p>&nbsp;<\/p>\n","protected":false},"excerpt":{"rendered":"<p>Depuis sa constitution, le Collectif National des Jeunes Urbanistes (CNJU) a mobilis\u00e9 toutes les composantes de la profession pour d\u00e9noncer la d\u00e9gradation des conditions d&rsquo;acc\u00e8s&#8230;<\/p>\n","protected":false},"author":1,"featured_media":0,"parent":9,"menu_order":1,"comment_status":"closed","ping_status":"closed","template":"","meta":{"jetpack_post_was_ever_published":false,"footnotes":""},"jetpack_sharing_enabled":true,"_links":{"self":[{"href":"http:\/\/www.jeunes-urbanistes.fr\/index.php?rest_route=\/wp\/v2\/pages\/87"}],"collection":[{"href":"http:\/\/www.jeunes-urbanistes.fr\/index.php?rest_route=\/wp\/v2\/pages"}],"about":[{"href":"http:\/\/www.jeunes-urbanistes.fr\/index.php?rest_route=\/wp\/v2\/types\/page"}],"author":[{"embeddable":true,"href":"http:\/\/www.jeunes-urbanistes.fr\/index.php?rest_route=\/wp\/v2\/users\/1"}],"replies":[{"embeddable":true,"href":"http:\/\/www.jeunes-urbanistes.fr\/index.php?rest_route=%2Fwp%2Fv2%2Fcomments&post=87"}],"version-history":[{"count":39,"href":"http:\/\/www.jeunes-urbanistes.fr\/index.php?rest_route=\/wp\/v2\/pages\/87\/revisions"}],"predecessor-version":[{"id":3268,"href":"http:\/\/www.jeunes-urbanistes.fr\/index.php?rest_route=\/wp\/v2\/pages\/87\/revisions\/3268"}],"up":[{"embeddable":true,"href":"http:\/\/www.jeunes-urbanistes.fr\/index.php?rest_route=\/wp\/v2\/pages\/9"}],"wp:attachment":[{"href":"http:\/\/www.jeunes-urbanistes.fr\/index.php?rest_route=%2Fwp%2Fv2%2Fmedia&parent=87"}],"curies":[{"name":"wp","href":"https:\/\/api.w.org\/{rel}","templated":true}]}}