{"id":93,"date":"2011-02-17T11:29:25","date_gmt":"2011-02-17T11:29:25","guid":{"rendered":"http:\/\/www.jeunes-urbanistes.fr\/?page_id=93"},"modified":"2014-05-20T16:35:07","modified_gmt":"2014-05-20T14:35:07","slug":"associations-professionnelles","status":"publish","type":"page","link":"http:\/\/www.jeunes-urbanistes.fr\/?page_id=93","title":{"rendered":"mobilisation des associations professionnelles (2009)"},"content":{"rendered":"<p><span style=\"font-family: Arial,Helvetica,sans-serif; font-size: medium;\">En 2009, les actions du CNJU ont rencontr\u00e9 le soutien de l&rsquo;ensemble des associations professionnelles de l&rsquo;urbanisme.<br \/>\n<\/span><\/p>\n<p style=\"text-align: left;\"><strong><span style=\"font-family: Arial,Helvetica,sans-serif; font-size: medium;\">Association pour la Promotion de l&rsquo;Enseignement et de la Recherche en Am\u00e9nagement et Urbanisme (<a href=\"http:\/\/www.aperau.org\" onclick=\"__gaTracker('send', 'event', 'outbound-article', 'http:\/\/www.aperau.org', 'APERAU');\" target=\"_blank\">APERAU<\/a>)<\/span><\/strong><\/p>\n<blockquote><p><span style=\"font-family: Arial,Helvetica,sans-serif; font-size: medium;\">27 mai 2009 &#8211; <a href=\"..\/docs\/courrier_responsables_enseignants_formations_urbanisme.pdf\" target=\"_blank\">Message aux responsables et enseignants des formations professionnelles (Master) en am\u00e9nagement et urbanisme<\/a> ;<\/span><\/p>\n<p><span style=\"font-family: Arial,Helvetica,sans-serif; font-size: medium;\">27 mai 2009 &#8211; <a href=\"..\/docs\/courrier_etudiants_urbanisme_et_anciens.pdf\" target=\"_blank\">Message aux \u00e9tudiants de Master et anciens \u00e9tudiants<\/a>.<\/span><\/p><\/blockquote>\n<p>&nbsp;<\/p>\n<p><strong><span style=\"font-family: Arial,Helvetica,sans-serif; font-size: medium;\">Conseil Fran\u00e7ais des Urbanistes (<a href=\"http:\/\/www.cfdu.org\" onclick=\"__gaTracker('send', 'event', 'outbound-article', 'http:\/\/www.cfdu.org', 'CFDU');\" target=\"_blank\">CFDU<\/a>)<\/span><\/strong><\/p>\n<blockquote><p><span style=\"font-family: Arial,Helvetica,sans-serif; font-size: medium;\">5 novembre 2009 &#8211; <a href=\"..\/docs\/compresse_CFDU_09-11-05.pdf\" target=\"_blank\">Communiqu\u00e9 de presse<\/a> ;<\/span><\/p>\n<p><span style=\"font-family: Arial,Helvetica,sans-serif; font-size: medium;\">24 mars 2009 &#8211; <a href=\"..\/docs\/courrier_F_CUILLIER_AR.pdf\" target=\"_blank\">Acc\u00e8s des jeunes urbanistes au concours d&rsquo;ing\u00e9nieur territorial<\/a>.<\/span><\/p><\/blockquote>\n<p>&nbsp;<\/p>\n<p><strong><span style=\"font-family: Arial,Helvetica,sans-serif; font-size: medium;\">Soci\u00e9t\u00e9 Fran\u00e7aise des Urbanistes (<a href=\"http:\/\/www.urbanistes.com\" onclick=\"__gaTracker('send', 'event', 'outbound-article', 'http:\/\/www.urbanistes.com', 'SFU');\" target=\"_blank\">SFU<\/a>)<\/span><\/strong><\/p>\n<blockquote><p><span style=\"font-family: Arial,Helvetica,sans-serif; font-size: medium;\">22 octobre 2009 &#8211; <a href=\"http:\/\/www.urbanistes.com\/\" onclick=\"__gaTracker('send', 'event', 'outbound-article', 'http:\/\/www.urbanistes.com\/', 'Communiqu\u00e9 de presse');\" target=\"_blank\">Communiqu\u00e9 de presse<\/a> ;<\/span><\/p>\n<p><span style=\"font-family: Arial,Helvetica,sans-serif; font-size: medium;\">22 mars 2009 &#8211;\u00a0<a href=\"..\/docs\/courrier_JP_GAUTRY_AR.pdf\" target=\"_blank\">Courrier \u00e0 Andr\u00e9 Rossinot, pr\u00e9sident du CNFPT \/ Acc\u00e8s des jeunes urbanistes au concours d&rsquo;ing\u00e9nieur territorial<\/a><\/span><\/p>\n<p><span style=\"font-family: Arial,Helvetica,sans-serif; font-size: medium;\">25 avril 2009 &#8211; <a href=\"..\/docs\/courrier_JP_GAUTRY_FD.pdf\" target=\"_blank\">Courrier \u00e0 Fran\u00e7ois Deluga, pr\u00e9sident du CNFPT \/ Acc\u00e8s des jeunes urbanistes au concours d&rsquo;ing\u00e9nieur territorial<\/a> ;<\/span><\/p>\n<p><span style=\"font-family: Arial,Helvetica,sans-serif; font-size: medium;\">23 mars 2009 &#8211; <a href=\"..\/docs\/compresse_SFU.pdf\" target=\"_blank\">Communiqu\u00e9 de presse : Acc\u00e8s des jeunes urbanistes au concours d&rsquo;ing\u00e9nieur territorial devient probl\u00e9matique<\/a>.<\/span><\/p><\/blockquote>\n<p>&nbsp;<\/p>\n<p><strong><span style=\"font-family: Arial,Helvetica,sans-serif; font-size: medium;\">Urbanistes des Territoires (<a href=\"http:\/\/www.urbanistesdesterritoires.com\" onclick=\"__gaTracker('send', 'event', 'outbound-article', 'http:\/\/www.urbanistesdesterritoires.com', 'UT');\" target=\"_blank\">UT<\/a>)<\/span><\/strong><\/p>\n<blockquote><p><span style=\"font-family: Arial,Helvetica,sans-serif; font-size: medium;\">5 avril 2010 &#8211; <a href=\"..\/docs\/20100405_UT_position1.pdf\" target=\"_blank\">Urbanistes des territoires : une profession menac\u00e9e<\/a> ;<\/span><\/p>\n<p><span style=\"font-family: Arial,Helvetica,sans-serif; font-size: medium;\">9 juin 2010 &#8211; <a href=\"..\/docs\/20100609_UT_position2.pdf\" target=\"_blank\">Approche technique contre pluridisciplinarit\u00e9<\/a> ;<\/span><\/p>\n<p><span style=\"font-family: Arial,Helvetica,sans-serif; font-size: medium;\">11 juin 2010- <a href=\"..\/docs\/20100611_UT_position3.pdf\" target=\"_blank\">R\u00e9ponse \u00e0 M. Jacques PELISSARD, Pr\u00e9sident de l&rsquo;Association des Maires de France<\/a> ;<\/span><\/p>\n<p><span style=\"font-family: Arial,Helvetica,sans-serif; font-size: medium;\">9 ao\u00fbt 2010 &#8211; <a href=\"..\/docs\/2010009_UT_position4.pdf\" target=\"_blank\">Une n\u00e9cessaire synth\u00e8se des m\u00e9tiers de la ville<\/a> ;<\/span><\/p>\n<p><span style=\"font-family: Arial,Helvetica,sans-serif; font-size: medium;\">9 novembre 2009 &#8211; <a href=\"..\/docs\/UT_CP091109.pdf\" target=\"_blank\">Communiqu\u00e9 de presse<\/a><\/span><span style=\"font-family: Arial,Helvetica,sans-serif; color: #666666; font-size: medium;\"> ;<\/span><\/p>\n<p><span style=\"font-family: Arial,Helvetica,sans-serif; font-size: medium;\">9 novembre 2009 &#8211; <a href=\"..\/docs\/UT_demarche_vers_Etats_Generaux.pdf\" target=\"_blank\">Une d\u00e9marche vers des \u00c9tats G\u00e9n\u00e9raux de l\u2019Urbanisme dans les Collectivit\u00e9s Territoriales<\/a><\/span><span style=\"font-family: Arial,Helvetica,sans-serif; color: #666666; font-size: medium;\"> ;<\/span><\/p>\n<p><span style=\"font-family: Arial,Helvetica,sans-serif; font-size: medium;\">9 novembre 2009 &#8211; <a href=\"..\/docs\/UT_concours-position-JCM.pdf\" target=\"_blank\">De la place des urbanistes dans les collectivit\u00e9s territoriales. Un plaidoyer concert.<\/a> ;<\/span><\/p>\n<p><span style=\"font-family: Arial,Helvetica,sans-serif; font-size: medium;\">28 octobre 2009 &#8211; <a href=\"..\/docs\/UT_CR-CA-09-10-08.pdf\" target=\"_blank\">Extrait du compte-rendu du Conseil d&rsquo;Administration du 8 octobre 2009<\/a> ;<\/span><\/p>\n<p><span style=\"font-family: Arial,Helvetica,sans-serif; font-size: medium;\">10 juin 2009 &#8211; <a href=\"..\/docs\/UT_position_CIT.pdf\" target=\"_blank\">Note sur la position d&rsquo;Urbanistes des Territoires sur la remise en cause de l&rsquo;acc\u00e8s au concours d&rsquo;ing\u00e9nieur territorial<\/a><\/span><span style=\"font-family: Arial,Helvetica,sans-serif; font-size: medium;\"> ;<\/span><\/p>\n<p>&nbsp;<\/p><\/blockquote>\n<p><strong><span style=\"font-family: Arial,Helvetica,sans-serif; font-size: medium;\">Club des ma\u00eetres d&rsquo;ouvrage des SCOT (F\u00e9d\u00e9ration nationale des SCOT)\u00a0<a href=\"mailto:clubdesscot@yahoo.fr\" target=\"_blank\"><br \/>\n<\/a><\/span><\/strong><\/p>\n<blockquote><p><span style=\"font-family: Arial,Helvetica,sans-serif; font-size: medium;\">18 novembre 2009 &#8211; <a href=\"..\/docs\/courrier_C_LE-JEUNE_VP-EW-AM.pdf\" target=\"_blank\">Soutien du Club des SCoT au Collectif National des Jeunes Urbanistes pour le maintien de l&rsquo;acc\u00e8s au concours d&rsquo;ing\u00e9nieur territorial des dipl\u00f4m\u00e9s universitaires en urbanisme<\/a>.<\/span><\/p><\/blockquote>\n<p><strong><span style=\"font-family: Arial,Helvetica,sans-serif; font-size: medium;\">\u00a0<\/span><\/strong><\/p>\n","protected":false},"excerpt":{"rendered":"<p>En 2009, les actions du CNJU ont rencontr\u00e9 le soutien de l&rsquo;ensemble des associations professionnelles de l&rsquo;urbanisme. Association pour la Promotion de l&rsquo;Enseignement et de&#8230;<\/p>\n","protected":false},"author":1,"featured_media":0,"parent":9,"menu_order":2,"comment_status":"closed","ping_status":"closed","template":"","meta":{"jetpack_post_was_ever_published":false,"footnotes":""},"jetpack_sharing_enabled":true,"_links":{"self":[{"href":"http:\/\/www.jeunes-urbanistes.fr\/index.php?rest_route=\/wp\/v2\/pages\/93"}],"collection":[{"href":"http:\/\/www.jeunes-urbanistes.fr\/index.php?rest_route=\/wp\/v2\/pages"}],"about":[{"href":"http:\/\/www.jeunes-urbanistes.fr\/index.php?rest_route=\/wp\/v2\/types\/page"}],"author":[{"embeddable":true,"href":"http:\/\/www.jeunes-urbanistes.fr\/index.php?rest_route=\/wp\/v2\/users\/1"}],"replies":[{"embeddable":true,"href":"http:\/\/www.jeunes-urbanistes.fr\/index.php?rest_route=%2Fwp%2Fv2%2Fcomments&post=93"}],"version-history":[{"count":15,"href":"http:\/\/www.jeunes-urbanistes.fr\/index.php?rest_route=\/wp\/v2\/pages\/93\/revisions"}],"predecessor-version":[{"id":2505,"href":"http:\/\/www.jeunes-urbanistes.fr\/index.php?rest_route=\/wp\/v2\/pages\/93\/revisions\/2505"}],"up":[{"embeddable":true,"href":"http:\/\/www.jeunes-urbanistes.fr\/index.php?rest_route=\/wp\/v2\/pages\/9"}],"wp:attachment":[{"href":"http:\/\/www.jeunes-urbanistes.fr\/index.php?rest_route=%2Fwp%2Fv2%2Fmedia&parent=93"}],"curies":[{"name":"wp","href":"https:\/\/api.w.org\/{rel}","templated":true}]}}