{"id":931,"date":"2012-03-03T17:45:50","date_gmt":"2012-03-03T17:45:50","guid":{"rendered":"http:\/\/www.jeunes-urbanistes.fr\/?page_id=931"},"modified":"2017-11-16T23:08:36","modified_gmt":"2017-11-16T21:08:36","slug":"commission-formations-et-insertion-professionnelle","status":"publish","type":"page","link":"http:\/\/www.jeunes-urbanistes.fr\/?page_id=931","title":{"rendered":"Conseil \u00e0 l&rsquo;orientation professionnelle"},"content":{"rendered":"<p style=\"text-align: justify;\"><span style=\"font-family: Arial,Helvetica,sans-serif; font-size: medium;\">Dans le cadre de l&rsquo;offre de services d\u00e9livr\u00e9e \u00e0 ses adh\u00e9rents, le CNJU a mis en place une permanence d&rsquo;accueil et d&rsquo;orientation \u00e0 destination des jeunes dipl\u00f4m\u00e9s en urbanisme. Cette permanence du CNJU permet d&rsquo;apporter aux jeunes urbanistes un conseil personnalis\u00e9 et des informations cl\u00e9s pour la phase de prospection dans le cadre de leur \u00e9volution professionnelle. <\/span><\/p>\n<p style=\"text-align: justify;\"><span style=\"font-family: Arial,Helvetica,sans-serif; font-size: medium;\"><strong>Selon les cas, deux types de services \u00e0 l&rsquo;orientation professionnelle pourront \u00eatre apport\u00e9s :<\/strong> <\/span><\/p>\n<ul>\n<li><span style=\"font-family: Arial, Helvetica, sans-serif; font-size: medium; text-align: justify;\"><strong>Un appui \u00e0 la prospection-recherche d&#8217;emploi et un conseil personnalis\u00e9 pour les jeunes urbanistes dipl\u00f4m\u00e9s<\/strong> (avis sur le CV et lettres de motivation, m\u00e9thode de prospection) ;<\/span><\/li>\n<\/ul>\n<ul>\n<li><span style=\"font-family: Arial, Helvetica, sans-serif; font-size: medium; text-align: justify;\"><strong>Un conseil personnalis\u00e9 \u00e0 l&rsquo;\u00e9volution professionnelle pour les jeunes urbanistes salari\u00e9s\u00a0<\/strong>(entretien t\u00e9l\u00e9phonique, appui \u00e0 la r\u00e9alisation d&rsquo;un premier bilan de comp\u00e9tences, coaching et mise en r\u00e9seau \u00e9ventuelle).<\/span><\/li>\n<\/ul>\n<p style=\"text-align: justify;\"><span style=\"font-family: Arial, Helvetica, sans-serif; font-size: medium;\">Nos adh\u00e9rents peuvent adresser leur demande de conseil \u00e0 <strong>cnju@cnju.fr<\/strong> <\/span><\/p>\n<p style=\"text-align: justify;\"><em>Nota bene : Notre conseil \u00e0 l&rsquo;orientation professionnelle est r\u00e9serv\u00e9 \u00e0 nos seuls adh\u00e9rents <span style=\"text-decoration: underline;\">dipl\u00f4m\u00e9s<\/span>, l&rsquo;orientation et l&rsquo;insertion professionnelles des \u00e9tudiants (en cursus de formation) incombant l\u00e9galement aux \u00e9tablissements d&rsquo;enseignement sup\u00e9rieur.\u00a0<\/em><\/p>\n<p style=\"text-align: justify;\"><a href=\"http:\/\/www.jeunes-urbanistes.fr\/?page_id=78\" target=\"_blank\"><strong><span style=\"font-family: Arial, Helvetica, sans-serif; font-size: medium;\">Voir les modalit\u00e9s d&rsquo;adh\u00e9sion au CNJU<\/span><\/strong><\/a><\/p>\n<p><a href=\"http:\/\/www.jeunes-urbanistes.fr\/?page_id=378\"><strong><span style=\"font-family: Arial, Helvetica, sans-serif; font-size: medium;\">Retrouver l&rsquo;ensemble des actions de la commission Formation et insertion professionnelle du CNJU\u00a0<\/span><\/strong><\/a><\/p>\n<p>&nbsp;<\/p>\n","protected":false},"excerpt":{"rendered":"<p>Dans le cadre de l&rsquo;offre de services d\u00e9livr\u00e9e \u00e0 ses adh\u00e9rents, le CNJU a mis en place une permanence d&rsquo;accueil et d&rsquo;orientation \u00e0 destination des&#8230;<\/p>\n","protected":false},"author":1,"featured_media":0,"parent":27,"menu_order":0,"comment_status":"closed","ping_status":"closed","template":"","meta":{"jetpack_post_was_ever_published":false,"footnotes":""},"jetpack_sharing_enabled":true,"_links":{"self":[{"href":"http:\/\/www.jeunes-urbanistes.fr\/index.php?rest_route=\/wp\/v2\/pages\/931"}],"collection":[{"href":"http:\/\/www.jeunes-urbanistes.fr\/index.php?rest_route=\/wp\/v2\/pages"}],"about":[{"href":"http:\/\/www.jeunes-urbanistes.fr\/index.php?rest_route=\/wp\/v2\/types\/page"}],"author":[{"embeddable":true,"href":"http:\/\/www.jeunes-urbanistes.fr\/index.php?rest_route=\/wp\/v2\/users\/1"}],"replies":[{"embeddable":true,"href":"http:\/\/www.jeunes-urbanistes.fr\/index.php?rest_route=%2Fwp%2Fv2%2Fcomments&post=931"}],"version-history":[{"count":26,"href":"http:\/\/www.jeunes-urbanistes.fr\/index.php?rest_route=\/wp\/v2\/pages\/931\/revisions"}],"predecessor-version":[{"id":3667,"href":"http:\/\/www.jeunes-urbanistes.fr\/index.php?rest_route=\/wp\/v2\/pages\/931\/revisions\/3667"}],"up":[{"embeddable":true,"href":"http:\/\/www.jeunes-urbanistes.fr\/index.php?rest_route=\/wp\/v2\/pages\/27"}],"wp:attachment":[{"href":"http:\/\/www.jeunes-urbanistes.fr\/index.php?rest_route=%2Fwp%2Fv2%2Fmedia&parent=931"}],"curies":[{"name":"wp","href":"https:\/\/api.w.org\/{rel}","templated":true}]}}